{"id":8934,"date":"2015-11-04T13:01:53","date_gmt":"2015-11-04T13:01:53","guid":{"rendered":"https:\/\/bice.org\/fr\/?page_id=8934"},"modified":"2025-11-14T08:54:05","modified_gmt":"2025-11-14T07:54:05","slug":"organisation","status":"publish","type":"page","link":"https:\/\/bice.org\/fr\/le-bice\/organisation\/","title":{"rendered":"Notre organisation"},"content":{"rendered":"","protected":false},"excerpt":{"rendered":"<p>Le BICE est une association \u00e0 but non lucratif de droit fran\u00e7ais (loi de 1901). Nos bureaux sont situ\u00e9s \u00e0 Paris et Gen\u00e8ve. L&#8217;Association est r\u00e9gie par les statuts en vigueur, adopt\u00e9s en 2025. Des amendements peuvent \u00eatre propos\u00e9s par le Conseil d&#8217;administration, qui veille \u00e0 la mise en \u0153uvre des orientations du BICE adopt\u00e9es par l&#8217;Assembl\u00e9e g\u00e9n\u00e9rale.<\/p>\n","protected":false},"author":1,"featured_media":58150,"parent":8898,"menu_order":4,"comment_status":"closed","ping_status":"closed","template":"views\/page-node.blade.php","meta":{"_acf_changed":false,"footnotes":""},"class_list":["post-8934","page","type-page","status-publish","has-post-thumbnail","hentry"],"acf":[],"yoast_head":"<!-- This site is optimized with the Yoast SEO plugin v27.2 - https:\/\/yoast.com\/product\/yoast-seo-wordpress\/ -->\n<title>Notre organisation - BICE - ONG de protection des droits de l&#039;enfant<\/title>\n<meta name=\"robots\" content=\"index, follow, max-snippet:-1, max-image-preview:large, max-video-preview:-1\" \/>\n<link rel=\"canonical\" href=\"https:\/\/bice.org\/fr\/wp-json\/wp\/v2\/pages\/8934\" \/>\n<meta property=\"og:locale\" content=\"fr_FR\" \/>\n<meta property=\"og:type\" content=\"article\" \/>\n<meta property=\"og:title\" content=\"Notre organisation - BICE - ONG de protection des droits de l&#039;enfant\" \/>\n<meta property=\"og:description\" content=\"Le BICE est une association \u00e0 but non lucratif de droit fran\u00e7ais (loi de 1901). Nos bureaux sont situ\u00e9s \u00e0 Paris et Gen\u00e8ve. L&#039;Association est r\u00e9gie par les statuts en vigueur, adopt\u00e9s en 2025. Des amendements peuvent \u00eatre propos\u00e9s par le Conseil d&#039;administration, qui veille \u00e0 la mise en \u0153uvre des orientations du BICE adopt\u00e9es par l&#039;Assembl\u00e9e g\u00e9n\u00e9rale.\" \/>\n<meta property=\"og:url\" content=\"https:\/\/bice.org\/fr\/le-bice\/organisation\/\" \/>\n<meta property=\"og:site_name\" content=\"BICE - ONG de protection des droits de l&#039;enfant\" \/>\n<meta property=\"article:modified_time\" content=\"2025-11-14T07:54:05+00:00\" \/>\n<meta property=\"og:image\" content=\"https:\/\/i0.wp.com\/bice.org\/app\/uploads\/2021\/04\/TL_biceabidjan_070612_8899-scaled-e1676448084756.jpg?fit=1600%2C928&ssl=1\" \/>\n\t<meta property=\"og:image:width\" content=\"1600\" \/>\n\t<meta property=\"og:image:height\" content=\"928\" \/>\n\t<meta property=\"og:image:type\" content=\"image\/jpeg\" \/>\n<meta name=\"twitter:card\" content=\"summary_large_image\" \/>\n<!-- \/ Yoast SEO plugin. -->","yoast_head_json":{"title":"Notre organisation - BICE - ONG de protection des droits de l&#039;enfant","robots":{"index":"index","follow":"follow","max-snippet":"max-snippet:-1","max-image-preview":"max-image-preview:large","max-video-preview":"max-video-preview:-1"},"canonical":"https:\/\/bice.org\/fr\/wp-json\/wp\/v2\/pages\/8934","og_locale":"fr_FR","og_type":"article","og_title":"Notre organisation - BICE - ONG de protection des droits de l&#039;enfant","og_description":"Le BICE est une association \u00e0 but non lucratif de droit fran\u00e7ais (loi de 1901). Nos bureaux sont situ\u00e9s \u00e0 Paris et Gen\u00e8ve. L'Association est r\u00e9gie par les statuts en vigueur, adopt\u00e9s en 2025. Des amendements peuvent \u00eatre propos\u00e9s par le Conseil d'administration, qui veille \u00e0 la mise en \u0153uvre des orientations du BICE adopt\u00e9es par l'Assembl\u00e9e g\u00e9n\u00e9rale.","og_url":"https:\/\/bice.org\/fr\/le-bice\/organisation\/","og_site_name":"BICE - ONG de protection des droits de l&#039;enfant","article_modified_time":"2025-11-14T07:54:05+00:00","og_image":[{"width":1600,"height":928,"url":"https:\/\/i0.wp.com\/bice.org\/app\/uploads\/2021\/04\/TL_biceabidjan_070612_8899-scaled-e1676448084756.jpg?fit=1600%2C928&ssl=1","type":"image\/jpeg"}],"twitter_card":"summary_large_image","schema":{"@context":"https:\/\/schema.org","@graph":[{"@type":"WebPage","@id":"https:\/\/bice.org\/fr\/le-bice\/organisation\/","url":"https:\/\/bice.org\/fr\/le-bice\/organisation\/","name":"Notre organisation - BICE - ONG de protection des droits de l&#039;enfant","isPartOf":{"@id":"https:\/\/bice.org\/fr\/#website"},"primaryImageOfPage":{"@id":"https:\/\/bice.org\/fr\/le-bice\/organisation\/#primaryimage"},"image":{"@id":"https:\/\/bice.org\/fr\/le-bice\/organisation\/#primaryimage"},"thumbnailUrl":"https:\/\/i0.wp.com\/bice.org\/app\/uploads\/2021\/04\/TL_biceabidjan_070612_8899-scaled-e1676448084756.jpg?fit=1600%2C928&ssl=1","datePublished":"2015-11-04T13:01:53+00:00","dateModified":"2025-11-14T07:54:05+00:00","breadcrumb":{"@id":"https:\/\/bice.org\/fr\/le-bice\/organisation\/#breadcrumb"},"inLanguage":"fr-FR","potentialAction":[{"@type":"ReadAction","target":["https:\/\/bice.org\/fr\/le-bice\/organisation\/"]}]},{"@type":"ImageObject","inLanguage":"fr-FR","@id":"https:\/\/bice.org\/fr\/le-bice\/organisation\/#primaryimage","url":"https:\/\/i0.wp.com\/bice.org\/app\/uploads\/2021\/04\/TL_biceabidjan_070612_8899-scaled-e1676448084756.jpg?fit=1600%2C928&ssl=1","contentUrl":"https:\/\/i0.wp.com\/bice.org\/app\/uploads\/2021\/04\/TL_biceabidjan_070612_8899-scaled-e1676448084756.jpg?fit=1600%2C928&ssl=1","width":1600,"height":928,"caption":"\u00a9 T. Louapre"},{"@type":"BreadcrumbList","@id":"https:\/\/bice.org\/fr\/le-bice\/organisation\/#breadcrumb","itemListElement":[{"@type":"ListItem","position":1,"name":"Accueil","item":"https:\/\/bice.org\/fr\/"},{"@type":"ListItem","position":2,"name":"Le BICE, une ONG de protection des droits de l&#8217;enfant","item":"https:\/\/bice.org\/fr\/le-bice\/"},{"@type":"ListItem","position":3,"name":"Notre organisation"}]},{"@type":"WebSite","@id":"https:\/\/bice.org\/fr\/#website","url":"https:\/\/bice.org\/fr\/","name":"BICE - ONG de protection des droits de l&#039;enfant","description":"Notre mission : D\u00e9fendre les droits et la dignit\u00e9 des enfants partout dans le monde","publisher":{"@id":"https:\/\/bice.org\/fr\/#organization"},"potentialAction":[{"@type":"SearchAction","target":{"@type":"EntryPoint","urlTemplate":"https:\/\/bice.org\/fr\/?s={search_term_string}"},"query-input":{"@type":"PropertyValueSpecification","valueRequired":true,"valueName":"search_term_string"}}],"inLanguage":"fr-FR"},{"@type":"Organization","@id":"https:\/\/bice.org\/fr\/#organization","name":"BICE","url":"https:\/\/bice.org\/fr\/","logo":{"@type":"ImageObject","inLanguage":"fr-FR","@id":"https:\/\/bice.org\/fr\/#\/schema\/logo\/image\/","url":"https:\/\/bice.org\/app\/uploads\/2022\/06\/favicon.ico","contentUrl":"https:\/\/bice.org\/app\/uploads\/2022\/06\/favicon.ico","width":64,"height":64,"caption":"BICE"},"image":{"@id":"https:\/\/bice.org\/fr\/#\/schema\/logo\/image\/"}}]}},"jetpack_sharing_enabled":true,"_links":{"self":[{"href":"https:\/\/bice.org\/fr\/wp-json\/wp\/v2\/pages\/8934","targetHints":{"allow":["GET"]}}],"collection":[{"href":"https:\/\/bice.org\/fr\/wp-json\/wp\/v2\/pages"}],"about":[{"href":"https:\/\/bice.org\/fr\/wp-json\/wp\/v2\/types\/page"}],"author":[{"embeddable":true,"href":"https:\/\/bice.org\/fr\/wp-json\/wp\/v2\/users\/1"}],"replies":[{"embeddable":true,"href":"https:\/\/bice.org\/fr\/wp-json\/wp\/v2\/comments?post=8934"}],"version-history":[{"count":1,"href":"https:\/\/bice.org\/fr\/wp-json\/wp\/v2\/pages\/8934\/revisions"}],"predecessor-version":[{"id":314618,"href":"https:\/\/bice.org\/fr\/wp-json\/wp\/v2\/pages\/8934\/revisions\/314618"}],"up":[{"embeddable":true,"href":"https:\/\/bice.org\/fr\/wp-json\/wp\/v2\/pages\/8898"}],"wp:featuredmedia":[{"embeddable":true,"href":"https:\/\/bice.org\/fr\/wp-json\/wp\/v2\/media\/58150"}],"wp:attachment":[{"href":"https:\/\/bice.org\/fr\/wp-json\/wp\/v2\/media?parent=8934"}],"curies":[{"name":"wp","href":"https:\/\/api.w.org\/{rel}","templated":true}]}}