{"id":9294,"date":"2015-11-05T17:07:09","date_gmt":"2015-11-05T16:07:09","guid":{"rendered":"https:\/\/bice.org\/fr\/?page_id=9294"},"modified":"2024-07-11T10:43:44","modified_gmt":"2024-07-11T08:43:44","slug":"actualites","status":"publish","type":"page","link":"https:\/\/bice.org\/fr\/actualites\/","title":{"rendered":"Actualit\u00e9s du BICE"},"content":{"rendered":"\n<p>Retrouvez dans ces pages des informations sur les actions du BICE et de ses partenaires en direction des enfants dans plus de 30 pays sur 4 continents : lancement de projets, bilans, interviews des acteurs&#8230; Vous y d\u00e9couvrirez \u00e9galement des actualit\u00e9s en lien avec les droits de l&#8217;enfant dans le monde, des informations sur les pays dans lesquels le BICE intervient avec ses partenaires. Vous serez aussi inform\u00e9s des \u00e9v\u00e8nements initi\u00e9s par le BICE dans le cadre de sa mission de sensibilisation.<\/p>\n\n\n\n<p>Et pour \u00eatre s\u00fbrs que ces informations vous parviennent directement, <a href=\"https:\/\/bice.org\/fr\/actualites\/newsletter\/\">inscrivez vous \u00e0 notre newsletter<\/a>.<\/p>\n","protected":false},"excerpt":{"rendered":"<p>Les actualit\u00e9s li\u00e9es aux actions du BICE sur le terrain, publi\u00e9es sur le site et dans la revue &#8220;Enfants de partout&#8221;, sont \u00e0 d\u00e9couvrir ici. Ainsi que les temps forts de l&#8217;association.<\/p>\n","protected":false},"author":1,"featured_media":66257,"parent":0,"menu_order":0,"comment_status":"closed","ping_status":"closed","template":"views\/page-node.blade.php","meta":{"_acf_changed":false,"footnotes":""},"class_list":["post-9294","page","type-page","status-publish","has-post-thumbnail","hentry"],"acf":[],"yoast_head":"<!-- This site is optimized with the Yoast SEO plugin v27.2 - https:\/\/yoast.com\/product\/yoast-seo-wordpress\/ -->\n<title>Actualit\u00e9s et temps forts du BICE<\/title>\n<meta name=\"description\" content=\"Les actualit\u00e9s li\u00e9es aux actions du BICE sur le terrain, publi\u00e9es sur le site et dans la revue &quot;Enfants de partout&quot;, sont \u00e0 d\u00e9couvrir ici.\" \/>\n<meta name=\"robots\" content=\"index, follow, max-snippet:-1, max-image-preview:large, max-video-preview:-1\" \/>\n<link rel=\"canonical\" href=\"https:\/\/bice.org\/fr\/wp-json\/wp\/v2\/pages\/9294\" \/>\n<meta property=\"og:locale\" content=\"fr_FR\" \/>\n<meta property=\"og:type\" content=\"article\" \/>\n<meta property=\"og:title\" content=\"Actualit\u00e9s et temps forts du BICE\" \/>\n<meta property=\"og:description\" content=\"Les actualit\u00e9s li\u00e9es aux actions du BICE sur le terrain, publi\u00e9es sur le site et dans la revue &quot;Enfants de partout&quot;, sont \u00e0 d\u00e9couvrir ici.\" \/>\n<meta property=\"og:url\" content=\"https:\/\/bice.org\/fr\/actualites\/\" \/>\n<meta property=\"og:site_name\" content=\"BICE - ONG de protection des droits de l&#039;enfant\" \/>\n<meta property=\"article:modified_time\" content=\"2024-07-11T08:43:44+00:00\" \/>\n<meta property=\"og:image\" content=\"https:\/\/i0.wp.com\/bice.org\/app\/uploads\/2022\/01\/2.luttecontrepauvrete-e1641923641273.jpg?fit=1000%2C580&ssl=1\" \/>\n\t<meta property=\"og:image:width\" content=\"1000\" \/>\n\t<meta property=\"og:image:height\" content=\"580\" \/>\n\t<meta property=\"og:image:type\" content=\"image\/jpeg\" \/>\n<meta name=\"twitter:card\" content=\"summary_large_image\" \/>\n<meta name=\"twitter:label1\" content=\"Dur\u00e9e de lecture estim\u00e9e\" \/>\n\t<meta name=\"twitter:data1\" content=\"1 minute\" \/>\n<!-- \/ Yoast SEO plugin. -->","yoast_head_json":{"title":"Actualit\u00e9s et temps forts du BICE","description":"Les actualit\u00e9s li\u00e9es aux actions du BICE sur le terrain, publi\u00e9es sur le site et dans la revue \"Enfants de partout\", sont \u00e0 d\u00e9couvrir ici.","robots":{"index":"index","follow":"follow","max-snippet":"max-snippet:-1","max-image-preview":"max-image-preview:large","max-video-preview":"max-video-preview:-1"},"canonical":"https:\/\/bice.org\/fr\/wp-json\/wp\/v2\/pages\/9294","og_locale":"fr_FR","og_type":"article","og_title":"Actualit\u00e9s et temps forts du BICE","og_description":"Les actualit\u00e9s li\u00e9es aux actions du BICE sur le terrain, publi\u00e9es sur le site et dans la revue \"Enfants de partout\", sont \u00e0 d\u00e9couvrir ici.","og_url":"https:\/\/bice.org\/fr\/actualites\/","og_site_name":"BICE - ONG de protection des droits de l&#039;enfant","article_modified_time":"2024-07-11T08:43:44+00:00","og_image":[{"width":1000,"height":580,"url":"https:\/\/i0.wp.com\/bice.org\/app\/uploads\/2022\/01\/2.luttecontrepauvrete-e1641923641273.jpg?fit=1000%2C580&ssl=1","type":"image\/jpeg"}],"twitter_card":"summary_large_image","twitter_misc":{"Dur\u00e9e de lecture estim\u00e9e":"1 minute"},"schema":{"@context":"https:\/\/schema.org","@graph":[{"@type":"WebPage","@id":"https:\/\/bice.org\/fr\/actualites\/","url":"https:\/\/bice.org\/fr\/actualites\/","name":"Actualit\u00e9s et temps forts du BICE","isPartOf":{"@id":"https:\/\/bice.org\/fr\/#website"},"primaryImageOfPage":{"@id":"https:\/\/bice.org\/fr\/actualites\/#primaryimage"},"image":{"@id":"https:\/\/bice.org\/fr\/actualites\/#primaryimage"},"thumbnailUrl":"https:\/\/i0.wp.com\/bice.org\/app\/uploads\/2022\/01\/2.luttecontrepauvrete-e1641923641273.jpg?fit=1000%2C580&ssl=1","datePublished":"2015-11-05T16:07:09+00:00","dateModified":"2024-07-11T08:43:44+00:00","description":"Les actualit\u00e9s li\u00e9es aux actions du BICE sur le terrain, publi\u00e9es sur le site et dans la revue \"Enfants de partout\", sont \u00e0 d\u00e9couvrir ici.","breadcrumb":{"@id":"https:\/\/bice.org\/fr\/actualites\/#breadcrumb"},"inLanguage":"fr-FR","potentialAction":[{"@type":"ReadAction","target":["https:\/\/bice.org\/fr\/actualites\/"]}]},{"@type":"ImageObject","inLanguage":"fr-FR","@id":"https:\/\/bice.org\/fr\/actualites\/#primaryimage","url":"https:\/\/i0.wp.com\/bice.org\/app\/uploads\/2022\/01\/2.luttecontrepauvrete-e1641923641273.jpg?fit=1000%2C580&ssl=1","contentUrl":"https:\/\/i0.wp.com\/bice.org\/app\/uploads\/2022\/01\/2.luttecontrepauvrete-e1641923641273.jpg?fit=1000%2C580&ssl=1","width":1000,"height":580,"caption":"\u00a9 T. Louapre"},{"@type":"BreadcrumbList","@id":"https:\/\/bice.org\/fr\/actualites\/#breadcrumb","itemListElement":[{"@type":"ListItem","position":1,"name":"Accueil","item":"https:\/\/bice.org\/fr\/"},{"@type":"ListItem","position":2,"name":"Actualit\u00e9s du BICE"}]},{"@type":"WebSite","@id":"https:\/\/bice.org\/fr\/#website","url":"https:\/\/bice.org\/fr\/","name":"BICE - ONG de protection des droits de l&#039;enfant","description":"Notre mission : D\u00e9fendre les droits et la dignit\u00e9 des enfants partout dans le monde","publisher":{"@id":"https:\/\/bice.org\/fr\/#organization"},"potentialAction":[{"@type":"SearchAction","target":{"@type":"EntryPoint","urlTemplate":"https:\/\/bice.org\/fr\/?s={search_term_string}"},"query-input":{"@type":"PropertyValueSpecification","valueRequired":true,"valueName":"search_term_string"}}],"inLanguage":"fr-FR"},{"@type":"Organization","@id":"https:\/\/bice.org\/fr\/#organization","name":"BICE","url":"https:\/\/bice.org\/fr\/","logo":{"@type":"ImageObject","inLanguage":"fr-FR","@id":"https:\/\/bice.org\/fr\/#\/schema\/logo\/image\/","url":"https:\/\/bice.org\/app\/uploads\/2022\/06\/favicon.ico","contentUrl":"https:\/\/bice.org\/app\/uploads\/2022\/06\/favicon.ico","width":64,"height":64,"caption":"BICE"},"image":{"@id":"https:\/\/bice.org\/fr\/#\/schema\/logo\/image\/"}}]}},"jetpack_sharing_enabled":true,"_links":{"self":[{"href":"https:\/\/bice.org\/fr\/wp-json\/wp\/v2\/pages\/9294","targetHints":{"allow":["GET"]}}],"collection":[{"href":"https:\/\/bice.org\/fr\/wp-json\/wp\/v2\/pages"}],"about":[{"href":"https:\/\/bice.org\/fr\/wp-json\/wp\/v2\/types\/page"}],"author":[{"embeddable":true,"href":"https:\/\/bice.org\/fr\/wp-json\/wp\/v2\/users\/1"}],"replies":[{"embeddable":true,"href":"https:\/\/bice.org\/fr\/wp-json\/wp\/v2\/comments?post=9294"}],"version-history":[{"count":0,"href":"https:\/\/bice.org\/fr\/wp-json\/wp\/v2\/pages\/9294\/revisions"}],"wp:featuredmedia":[{"embeddable":true,"href":"https:\/\/bice.org\/fr\/wp-json\/wp\/v2\/media\/66257"}],"wp:attachment":[{"href":"https:\/\/bice.org\/fr\/wp-json\/wp\/v2\/media?parent=9294"}],"curies":[{"name":"wp","href":"https:\/\/api.w.org\/{rel}","templated":true}]}}