{"id":9376,"date":"2015-11-05T17:53:03","date_gmt":"2015-11-05T17:53:03","guid":{"rendered":"https:\/\/bice.org\/fr\/?page_id=9376"},"modified":"2024-09-11T14:13:41","modified_gmt":"2024-09-11T12:13:41","slug":"on-parle-de-nous","status":"publish","type":"page","link":"https:\/\/bice.org\/fr\/actualites\/on-parle-de-nous\/","title":{"rendered":"On parle de nous"},"content":{"rendered":"<p>Pour en savoir plus, contactez notre <a href=\"mailto:tiphaine.poidevin@bice.org\" target=\"_blank\" rel=\"noopener\">charg\u00e9e de communication \u2013 relations presse<\/a>.<\/p>\n","protected":false},"excerpt":{"rendered":"<p>Les actions de protection de l\u2019enfance du BICE font r\u00e9guli\u00e8rement l&#8217;objet d&#8217;articles et d&#8217;interviews dans les m\u00e9dias r\u00e9gionaux, nationaux et internationaux.<\/p>\n","protected":false},"author":1,"featured_media":66243,"parent":9294,"menu_order":8,"comment_status":"closed","ping_status":"closed","template":"views\/page-node.blade.php","meta":{"_acf_changed":false,"footnotes":""},"class_list":["post-9376","page","type-page","status-publish","has-post-thumbnail","hentry"],"acf":[],"yoast_head":"<!-- This site is optimized with the Yoast SEO plugin v27.2 - https:\/\/yoast.com\/product\/yoast-seo-wordpress\/ -->\n<title>Espace presse | Actualit\u00e9s | BICE<\/title>\n<meta name=\"description\" content=\"Espace presse du BICE\" \/>\n<meta name=\"robots\" content=\"index, follow, max-snippet:-1, max-image-preview:large, max-video-preview:-1\" \/>\n<link rel=\"canonical\" href=\"https:\/\/bice.org\/fr\/wp-json\/wp\/v2\/pages\/9376\" \/>\n<meta property=\"og:locale\" content=\"fr_FR\" \/>\n<meta property=\"og:type\" content=\"article\" \/>\n<meta property=\"og:title\" content=\"Espace presse | Actualit\u00e9s | BICE\" \/>\n<meta property=\"og:description\" content=\"Espace presse du BICE\" \/>\n<meta property=\"og:url\" content=\"https:\/\/bice.org\/fr\/actualites\/on-parle-de-nous\/\" \/>\n<meta property=\"og:site_name\" content=\"BICE - ONG de protection des droits de l&#039;enfant\" \/>\n<meta property=\"article:modified_time\" content=\"2024-09-11T12:13:41+00:00\" \/>\n<meta property=\"og:image\" content=\"https:\/\/i0.wp.com\/bice.org\/app\/uploads\/2022\/01\/journal.jpg?fit=1280%2C742&ssl=1\" \/>\n\t<meta property=\"og:image:width\" content=\"1280\" \/>\n\t<meta property=\"og:image:height\" content=\"742\" \/>\n\t<meta property=\"og:image:type\" content=\"image\/jpeg\" \/>\n<meta name=\"twitter:card\" content=\"summary_large_image\" \/>\n<meta name=\"twitter:label1\" content=\"Dur\u00e9e de lecture estim\u00e9e\" \/>\n\t<meta name=\"twitter:data1\" content=\"1 minute\" \/>\n<!-- \/ Yoast SEO plugin. -->","yoast_head_json":{"title":"Espace presse | Actualit\u00e9s | BICE","description":"Espace presse du BICE","robots":{"index":"index","follow":"follow","max-snippet":"max-snippet:-1","max-image-preview":"max-image-preview:large","max-video-preview":"max-video-preview:-1"},"canonical":"https:\/\/bice.org\/fr\/wp-json\/wp\/v2\/pages\/9376","og_locale":"fr_FR","og_type":"article","og_title":"Espace presse | Actualit\u00e9s | BICE","og_description":"Espace presse du BICE","og_url":"https:\/\/bice.org\/fr\/actualites\/on-parle-de-nous\/","og_site_name":"BICE - ONG de protection des droits de l&#039;enfant","article_modified_time":"2024-09-11T12:13:41+00:00","og_image":[{"width":1280,"height":742,"url":"https:\/\/i0.wp.com\/bice.org\/app\/uploads\/2022\/01\/journal.jpg?fit=1280%2C742&ssl=1","type":"image\/jpeg"}],"twitter_card":"summary_large_image","twitter_misc":{"Dur\u00e9e de lecture estim\u00e9e":"1 minute"},"schema":{"@context":"https:\/\/schema.org","@graph":[{"@type":"WebPage","@id":"https:\/\/bice.org\/fr\/actualites\/on-parle-de-nous\/","url":"https:\/\/bice.org\/fr\/actualites\/on-parle-de-nous\/","name":"Espace presse | Actualit\u00e9s | BICE","isPartOf":{"@id":"https:\/\/bice.org\/fr\/#website"},"primaryImageOfPage":{"@id":"https:\/\/bice.org\/fr\/actualites\/on-parle-de-nous\/#primaryimage"},"image":{"@id":"https:\/\/bice.org\/fr\/actualites\/on-parle-de-nous\/#primaryimage"},"thumbnailUrl":"https:\/\/i0.wp.com\/bice.org\/app\/uploads\/2022\/01\/journal.jpg?fit=1280%2C742&ssl=1","datePublished":"2015-11-05T17:53:03+00:00","dateModified":"2024-09-11T12:13:41+00:00","description":"Espace presse du BICE","breadcrumb":{"@id":"https:\/\/bice.org\/fr\/actualites\/on-parle-de-nous\/#breadcrumb"},"inLanguage":"fr-FR","potentialAction":[{"@type":"ReadAction","target":["https:\/\/bice.org\/fr\/actualites\/on-parle-de-nous\/"]}]},{"@type":"ImageObject","inLanguage":"fr-FR","@id":"https:\/\/bice.org\/fr\/actualites\/on-parle-de-nous\/#primaryimage","url":"https:\/\/i0.wp.com\/bice.org\/app\/uploads\/2022\/01\/journal.jpg?fit=1280%2C742&ssl=1","contentUrl":"https:\/\/i0.wp.com\/bice.org\/app\/uploads\/2022\/01\/journal.jpg?fit=1280%2C742&ssl=1","width":1280,"height":742,"caption":"journal"},{"@type":"BreadcrumbList","@id":"https:\/\/bice.org\/fr\/actualites\/on-parle-de-nous\/#breadcrumb","itemListElement":[{"@type":"ListItem","position":1,"name":"Accueil","item":"https:\/\/bice.org\/fr\/"},{"@type":"ListItem","position":2,"name":"Actualit\u00e9s du BICE","item":"https:\/\/bice.org\/fr\/actualites\/"},{"@type":"ListItem","position":3,"name":"On parle de nous"}]},{"@type":"WebSite","@id":"https:\/\/bice.org\/fr\/#website","url":"https:\/\/bice.org\/fr\/","name":"BICE - ONG de protection des droits de l&#039;enfant","description":"Notre mission : D\u00e9fendre les droits et la dignit\u00e9 des enfants partout dans le monde","publisher":{"@id":"https:\/\/bice.org\/fr\/#organization"},"potentialAction":[{"@type":"SearchAction","target":{"@type":"EntryPoint","urlTemplate":"https:\/\/bice.org\/fr\/?s={search_term_string}"},"query-input":{"@type":"PropertyValueSpecification","valueRequired":true,"valueName":"search_term_string"}}],"inLanguage":"fr-FR"},{"@type":"Organization","@id":"https:\/\/bice.org\/fr\/#organization","name":"BICE","url":"https:\/\/bice.org\/fr\/","logo":{"@type":"ImageObject","inLanguage":"fr-FR","@id":"https:\/\/bice.org\/fr\/#\/schema\/logo\/image\/","url":"https:\/\/bice.org\/app\/uploads\/2022\/06\/favicon.ico","contentUrl":"https:\/\/bice.org\/app\/uploads\/2022\/06\/favicon.ico","width":64,"height":64,"caption":"BICE"},"image":{"@id":"https:\/\/bice.org\/fr\/#\/schema\/logo\/image\/"}}]}},"jetpack_sharing_enabled":true,"_links":{"self":[{"href":"https:\/\/bice.org\/fr\/wp-json\/wp\/v2\/pages\/9376","targetHints":{"allow":["GET"]}}],"collection":[{"href":"https:\/\/bice.org\/fr\/wp-json\/wp\/v2\/pages"}],"about":[{"href":"https:\/\/bice.org\/fr\/wp-json\/wp\/v2\/types\/page"}],"author":[{"embeddable":true,"href":"https:\/\/bice.org\/fr\/wp-json\/wp\/v2\/users\/1"}],"replies":[{"embeddable":true,"href":"https:\/\/bice.org\/fr\/wp-json\/wp\/v2\/comments?post=9376"}],"version-history":[{"count":0,"href":"https:\/\/bice.org\/fr\/wp-json\/wp\/v2\/pages\/9376\/revisions"}],"up":[{"embeddable":true,"href":"https:\/\/bice.org\/fr\/wp-json\/wp\/v2\/pages\/9294"}],"wp:featuredmedia":[{"embeddable":true,"href":"https:\/\/bice.org\/fr\/wp-json\/wp\/v2\/media\/66243"}],"wp:attachment":[{"href":"https:\/\/bice.org\/fr\/wp-json\/wp\/v2\/media?parent=9376"}],"curies":[{"name":"wp","href":"https:\/\/api.w.org\/{rel}","templated":true}]}}