{"id":9412,"date":"2015-11-05T19:43:48","date_gmt":"2015-11-05T19:43:48","guid":{"rendered":"https:\/\/bice.org\/fr\/?page_id=9412"},"modified":"2024-09-10T09:37:09","modified_gmt":"2024-09-10T07:37:09","slug":"actions-de-terrain","status":"publish","type":"page","link":"https:\/\/bice.org\/fr\/actions-de-terrain\/","title":{"rendered":"Nos actions de terrain"},"content":{"rendered":"\n<p>Chaque fois qu\u2019un enfant est maltrait\u00e9, exploit\u00e9 ou discrimin\u00e9,&nbsp;<a href=\"https:\/\/bice.org\/fr\/droits-de-lenfant\/droits-fondamentaux-de-l-enfant\/\">ses droits fondamentaux<\/a>&nbsp;sont bafou\u00e9s. Le BICE s\u2019appuie alors sur&nbsp;la <a href=\"https:\/\/bice.org\/fr\/droits-de-lenfant\/convention-relative-aux-droits-de-l-enfant\/\">Convention relative aux droits de l\u2019enfant<\/a>&nbsp;pour agir dans&nbsp;<a href=\"https:\/\/bice.org\/fr\/enfin-une-definition-de-l-interet-superieur-de-l-enfant\/\">l\u2019int\u00e9r\u00eat sup\u00e9rieur de l\u2019enfant<\/a>. Le BICE fonde ainsi son action sur une approche bas\u00e9e sur les droits et non sur les besoins. Il s\u2019agit de consid\u00e9rer tous les enfants du monde comme d\u00e9tenteurs de droits. Et non, uniquement, comme des \u00eatres vuln\u00e9rables avec des besoins auxquels les adultes doivent r\u00e9pondre. Sujets de droits, les enfants deviennent acteurs de leur propre d\u00e9veloppement.<\/p>\n\n\n\n<p>De plus, afin de garantir le d\u00e9veloppement int\u00e9gral d\u2019un enfant, le BICE s&#8217;attache \u00e0 prendre en compte tous les aspects de sa personne : d\u00e9veloppement physique, psychologique, intellectuel et spirituel.<\/p>\n\n\n\n<h2 class=\"wp-block-heading\"><strong>La communaut\u00e9 actrice de la d\u00e9fense des droits de l\u2019enfant<\/strong><\/h2>\n\n\n\n<p>Convaincu que la <a href=\"https:\/\/bice.org\/fr\/le-bice\/\">d\u00e9fense des droits de l\u2019enfant<\/a> doit \u00eatre port\u00e9e par les parents, les \u00e9ducateurs, et, plus largement, par toute la communaut\u00e9 dans laquelle \u00e9volue un enfant, le BICE s\u2019efforce \u00e9galement d\u2019impliquer les communaut\u00e9s locales dans chacun de ses projets. Celles-ci sont ainsi sensibilis\u00e9es aux droits des enfants. Et les programmes d\u00e9velopp\u00e9s gagnent en efficacit\u00e9.<\/p>\n","protected":false},"excerpt":{"rendered":"<p>La d\u00e9fense des droits des enfants et de leur dignit\u00e9 constitue le fondement de la mission du Bureau International Catholique de l\u2019Enfance (BICE) qui intervient, avec ses partenaires locaux, dans pr\u00e8s de 30 pays. <\/p>\n","protected":false},"author":1,"featured_media":61474,"parent":0,"menu_order":0,"comment_status":"closed","ping_status":"closed","template":"views\/page-node.blade.php","meta":{"_acf_changed":false,"footnotes":""},"class_list":["post-9412","page","type-page","status-publish","has-post-thumbnail","hentry"],"acf":[],"yoast_head":"<!-- This site is optimized with the Yoast SEO plugin v27.2 - https:\/\/yoast.com\/product\/yoast-seo-wordpress\/ -->\n<title>Nos actions de terrain - le BICE<\/title>\n<meta name=\"description\" content=\"La d\u00e9fense des droits des enfants et de leur dignit\u00e9 constitue le fondement de la mission du Bureau International Catholique de l\u2019Enfance.\" \/>\n<meta name=\"robots\" content=\"index, follow, max-snippet:-1, max-image-preview:large, max-video-preview:-1\" \/>\n<link rel=\"canonical\" href=\"https:\/\/bice.org\/fr\/wp-json\/wp\/v2\/pages\/9412\" \/>\n<meta property=\"og:locale\" content=\"fr_FR\" \/>\n<meta property=\"og:type\" content=\"article\" \/>\n<meta property=\"og:title\" content=\"Nos actions de terrain - le BICE\" \/>\n<meta property=\"og:description\" content=\"La d\u00e9fense des droits des enfants et de leur dignit\u00e9 constitue le fondement de la mission du Bureau International Catholique de l\u2019Enfance.\" \/>\n<meta property=\"og:url\" content=\"https:\/\/bice.org\/fr\/actions-de-terrain\/\" \/>\n<meta property=\"og:site_name\" content=\"BICE - ONG de protection des droits de l&#039;enfant\" \/>\n<meta property=\"article:modified_time\" content=\"2024-09-10T07:37:09+00:00\" \/>\n<meta property=\"og:image\" content=\"https:\/\/bice.org\/app\/uploads\/2021\/09\/\u10d0\u10e5\u10ea\u10d8\u10d0-18-Nov.-@-Utskhography-0063-1024x594.jpg\" \/>\n\t<meta property=\"og:image:width\" content=\"1024\" \/>\n\t<meta property=\"og:image:height\" content=\"594\" \/>\n\t<meta property=\"og:image:type\" content=\"image\/jpeg\" \/>\n<meta name=\"twitter:card\" content=\"summary_large_image\" \/>\n<meta name=\"twitter:label1\" content=\"Dur\u00e9e de lecture estim\u00e9e\" \/>\n\t<meta name=\"twitter:data1\" content=\"2 minutes\" \/>\n<!-- \/ Yoast SEO plugin. -->","yoast_head_json":{"title":"Nos actions de terrain - le BICE","description":"La d\u00e9fense des droits des enfants et de leur dignit\u00e9 constitue le fondement de la mission du Bureau International Catholique de l\u2019Enfance.","robots":{"index":"index","follow":"follow","max-snippet":"max-snippet:-1","max-image-preview":"max-image-preview:large","max-video-preview":"max-video-preview:-1"},"canonical":"https:\/\/bice.org\/fr\/wp-json\/wp\/v2\/pages\/9412","og_locale":"fr_FR","og_type":"article","og_title":"Nos actions de terrain - le BICE","og_description":"La d\u00e9fense des droits des enfants et de leur dignit\u00e9 constitue le fondement de la mission du Bureau International Catholique de l\u2019Enfance.","og_url":"https:\/\/bice.org\/fr\/actions-de-terrain\/","og_site_name":"BICE - ONG de protection des droits de l&#039;enfant","article_modified_time":"2024-09-10T07:37:09+00:00","og_image":[{"width":1024,"height":594,"url":"https:\/\/bice.org\/app\/uploads\/2021\/09\/\u10d0\u10e5\u10ea\u10d8\u10d0-18-Nov.-@-Utskhography-0063-1024x594.jpg","type":"image\/jpeg"}],"twitter_card":"summary_large_image","twitter_misc":{"Dur\u00e9e de lecture estim\u00e9e":"2 minutes"},"schema":{"@context":"https:\/\/schema.org","@graph":[{"@type":"WebPage","@id":"https:\/\/bice.org\/fr\/actions-de-terrain\/","url":"https:\/\/bice.org\/fr\/actions-de-terrain\/","name":"Nos actions de terrain - le BICE","isPartOf":{"@id":"https:\/\/bice.org\/fr\/#website"},"primaryImageOfPage":{"@id":"https:\/\/bice.org\/fr\/actions-de-terrain\/#primaryimage"},"image":{"@id":"https:\/\/bice.org\/fr\/actions-de-terrain\/#primaryimage"},"thumbnailUrl":"https:\/\/i0.wp.com\/bice.org\/app\/uploads\/2021\/09\/%E1%83%90%E1%83%A5%E1%83%AA%E1%83%98%E1%83%90-18-Nov.-%40-Utskhography-0063.jpg?fit=2272%2C1318&ssl=1","datePublished":"2015-11-05T19:43:48+00:00","dateModified":"2024-09-10T07:37:09+00:00","description":"La d\u00e9fense des droits des enfants et de leur dignit\u00e9 constitue le fondement de la mission du Bureau International Catholique de l\u2019Enfance.","breadcrumb":{"@id":"https:\/\/bice.org\/fr\/actions-de-terrain\/#breadcrumb"},"inLanguage":"fr-FR","potentialAction":[{"@type":"ReadAction","target":["https:\/\/bice.org\/fr\/actions-de-terrain\/"]}]},{"@type":"ImageObject","inLanguage":"fr-FR","@id":"https:\/\/bice.org\/fr\/actions-de-terrain\/#primaryimage","url":"https:\/\/i0.wp.com\/bice.org\/app\/uploads\/2021\/09\/%E1%83%90%E1%83%A5%E1%83%AA%E1%83%98%E1%83%90-18-Nov.-%40-Utskhography-0063.jpg?fit=2272%2C1318&ssl=1","contentUrl":"https:\/\/i0.wp.com\/bice.org\/app\/uploads\/2021\/09\/%E1%83%90%E1%83%A5%E1%83%AA%E1%83%98%E1%83%90-18-Nov.-%40-Utskhography-0063.jpg?fit=2272%2C1318&ssl=1","width":2272,"height":1318,"caption":"@ Utskhography"},{"@type":"BreadcrumbList","@id":"https:\/\/bice.org\/fr\/actions-de-terrain\/#breadcrumb","itemListElement":[{"@type":"ListItem","position":1,"name":"Accueil","item":"https:\/\/bice.org\/fr\/"},{"@type":"ListItem","position":2,"name":"Nos actions de terrain"}]},{"@type":"WebSite","@id":"https:\/\/bice.org\/fr\/#website","url":"https:\/\/bice.org\/fr\/","name":"BICE - ONG de protection des droits de l&#039;enfant","description":"Notre mission : D\u00e9fendre les droits et la dignit\u00e9 des enfants partout dans le monde","publisher":{"@id":"https:\/\/bice.org\/fr\/#organization"},"potentialAction":[{"@type":"SearchAction","target":{"@type":"EntryPoint","urlTemplate":"https:\/\/bice.org\/fr\/?s={search_term_string}"},"query-input":{"@type":"PropertyValueSpecification","valueRequired":true,"valueName":"search_term_string"}}],"inLanguage":"fr-FR"},{"@type":"Organization","@id":"https:\/\/bice.org\/fr\/#organization","name":"BICE","url":"https:\/\/bice.org\/fr\/","logo":{"@type":"ImageObject","inLanguage":"fr-FR","@id":"https:\/\/bice.org\/fr\/#\/schema\/logo\/image\/","url":"https:\/\/bice.org\/app\/uploads\/2022\/06\/favicon.ico","contentUrl":"https:\/\/bice.org\/app\/uploads\/2022\/06\/favicon.ico","width":64,"height":64,"caption":"BICE"},"image":{"@id":"https:\/\/bice.org\/fr\/#\/schema\/logo\/image\/"}}]}},"jetpack_sharing_enabled":true,"_links":{"self":[{"href":"https:\/\/bice.org\/fr\/wp-json\/wp\/v2\/pages\/9412","targetHints":{"allow":["GET"]}}],"collection":[{"href":"https:\/\/bice.org\/fr\/wp-json\/wp\/v2\/pages"}],"about":[{"href":"https:\/\/bice.org\/fr\/wp-json\/wp\/v2\/types\/page"}],"author":[{"embeddable":true,"href":"https:\/\/bice.org\/fr\/wp-json\/wp\/v2\/users\/1"}],"replies":[{"embeddable":true,"href":"https:\/\/bice.org\/fr\/wp-json\/wp\/v2\/comments?post=9412"}],"version-history":[{"count":0,"href":"https:\/\/bice.org\/fr\/wp-json\/wp\/v2\/pages\/9412\/revisions"}],"wp:featuredmedia":[{"embeddable":true,"href":"https:\/\/bice.org\/fr\/wp-json\/wp\/v2\/media\/61474"}],"wp:attachment":[{"href":"https:\/\/bice.org\/fr\/wp-json\/wp\/v2\/media?parent=9412"}],"curies":[{"name":"wp","href":"https:\/\/api.w.org\/{rel}","templated":true}]}}