{"id":9551,"date":"2015-11-06T10:16:08","date_gmt":"2015-11-06T10:16:08","guid":{"rendered":"https:\/\/bice.org\/fr\/?page_id=9551"},"modified":"2025-11-07T15:20:46","modified_gmt":"2025-11-07T14:20:46","slug":"programmes-et-projets","status":"publish","type":"page","link":"https:\/\/bice.org\/fr\/actions-de-terrain\/programmes-et-projets\/","title":{"rendered":"Zones d&#8217;action du BICE"},"content":{"rendered":"\n<p>Pr\u00e9sente en Afrique, Am\u00e9rique latine, Asie\u2011Proche\u2011Orient et Europe par l\u2019interm\u00e9diaire de son r\u00e9seau, <strong>notre association agit avec ses partenaires locaux<\/strong> pour r\u00e9pondre \u00e0 des <strong>situations de vuln\u00e9rabilit\u00e9 vari\u00e9es\u202f<\/strong>: enfants victimes de violences ou de conflits arm\u00e9s, enfants \u00e9loign\u00e9s de l\u2019\u00e9cole, enfants souffrant de la pauvret\u00e9, jeunes en situation de handicap ou en conflit avec la loi.<\/p>\n\n\n\n<p>Sur chacun de ces continents, nos interventions s\u2019appuient sur une <strong>approche fond\u00e9e sur le droit<\/strong>. En Afrique, nous soutenons par exemple des familles et des enfants confront\u00e9s \u00e0 la <strong>pr\u00e9carit\u00e9<\/strong>, \u00e0 la <strong>guerre<\/strong> ou \u00e0 l\u2019<strong>\u00e9loignement scolaire<\/strong>. En Am\u00e9rique latine, nos projets promeuvent une <strong>justice juv\u00e9nile r\u00e9paratrice<\/strong> et une meilleure <strong>inclusion scolaire et sociale.<\/strong> En Asie et au Proche\u2011Orient, nous travaillons notamment sur des <strong>projets favorisant une \u00e9ducation de qualit\u00e9<\/strong>, un <strong>accompagnement psychologique<\/strong> et le d\u00e9veloppement de la r\u00e9silience chez les jeunes touch\u00e9s par les crises. En Europe, nous intervenons <strong>aupr\u00e8s des enfants r\u00e9fugi\u00e9s<\/strong>, d\u00e9plac\u00e9s ou en situation de<strong> handicap<\/strong>.<\/p>\n\n\n\n<p>Chaque projet <strong>s\u2019inscrit dans la dur\u00e9e<\/strong>, en lien avec les communaut\u00e9s locales, et s\u2019attachent \u00e0 ce que les <strong>enfants deviennent acteurs de leur propre d\u00e9veloppement.<\/strong><\/p>\n","protected":false},"excerpt":{"rendered":"<p>Le BICE initie et accompagne de nombreux projets de terrain dans une trentaine de pays sur quatre continents. D\u00e9couvrez ci-dessous les actions par pays.<\/p>\n","protected":false},"author":1,"featured_media":66248,"parent":9412,"menu_order":0,"comment_status":"closed","ping_status":"closed","template":"views\/page-node.blade.php","meta":{"_acf_changed":false,"footnotes":""},"class_list":["post-9551","page","type-page","status-publish","has-post-thumbnail","hentry"],"acf":[],"yoast_head":"<!-- This site is optimized with the Yoast SEO plugin v27.2 - https:\/\/yoast.com\/product\/yoast-seo-wordpress\/ -->\n<title>Programmes et projets par zones d&#039;action | BICE<\/title>\n<meta name=\"description\" content=\"Le BICE initie et accompagne de nombreux projets de terrain dans 27 pays sur 4 continents. D\u00e9couvrez ci-dessous les actions par pays.\" \/>\n<meta name=\"robots\" content=\"index, follow, max-snippet:-1, max-image-preview:large, max-video-preview:-1\" \/>\n<link rel=\"canonical\" href=\"https:\/\/bice.org\/fr\/wp-json\/wp\/v2\/pages\/9551\" \/>\n<meta property=\"og:locale\" content=\"fr_FR\" \/>\n<meta property=\"og:type\" content=\"article\" \/>\n<meta property=\"og:title\" content=\"Programmes et projets par zones d&#039;action | BICE\" \/>\n<meta property=\"og:description\" content=\"Le BICE initie et accompagne de nombreux projets de terrain dans 27 pays sur 4 continents. D\u00e9couvrez ci-dessous les actions par pays.\" \/>\n<meta property=\"og:url\" content=\"https:\/\/bice.org\/fr\/actions-de-terrain\/programmes-et-projets\/\" \/>\n<meta property=\"og:site_name\" content=\"BICE - ONG de protection des droits de l&#039;enfant\" \/>\n<meta property=\"article:modified_time\" content=\"2025-11-07T14:20:46+00:00\" \/>\n<meta property=\"og:image\" content=\"https:\/\/i0.wp.com\/bice.org\/app\/uploads\/2022\/01\/zone-daction-visuel.jpg?fit=1000%2C580&ssl=1\" \/>\n\t<meta property=\"og:image:width\" content=\"1000\" \/>\n\t<meta property=\"og:image:height\" content=\"580\" \/>\n\t<meta property=\"og:image:type\" content=\"image\/jpeg\" \/>\n<meta name=\"twitter:card\" content=\"summary_large_image\" \/>\n<meta name=\"twitter:label1\" content=\"Dur\u00e9e de lecture estim\u00e9e\" \/>\n\t<meta name=\"twitter:data1\" content=\"2 minutes\" \/>\n<!-- \/ Yoast SEO plugin. -->","yoast_head_json":{"title":"Programmes et projets par zones d'action | BICE","description":"Le BICE initie et accompagne de nombreux projets de terrain dans 27 pays sur 4 continents. D\u00e9couvrez ci-dessous les actions par pays.","robots":{"index":"index","follow":"follow","max-snippet":"max-snippet:-1","max-image-preview":"max-image-preview:large","max-video-preview":"max-video-preview:-1"},"canonical":"https:\/\/bice.org\/fr\/wp-json\/wp\/v2\/pages\/9551","og_locale":"fr_FR","og_type":"article","og_title":"Programmes et projets par zones d'action | BICE","og_description":"Le BICE initie et accompagne de nombreux projets de terrain dans 27 pays sur 4 continents. D\u00e9couvrez ci-dessous les actions par pays.","og_url":"https:\/\/bice.org\/fr\/actions-de-terrain\/programmes-et-projets\/","og_site_name":"BICE - ONG de protection des droits de l&#039;enfant","article_modified_time":"2025-11-07T14:20:46+00:00","og_image":[{"width":1000,"height":580,"url":"https:\/\/i0.wp.com\/bice.org\/app\/uploads\/2022\/01\/zone-daction-visuel.jpg?fit=1000%2C580&ssl=1","type":"image\/jpeg"}],"twitter_card":"summary_large_image","twitter_misc":{"Dur\u00e9e de lecture estim\u00e9e":"2 minutes"},"schema":{"@context":"https:\/\/schema.org","@graph":[{"@type":"WebPage","@id":"https:\/\/bice.org\/fr\/actions-de-terrain\/programmes-et-projets\/","url":"https:\/\/bice.org\/fr\/actions-de-terrain\/programmes-et-projets\/","name":"Programmes et projets par zones d'action | BICE","isPartOf":{"@id":"https:\/\/bice.org\/fr\/#website"},"primaryImageOfPage":{"@id":"https:\/\/bice.org\/fr\/actions-de-terrain\/programmes-et-projets\/#primaryimage"},"image":{"@id":"https:\/\/bice.org\/fr\/actions-de-terrain\/programmes-et-projets\/#primaryimage"},"thumbnailUrl":"https:\/\/i0.wp.com\/bice.org\/app\/uploads\/2022\/01\/zone-daction-visuel.jpg?fit=1000%2C580&ssl=1","datePublished":"2015-11-06T10:16:08+00:00","dateModified":"2025-11-07T14:20:46+00:00","description":"Le BICE initie et accompagne de nombreux projets de terrain dans 27 pays sur 4 continents. D\u00e9couvrez ci-dessous les actions par pays.","breadcrumb":{"@id":"https:\/\/bice.org\/fr\/actions-de-terrain\/programmes-et-projets\/#breadcrumb"},"inLanguage":"fr-FR","potentialAction":[{"@type":"ReadAction","target":["https:\/\/bice.org\/fr\/actions-de-terrain\/programmes-et-projets\/"]}]},{"@type":"ImageObject","inLanguage":"fr-FR","@id":"https:\/\/bice.org\/fr\/actions-de-terrain\/programmes-et-projets\/#primaryimage","url":"https:\/\/i0.wp.com\/bice.org\/app\/uploads\/2022\/01\/zone-daction-visuel.jpg?fit=1000%2C580&ssl=1","contentUrl":"https:\/\/i0.wp.com\/bice.org\/app\/uploads\/2022\/01\/zone-daction-visuel.jpg?fit=1000%2C580&ssl=1","width":1000,"height":580,"caption":"zones d'action du BICE"},{"@type":"BreadcrumbList","@id":"https:\/\/bice.org\/fr\/actions-de-terrain\/programmes-et-projets\/#breadcrumb","itemListElement":[{"@type":"ListItem","position":1,"name":"Accueil","item":"https:\/\/bice.org\/fr\/"},{"@type":"ListItem","position":2,"name":"Nos actions de terrain","item":"https:\/\/bice.org\/fr\/actions-de-terrain\/"},{"@type":"ListItem","position":3,"name":"Zones d&#8217;action du BICE"}]},{"@type":"WebSite","@id":"https:\/\/bice.org\/fr\/#website","url":"https:\/\/bice.org\/fr\/","name":"BICE - ONG de protection des droits de l&#039;enfant","description":"Notre mission : D\u00e9fendre les droits et la dignit\u00e9 des enfants partout dans le monde","publisher":{"@id":"https:\/\/bice.org\/fr\/#organization"},"potentialAction":[{"@type":"SearchAction","target":{"@type":"EntryPoint","urlTemplate":"https:\/\/bice.org\/fr\/?s={search_term_string}"},"query-input":{"@type":"PropertyValueSpecification","valueRequired":true,"valueName":"search_term_string"}}],"inLanguage":"fr-FR"},{"@type":"Organization","@id":"https:\/\/bice.org\/fr\/#organization","name":"BICE","url":"https:\/\/bice.org\/fr\/","logo":{"@type":"ImageObject","inLanguage":"fr-FR","@id":"https:\/\/bice.org\/fr\/#\/schema\/logo\/image\/","url":"https:\/\/bice.org\/app\/uploads\/2022\/06\/favicon.ico","contentUrl":"https:\/\/bice.org\/app\/uploads\/2022\/06\/favicon.ico","width":64,"height":64,"caption":"BICE"},"image":{"@id":"https:\/\/bice.org\/fr\/#\/schema\/logo\/image\/"}}]}},"jetpack_sharing_enabled":true,"_links":{"self":[{"href":"https:\/\/bice.org\/fr\/wp-json\/wp\/v2\/pages\/9551","targetHints":{"allow":["GET"]}}],"collection":[{"href":"https:\/\/bice.org\/fr\/wp-json\/wp\/v2\/pages"}],"about":[{"href":"https:\/\/bice.org\/fr\/wp-json\/wp\/v2\/types\/page"}],"author":[{"embeddable":true,"href":"https:\/\/bice.org\/fr\/wp-json\/wp\/v2\/users\/1"}],"replies":[{"embeddable":true,"href":"https:\/\/bice.org\/fr\/wp-json\/wp\/v2\/comments?post=9551"}],"version-history":[{"count":2,"href":"https:\/\/bice.org\/fr\/wp-json\/wp\/v2\/pages\/9551\/revisions"}],"predecessor-version":[{"id":314491,"href":"https:\/\/bice.org\/fr\/wp-json\/wp\/v2\/pages\/9551\/revisions\/314491"}],"up":[{"embeddable":true,"href":"https:\/\/bice.org\/fr\/wp-json\/wp\/v2\/pages\/9412"}],"wp:featuredmedia":[{"embeddable":true,"href":"https:\/\/bice.org\/fr\/wp-json\/wp\/v2\/media\/66248"}],"wp:attachment":[{"href":"https:\/\/bice.org\/fr\/wp-json\/wp\/v2\/media?parent=9551"}],"curies":[{"name":"wp","href":"https:\/\/api.w.org\/{rel}","templated":true}]}}