{"id":9558,"date":"2015-11-06T10:19:16","date_gmt":"2015-11-06T10:19:16","guid":{"rendered":"https:\/\/bice.org\/fr\/?page_id=9558"},"modified":"2024-04-17T10:56:42","modified_gmt":"2024-04-17T08:56:42","slug":"domaines-daction","status":"publish","type":"page","link":"https:\/\/bice.org\/fr\/actions-de-terrain\/domaines-daction\/","title":{"rendered":"Domaines d&#8217;action"},"content":{"rendered":"<p>De mani\u00e8re transversale, nos projets et programmes comportent un volet d\u00e9di\u00e9 \u00e0 l\u2019<a href=\"https:\/\/bice.org\/fr\/actions-de-terrain\/domaines-daction\/le-bice-une-association-qui-agit-pour-le-droit-a-leducation-de-tous-les-enfants\/\"><strong>\u00e9ducation<\/strong><\/a><strong>. L<\/strong>a r\u00e9alisation des <a href=\"https:\/\/bice.org\/fr\/droits-de-lenfant\/droits-fondamentaux-de-l-enfant\/\">droits de l\u2019enfant<\/a> passe prioritairement par le droit \u00e0 l\u2019\u00e9ducation au sens large. Ils s&#8217;attachent \u00e9galement \u00e0 d\u00e9velopper la r\u00e9silience chez les enfants victimes de traumatismes. Un programme <a href=\"https:\/\/bice.org\/fr\/actions-de-terrain\/domaines-daction\/tuteurs-de-resilience\/\">Tuteurs de r\u00e9silience<\/a> a \u00e9t\u00e9 d\u00e9velopp\u00e9 \u00e0 cet effet afin d&#8217;aider les enfants \u00e0 trouver les ressources internes et externes pour se reconstruire.\u00a0<\/p>\n<p>Autres principaux domaines d&#8217;actions du BICE : <a href=\"https:\/\/bice.org\/fr\/justice-juvenile-programme-enfance-sans-barreaux-2\/\">la promotion de la justice r\u00e9paratrice pour mineurs<\/a> ; <a href=\"https:\/\/bice.org\/fr\/actions-de-terrain\/domaines-daction\/association-violence-enfance\/\">la lutte contre la violence en particulier de nature sexuelle<\/a> ; <a href=\"https:\/\/bice.org\/fr\/actions-de-terrain\/domaines-daction\/handicap\/\">l&#8217;inclusion des enfants en situation de handicap<\/a><\/p>\n\n\n<p><\/p>\n","protected":false},"excerpt":{"rendered":"<p>Nos projets et programmes sont d\u00e9velopp\u00e9s selon trois axes principaux : la promotion des droits de l&#8217;enfant ; l&#8217;accompagnement des enfants particuli\u00e8rement vuln\u00e9rables ; la pr\u00e9vention et l&#8217;intervention face aux diff\u00e9rentes formes d&#8217;exploitation et de maltraitance dont les enfants peuvent \u00eatre victimes.<\/p>\n","protected":false},"author":1,"featured_media":60906,"parent":9412,"menu_order":0,"comment_status":"closed","ping_status":"closed","template":"views\/page-node.blade.php","meta":{"_acf_changed":false,"footnotes":""},"class_list":["post-9558","page","type-page","status-publish","has-post-thumbnail","hentry"],"acf":[],"yoast_head":"<!-- This site is optimized with the Yoast SEO plugin v27.2 - https:\/\/yoast.com\/product\/yoast-seo-wordpress\/ -->\n<title>Domaines d&#039;action du BICE : agir au plus pr\u00e8s des enfants<\/title>\n<meta name=\"description\" content=\"Le BICE s&#039;occupe des enfants victimes de violence, des enfants en situation de handicap, des enfants des rues, des enfants victimes de conflit dans le monde.\" \/>\n<meta name=\"robots\" content=\"index, follow, max-snippet:-1, max-image-preview:large, max-video-preview:-1\" \/>\n<link rel=\"canonical\" href=\"https:\/\/bice.org\/fr\/wp-json\/wp\/v2\/pages\/9558\" \/>\n<meta property=\"og:locale\" content=\"fr_FR\" \/>\n<meta property=\"og:type\" content=\"article\" \/>\n<meta property=\"og:title\" content=\"Domaines d&#039;action du BICE : agir au plus pr\u00e8s des enfants\" \/>\n<meta property=\"og:description\" content=\"Le BICE s&#039;occupe des enfants victimes de violence, des enfants en situation de handicap, des enfants des rues, des enfants victimes de conflit dans le monde.\" \/>\n<meta property=\"og:url\" content=\"https:\/\/bice.org\/fr\/actions-de-terrain\/domaines-daction\/\" \/>\n<meta property=\"og:site_name\" content=\"BICE - ONG de protection des droits de l&#039;enfant\" \/>\n<meta property=\"article:modified_time\" content=\"2024-04-17T08:56:42+00:00\" \/>\n<meta property=\"og:image\" content=\"https:\/\/i0.wp.com\/bice.org\/app\/uploads\/2021\/08\/activites-alep-une.jpg?fit=1280%2C742&ssl=1\" \/>\n\t<meta property=\"og:image:width\" content=\"1280\" \/>\n\t<meta property=\"og:image:height\" content=\"742\" \/>\n\t<meta property=\"og:image:type\" content=\"image\/jpeg\" \/>\n<meta name=\"twitter:card\" content=\"summary_large_image\" \/>\n<meta name=\"twitter:label1\" content=\"Dur\u00e9e de lecture estim\u00e9e\" \/>\n\t<meta name=\"twitter:data1\" content=\"1 minute\" \/>\n<!-- \/ Yoast SEO plugin. -->","yoast_head_json":{"title":"Domaines d'action du BICE : agir au plus pr\u00e8s des enfants","description":"Le BICE s'occupe des enfants victimes de violence, des enfants en situation de handicap, des enfants des rues, des enfants victimes de conflit dans le monde.","robots":{"index":"index","follow":"follow","max-snippet":"max-snippet:-1","max-image-preview":"max-image-preview:large","max-video-preview":"max-video-preview:-1"},"canonical":"https:\/\/bice.org\/fr\/wp-json\/wp\/v2\/pages\/9558","og_locale":"fr_FR","og_type":"article","og_title":"Domaines d'action du BICE : agir au plus pr\u00e8s des enfants","og_description":"Le BICE s'occupe des enfants victimes de violence, des enfants en situation de handicap, des enfants des rues, des enfants victimes de conflit dans le monde.","og_url":"https:\/\/bice.org\/fr\/actions-de-terrain\/domaines-daction\/","og_site_name":"BICE - ONG de protection des droits de l&#039;enfant","article_modified_time":"2024-04-17T08:56:42+00:00","og_image":[{"width":1280,"height":742,"url":"https:\/\/i0.wp.com\/bice.org\/app\/uploads\/2021\/08\/activites-alep-une.jpg?fit=1280%2C742&ssl=1","type":"image\/jpeg"}],"twitter_card":"summary_large_image","twitter_misc":{"Dur\u00e9e de lecture estim\u00e9e":"1 minute"},"schema":{"@context":"https:\/\/schema.org","@graph":[{"@type":"WebPage","@id":"https:\/\/bice.org\/fr\/actions-de-terrain\/domaines-daction\/","url":"https:\/\/bice.org\/fr\/actions-de-terrain\/domaines-daction\/","name":"Domaines d'action du BICE : agir au plus pr\u00e8s des enfants","isPartOf":{"@id":"https:\/\/bice.org\/fr\/#website"},"primaryImageOfPage":{"@id":"https:\/\/bice.org\/fr\/actions-de-terrain\/domaines-daction\/#primaryimage"},"image":{"@id":"https:\/\/bice.org\/fr\/actions-de-terrain\/domaines-daction\/#primaryimage"},"thumbnailUrl":"https:\/\/i0.wp.com\/bice.org\/app\/uploads\/2021\/08\/activites-alep-une.jpg?fit=1280%2C742&ssl=1","datePublished":"2015-11-06T10:19:16+00:00","dateModified":"2024-04-17T08:56:42+00:00","description":"Le BICE s'occupe des enfants victimes de violence, des enfants en situation de handicap, des enfants des rues, des enfants victimes de conflit dans le monde.","breadcrumb":{"@id":"https:\/\/bice.org\/fr\/actions-de-terrain\/domaines-daction\/#breadcrumb"},"inLanguage":"fr-FR","potentialAction":[{"@type":"ReadAction","target":["https:\/\/bice.org\/fr\/actions-de-terrain\/domaines-daction\/"]}]},{"@type":"ImageObject","inLanguage":"fr-FR","@id":"https:\/\/bice.org\/fr\/actions-de-terrain\/domaines-daction\/#primaryimage","url":"https:\/\/i0.wp.com\/bice.org\/app\/uploads\/2021\/08\/activites-alep-une.jpg?fit=1280%2C742&ssl=1","contentUrl":"https:\/\/i0.wp.com\/bice.org\/app\/uploads\/2021\/08\/activites-alep-une.jpg?fit=1280%2C742&ssl=1","width":1280,"height":742,"caption":"\u00a9 les Maristes bleus"},{"@type":"BreadcrumbList","@id":"https:\/\/bice.org\/fr\/actions-de-terrain\/domaines-daction\/#breadcrumb","itemListElement":[{"@type":"ListItem","position":1,"name":"Accueil","item":"https:\/\/bice.org\/fr\/"},{"@type":"ListItem","position":2,"name":"Nos actions de terrain","item":"https:\/\/bice.org\/fr\/actions-de-terrain\/"},{"@type":"ListItem","position":3,"name":"Domaines d&#8217;action"}]},{"@type":"WebSite","@id":"https:\/\/bice.org\/fr\/#website","url":"https:\/\/bice.org\/fr\/","name":"BICE - ONG de protection des droits de l&#039;enfant","description":"Notre mission : D\u00e9fendre les droits et la dignit\u00e9 des enfants partout dans le monde","publisher":{"@id":"https:\/\/bice.org\/fr\/#organization"},"potentialAction":[{"@type":"SearchAction","target":{"@type":"EntryPoint","urlTemplate":"https:\/\/bice.org\/fr\/?s={search_term_string}"},"query-input":{"@type":"PropertyValueSpecification","valueRequired":true,"valueName":"search_term_string"}}],"inLanguage":"fr-FR"},{"@type":"Organization","@id":"https:\/\/bice.org\/fr\/#organization","name":"BICE","url":"https:\/\/bice.org\/fr\/","logo":{"@type":"ImageObject","inLanguage":"fr-FR","@id":"https:\/\/bice.org\/fr\/#\/schema\/logo\/image\/","url":"https:\/\/bice.org\/app\/uploads\/2022\/06\/favicon.ico","contentUrl":"https:\/\/bice.org\/app\/uploads\/2022\/06\/favicon.ico","width":64,"height":64,"caption":"BICE"},"image":{"@id":"https:\/\/bice.org\/fr\/#\/schema\/logo\/image\/"}}]}},"jetpack_sharing_enabled":true,"_links":{"self":[{"href":"https:\/\/bice.org\/fr\/wp-json\/wp\/v2\/pages\/9558","targetHints":{"allow":["GET"]}}],"collection":[{"href":"https:\/\/bice.org\/fr\/wp-json\/wp\/v2\/pages"}],"about":[{"href":"https:\/\/bice.org\/fr\/wp-json\/wp\/v2\/types\/page"}],"author":[{"embeddable":true,"href":"https:\/\/bice.org\/fr\/wp-json\/wp\/v2\/users\/1"}],"replies":[{"embeddable":true,"href":"https:\/\/bice.org\/fr\/wp-json\/wp\/v2\/comments?post=9558"}],"version-history":[{"count":0,"href":"https:\/\/bice.org\/fr\/wp-json\/wp\/v2\/pages\/9558\/revisions"}],"up":[{"embeddable":true,"href":"https:\/\/bice.org\/fr\/wp-json\/wp\/v2\/pages\/9412"}],"wp:featuredmedia":[{"embeddable":true,"href":"https:\/\/bice.org\/fr\/wp-json\/wp\/v2\/media\/60906"}],"wp:attachment":[{"href":"https:\/\/bice.org\/fr\/wp-json\/wp\/v2\/media?parent=9558"}],"curies":[{"name":"wp","href":"https:\/\/api.w.org\/{rel}","templated":true}]}}