{"id":9588,"date":"2015-11-06T10:30:01","date_gmt":"2015-11-06T10:30:01","guid":{"rendered":"https:\/\/bice.org\/fr\/?page_id=9588"},"modified":"2024-04-19T15:42:36","modified_gmt":"2024-04-19T13:42:36","slug":"afrique","status":"publish","type":"page","link":"https:\/\/bice.org\/fr\/actions-de-terrain\/programmes-et-projets\/afrique\/","title":{"rendered":"Enfants d&#8217;Afrique"},"content":{"rendered":"\n<p>Les pays dans lesquels le BICE intervient sont principalement situ\u00e9s en Afrique de l&#8217;ouest et du centre. Dans cette r\u00e9gion, habit\u00e9e par quelque 534 millions de personnes, dont la moiti\u00e9 sont des enfants, les droits de l\u2019enfant ont connu des progr\u00e8s notables depuis 30 ans. \u00c0 titre d\u2019exemple : la mortalit\u00e9 infantile chez les moins de 5 ans a drastiquement chut\u00e9, de 199 \u00e0 97 pour 1 000, durant la p\u00e9riode. N\u00e9anmoins, ce taux reste le plus \u00e9lev\u00e9 du globe\u2026<\/p>\n\n\n\n<p>Le sort des enfants les plus vuln\u00e9rables demeure en effet critique. Et nombre de leurs droits ne sont pas respect\u00e9s. Si le contexte est propre \u00e0 chaque pays, on retrouve n\u00e9anmoins des facteurs communs \u00e0 cette fragilit\u00e9 : des d\u00e9faillances graves des \u00c9tats aupr\u00e8s de leur population, une pauvret\u00e9 end\u00e9mique, une instabilit\u00e9 politique et sociale, un climat de violence g\u00e9n\u00e9ralis\u00e9, des in\u00e9galit\u00e9s persistantes entre les sexes. Sans oublier, depuis quelques temps, la nette progression des catastrophes naturelles et sanitaires. <\/p>\n\n\n\n<div style=\"height:60px\" aria-hidden=\"true\" class=\"wp-block-spacer\"><\/div>\n\n\n\n<p><\/p>\n","protected":false},"excerpt":{"rendered":"<p>Depuis le d\u00e9but des ann\u00e9es 1980, le BICE est pr\u00e9sent aupr\u00e8s des enfants d\u2019Afrique, \u00e0 travers des projets de terrain, men\u00e9s avec des partenaires locaux (associations,<br \/>\ncongr\u00e9gations religieuses) professionnels et engag\u00e9s. Ensemble, ils accompagnent les enfants dans plusieurs domaines :<\/p>\n","protected":false},"author":1,"featured_media":46439,"parent":9551,"menu_order":0,"comment_status":"closed","ping_status":"closed","template":"views\/page-region.blade.php","meta":{"_acf_changed":false,"footnotes":""},"class_list":["post-9588","page","type-page","status-publish","has-post-thumbnail","hentry"],"acf":[],"yoast_head":"<!-- This site is optimized with the Yoast SEO plugin v27.2 - https:\/\/yoast.com\/product\/yoast-seo-wordpress\/ -->\n<title>Projets pour les droits de l&#039;enfant en Afrique | BICE<\/title>\n<meta name=\"description\" content=\"ONG en Afrique depuis plus de 20 ans, le BICE intervient r\u00e9guli\u00e8rement pour d\u00e9fendre les droits et la dignit\u00e9 des enfants en Afrique.\" \/>\n<meta name=\"robots\" content=\"index, follow, max-snippet:-1, max-image-preview:large, max-video-preview:-1\" \/>\n<link rel=\"canonical\" href=\"https:\/\/bice.org\/fr\/wp-json\/wp\/v2\/pages\/9588\" \/>\n<meta property=\"og:locale\" content=\"fr_FR\" \/>\n<meta property=\"og:type\" content=\"article\" \/>\n<meta property=\"og:title\" content=\"Projets pour les droits de l&#039;enfant en Afrique | BICE\" \/>\n<meta property=\"og:description\" content=\"ONG en Afrique depuis plus de 20 ans, le BICE intervient r\u00e9guli\u00e8rement pour d\u00e9fendre les droits et la dignit\u00e9 des enfants en Afrique.\" \/>\n<meta property=\"og:url\" content=\"https:\/\/bice.org\/fr\/actions-de-terrain\/programmes-et-projets\/afrique\/\" \/>\n<meta property=\"og:site_name\" content=\"BICE - ONG de protection des droits de l&#039;enfant\" \/>\n<meta property=\"article:modified_time\" content=\"2024-04-19T13:42:36+00:00\" \/>\n<meta property=\"og:image\" content=\"https:\/\/i0.wp.com\/bice.org\/app\/uploads\/2020\/05\/afrique-e1713534060324.jpg?fit=750%2C435&ssl=1\" \/>\n\t<meta property=\"og:image:width\" content=\"750\" \/>\n\t<meta property=\"og:image:height\" content=\"435\" \/>\n\t<meta property=\"og:image:type\" content=\"image\/jpeg\" \/>\n<meta name=\"twitter:card\" content=\"summary_large_image\" \/>\n<meta name=\"twitter:label1\" content=\"Dur\u00e9e de lecture estim\u00e9e\" \/>\n\t<meta name=\"twitter:data1\" content=\"2 minutes\" \/>\n<!-- \/ Yoast SEO plugin. -->","yoast_head_json":{"title":"Projets pour les droits de l'enfant en Afrique | BICE","description":"ONG en Afrique depuis plus de 20 ans, le BICE intervient r\u00e9guli\u00e8rement pour d\u00e9fendre les droits et la dignit\u00e9 des enfants en Afrique.","robots":{"index":"index","follow":"follow","max-snippet":"max-snippet:-1","max-image-preview":"max-image-preview:large","max-video-preview":"max-video-preview:-1"},"canonical":"https:\/\/bice.org\/fr\/wp-json\/wp\/v2\/pages\/9588","og_locale":"fr_FR","og_type":"article","og_title":"Projets pour les droits de l'enfant en Afrique | BICE","og_description":"ONG en Afrique depuis plus de 20 ans, le BICE intervient r\u00e9guli\u00e8rement pour d\u00e9fendre les droits et la dignit\u00e9 des enfants en Afrique.","og_url":"https:\/\/bice.org\/fr\/actions-de-terrain\/programmes-et-projets\/afrique\/","og_site_name":"BICE - ONG de protection des droits de l&#039;enfant","article_modified_time":"2024-04-19T13:42:36+00:00","og_image":[{"width":750,"height":435,"url":"https:\/\/i0.wp.com\/bice.org\/app\/uploads\/2020\/05\/afrique-e1713534060324.jpg?fit=750%2C435&ssl=1","type":"image\/jpeg"}],"twitter_card":"summary_large_image","twitter_misc":{"Dur\u00e9e de lecture estim\u00e9e":"2 minutes"},"schema":{"@context":"https:\/\/schema.org","@graph":[{"@type":"WebPage","@id":"https:\/\/bice.org\/fr\/actions-de-terrain\/programmes-et-projets\/afrique\/","url":"https:\/\/bice.org\/fr\/actions-de-terrain\/programmes-et-projets\/afrique\/","name":"Projets pour les droits de l'enfant en Afrique | BICE","isPartOf":{"@id":"https:\/\/bice.org\/fr\/#website"},"primaryImageOfPage":{"@id":"https:\/\/bice.org\/fr\/actions-de-terrain\/programmes-et-projets\/afrique\/#primaryimage"},"image":{"@id":"https:\/\/bice.org\/fr\/actions-de-terrain\/programmes-et-projets\/afrique\/#primaryimage"},"thumbnailUrl":"https:\/\/i0.wp.com\/bice.org\/app\/uploads\/2020\/05\/afrique-e1713534060324.jpg?fit=750%2C435&ssl=1","datePublished":"2015-11-06T10:30:01+00:00","dateModified":"2024-04-19T13:42:36+00:00","description":"ONG en Afrique depuis plus de 20 ans, le BICE intervient r\u00e9guli\u00e8rement pour d\u00e9fendre les droits et la dignit\u00e9 des enfants en Afrique.","breadcrumb":{"@id":"https:\/\/bice.org\/fr\/actions-de-terrain\/programmes-et-projets\/afrique\/#breadcrumb"},"inLanguage":"fr-FR","potentialAction":[{"@type":"ReadAction","target":["https:\/\/bice.org\/fr\/actions-de-terrain\/programmes-et-projets\/afrique\/"]}]},{"@type":"ImageObject","inLanguage":"fr-FR","@id":"https:\/\/bice.org\/fr\/actions-de-terrain\/programmes-et-projets\/afrique\/#primaryimage","url":"https:\/\/i0.wp.com\/bice.org\/app\/uploads\/2020\/05\/afrique-e1713534060324.jpg?fit=750%2C435&ssl=1","contentUrl":"https:\/\/i0.wp.com\/bice.org\/app\/uploads\/2020\/05\/afrique-e1713534060324.jpg?fit=750%2C435&ssl=1","width":750,"height":435,"caption":"Jeune femme en Afrique"},{"@type":"BreadcrumbList","@id":"https:\/\/bice.org\/fr\/actions-de-terrain\/programmes-et-projets\/afrique\/#breadcrumb","itemListElement":[{"@type":"ListItem","position":1,"name":"Accueil","item":"https:\/\/bice.org\/fr\/"},{"@type":"ListItem","position":2,"name":"Nos actions de terrain","item":"https:\/\/bice.org\/fr\/actions-de-terrain\/"},{"@type":"ListItem","position":3,"name":"Zones d&#8217;action du BICE","item":"https:\/\/bice.org\/fr\/actions-de-terrain\/programmes-et-projets\/"},{"@type":"ListItem","position":4,"name":"Enfants d&#8217;Afrique"}]},{"@type":"WebSite","@id":"https:\/\/bice.org\/fr\/#website","url":"https:\/\/bice.org\/fr\/","name":"BICE - ONG de protection des droits de l&#039;enfant","description":"Notre mission : D\u00e9fendre les droits et la dignit\u00e9 des enfants partout dans le monde","publisher":{"@id":"https:\/\/bice.org\/fr\/#organization"},"potentialAction":[{"@type":"SearchAction","target":{"@type":"EntryPoint","urlTemplate":"https:\/\/bice.org\/fr\/?s={search_term_string}"},"query-input":{"@type":"PropertyValueSpecification","valueRequired":true,"valueName":"search_term_string"}}],"inLanguage":"fr-FR"},{"@type":"Organization","@id":"https:\/\/bice.org\/fr\/#organization","name":"BICE","url":"https:\/\/bice.org\/fr\/","logo":{"@type":"ImageObject","inLanguage":"fr-FR","@id":"https:\/\/bice.org\/fr\/#\/schema\/logo\/image\/","url":"https:\/\/bice.org\/app\/uploads\/2022\/06\/favicon.ico","contentUrl":"https:\/\/bice.org\/app\/uploads\/2022\/06\/favicon.ico","width":64,"height":64,"caption":"BICE"},"image":{"@id":"https:\/\/bice.org\/fr\/#\/schema\/logo\/image\/"}}]}},"jetpack_sharing_enabled":true,"_links":{"self":[{"href":"https:\/\/bice.org\/fr\/wp-json\/wp\/v2\/pages\/9588","targetHints":{"allow":["GET"]}}],"collection":[{"href":"https:\/\/bice.org\/fr\/wp-json\/wp\/v2\/pages"}],"about":[{"href":"https:\/\/bice.org\/fr\/wp-json\/wp\/v2\/types\/page"}],"author":[{"embeddable":true,"href":"https:\/\/bice.org\/fr\/wp-json\/wp\/v2\/users\/1"}],"replies":[{"embeddable":true,"href":"https:\/\/bice.org\/fr\/wp-json\/wp\/v2\/comments?post=9588"}],"version-history":[{"count":0,"href":"https:\/\/bice.org\/fr\/wp-json\/wp\/v2\/pages\/9588\/revisions"}],"up":[{"embeddable":true,"href":"https:\/\/bice.org\/fr\/wp-json\/wp\/v2\/pages\/9551"}],"wp:featuredmedia":[{"embeddable":true,"href":"https:\/\/bice.org\/fr\/wp-json\/wp\/v2\/media\/46439"}],"wp:attachment":[{"href":"https:\/\/bice.org\/fr\/wp-json\/wp\/v2\/media?parent=9588"}],"curies":[{"name":"wp","href":"https:\/\/api.w.org\/{rel}","templated":true}]}}