{"id":9608,"date":"2015-11-06T10:37:30","date_gmt":"2015-11-06T10:37:30","guid":{"rendered":"https:\/\/bice.org\/fr\/?page_id=9608"},"modified":"2025-11-05T19:27:20","modified_gmt":"2025-11-05T18:27:20","slug":"amerique-latine-et-caraibes","status":"publish","type":"page","link":"https:\/\/bice.org\/fr\/actions-de-terrain\/programmes-et-projets\/amerique-latine-et-caraibes\/","title":{"rendered":"Enfants d&#8217;Am\u00e9rique latine"},"content":{"rendered":"\n<h2 class=\"wp-block-heading\">Accompagnement de projets locaux<\/h2>\n\n\n\n<p>Depuis les ann\u00e9es 1990, le BICE s\u2019investit en Am\u00e9rique latine et dans les Cara\u00efbes. Il soutient des projets locaux ayant pour but de garantir aux enfants des conditions de vie dignes. Le BICE soutient ou a soutenu dans cette r\u00e9gion des projets pour accompagner les <a href=\"https:\/\/bice.org\/fr\/actions-de-terrain\/domaines-daction\/association-violence-enfance\/\">enfants victimes de violence et d\u2019abus sexuels<\/a> (Argentine, Chili, Paraguay, P\u00e9rou, R\u00e9publique Dominicaine et Uruguay), les <a href=\"https:\/\/bice.org\/fr\/actions-de-terrain\/domaines-daction\/le-bice-une-association-qui-agit-pour-le-droit-a-leducation-de-tous-les-enfants\/\">enfants vuln\u00e9rables \u00e9loign\u00e9s de l\u2019\u00e9cole<\/a> (Argentine, Guatemala, Paraguay et P\u00e9rou), les <a href=\"https:\/\/bice.org\/fr\/actions-de-terrain\/domaines-daction\/le-bice-oeuvre-pour-le-developpement-dune-justice-reparatrice\/\">enfants en conflit avec la loi <\/a>(Br\u00e9sil, Colombie, \u00c9quateur, Guatemala et P\u00e9rou), les <a href=\"https:\/\/bice.org\/fr\/actions-de-terrain\/domaines-daction\/le-bice-aide-les-familles-a-se-reconstruire-face-aux-crises\/\">enfants victimes des crises sanitaires, \u00e9conomiques et sociales<\/a> (Argentine, Bolivie, Chili, Colombie, Guatemala, Paraguay, P\u00e9rou et Venezuela).<\/p>\n\n\n\n<h2 class=\"wp-block-heading\">\u00c9changes d\u2019exp\u00e9riences et formations<\/h2>\n\n\n\n<p>Le BICE agit \u00e9galement en tant que plateforme de r\u00e9flexion et catalyseur pour promouvoir et d\u00e9fendre les droits de l\u2019enfant dans cette r\u00e9gion. Avec ses partenaires locaux, il organise et soutient des \u00e9changes d\u2019exp\u00e9riences sur les diff\u00e9rentes th\u00e9matiques mentionn\u00e9es ci-dessus. Et ce, \u00e0 travers des formations, des ateliers, des s\u00e9minaires, des visites d\u2019\u00e9tudes et des conf\u00e9rences. Deux exemples&nbsp;: le colloque sur le th\u00e8me de la lutte contre la violence \u00e0 l\u2019\u00e9gard des enfants (2020) qui a r\u00e9uni 11 pays de la r\u00e9gion. Et celui sur les acquis de la politique de protection de l\u2019enfant en milieu \u00e9ducatif au Guatemala et au Paraguay (2022) qui a permis de partager cette bonne pratique entre huit pays.<\/p>\n\n\n\n<p>Ces \u00e9changes sont essentiels pour \u00e9largir les horizons ; renforcer les connaissances des professionnels et de ceux qui sont en contact r\u00e9gulier avec les enfants.<\/p>\n\n\n\n<h2 class=\"wp-block-heading\">Des formations Tuteurs de r\u00e9silience<\/h2>\n\n\n\n<p>Avec son partenaire, l\u2019Universit\u00e9 catholique de Milan, le BICE organise de surcro\u00eet des formations <a href=\"https:\/\/bice.org\/fr\/actions-de-terrain\/domaines-daction\/tuteurs-de-resilience\/\">Tuteurs de r\u00e9silience<\/a>. Les pays : Chili, El Salvador, Honduras, Guatemala, Ha\u00efti, Paraguay, P\u00e9rou et Uruguay.<\/p>\n\n\n\n<p>Aussi, depuis 2012, afin de renforcer les actions de promotion et de&nbsp;protection des droits de l\u2019enfant, ce sont progressivement constitu\u00e9s des sous-r\u00e9seaux nationaux (<em>Mesa<\/em>), au Chili, au Br\u00e9sil, en Argentine et en Am\u00e9rique centrale (Guatemala, El Salvador et Honduras).<\/p>\n\n\n\n<p>Enfin, toutes ces actions sont compl\u00e9t\u00e9es par des activit\u00e9s de plaidoyer aupr\u00e8s des instances locales, nationales et internationales.<\/p>\n","protected":false},"excerpt":{"rendered":"<p>Le BICE accompagne ses partenaires locaux depuis plus de 30 ans en Am\u00e9rique latine et dans les Cara\u00efbes, en soutenant des projets de terrain et organisant r\u00e9guli\u00e8rement des formations et des sessions de partage d&#8217;exp\u00e9riences.<\/p>\n","protected":false},"author":1,"featured_media":314340,"parent":9551,"menu_order":0,"comment_status":"closed","ping_status":"closed","template":"views\/page-region.blade.php","meta":{"_acf_changed":false,"footnotes":""},"class_list":["post-9608","page","type-page","status-publish","has-post-thumbnail","hentry"],"acf":[],"yoast_head":"<!-- This site is optimized with the Yoast SEO plugin v27.2 - https:\/\/yoast.com\/product\/yoast-seo-wordpress\/ -->\n<title>Enfants d&#039;Am\u00e9rique latine : projets BICE droits de l&#039;enfant<\/title>\n<meta name=\"description\" content=\"ONG, le BICE intervient r\u00e9guli\u00e8rement pour d\u00e9fendre les droits et la dignit\u00e9 des enfants en Am\u00e9rique latine et dans les Cara\u00efbes.\" \/>\n<meta name=\"robots\" content=\"index, follow, max-snippet:-1, max-image-preview:large, max-video-preview:-1\" \/>\n<link rel=\"canonical\" href=\"https:\/\/bice.org\/fr\/wp-json\/wp\/v2\/pages\/9608\" \/>\n<meta property=\"og:locale\" content=\"fr_FR\" \/>\n<meta property=\"og:type\" content=\"article\" \/>\n<meta property=\"og:title\" content=\"Enfants d&#039;Am\u00e9rique latine : projets BICE droits de l&#039;enfant\" \/>\n<meta property=\"og:description\" content=\"ONG, le BICE intervient r\u00e9guli\u00e8rement pour d\u00e9fendre les droits et la dignit\u00e9 des enfants en Am\u00e9rique latine et dans les Cara\u00efbes.\" \/>\n<meta property=\"og:url\" content=\"https:\/\/bice.org\/fr\/actions-de-terrain\/programmes-et-projets\/amerique-latine-et-caraibes\/\" \/>\n<meta property=\"og:site_name\" content=\"BICE - ONG de protection des droits de l&#039;enfant\" \/>\n<meta property=\"article:modified_time\" content=\"2025-11-05T18:27:20+00:00\" \/>\n<meta property=\"og:image\" content=\"https:\/\/i0.wp.com\/bice.org\/app\/uploads\/2025\/10\/bresil-web.jpg?fit=1000%2C580&ssl=1\" \/>\n\t<meta property=\"og:image:width\" content=\"1000\" \/>\n\t<meta property=\"og:image:height\" content=\"580\" \/>\n\t<meta property=\"og:image:type\" content=\"image\/jpeg\" \/>\n<meta name=\"twitter:card\" content=\"summary_large_image\" \/>\n<meta name=\"twitter:label1\" content=\"Dur\u00e9e de lecture estim\u00e9e\" \/>\n\t<meta name=\"twitter:data1\" content=\"2 minutes\" \/>\n<!-- \/ Yoast SEO plugin. -->","yoast_head_json":{"title":"Enfants d'Am\u00e9rique latine : projets BICE droits de l'enfant","description":"ONG, le BICE intervient r\u00e9guli\u00e8rement pour d\u00e9fendre les droits et la dignit\u00e9 des enfants en Am\u00e9rique latine et dans les Cara\u00efbes.","robots":{"index":"index","follow":"follow","max-snippet":"max-snippet:-1","max-image-preview":"max-image-preview:large","max-video-preview":"max-video-preview:-1"},"canonical":"https:\/\/bice.org\/fr\/wp-json\/wp\/v2\/pages\/9608","og_locale":"fr_FR","og_type":"article","og_title":"Enfants d'Am\u00e9rique latine : projets BICE droits de l'enfant","og_description":"ONG, le BICE intervient r\u00e9guli\u00e8rement pour d\u00e9fendre les droits et la dignit\u00e9 des enfants en Am\u00e9rique latine et dans les Cara\u00efbes.","og_url":"https:\/\/bice.org\/fr\/actions-de-terrain\/programmes-et-projets\/amerique-latine-et-caraibes\/","og_site_name":"BICE - ONG de protection des droits de l&#039;enfant","article_modified_time":"2025-11-05T18:27:20+00:00","og_image":[{"width":1000,"height":580,"url":"https:\/\/i0.wp.com\/bice.org\/app\/uploads\/2025\/10\/bresil-web.jpg?fit=1000%2C580&ssl=1","type":"image\/jpeg"}],"twitter_card":"summary_large_image","twitter_misc":{"Dur\u00e9e de lecture estim\u00e9e":"2 minutes"},"schema":{"@context":"https:\/\/schema.org","@graph":[{"@type":"WebPage","@id":"https:\/\/bice.org\/fr\/actions-de-terrain\/programmes-et-projets\/amerique-latine-et-caraibes\/","url":"https:\/\/bice.org\/fr\/actions-de-terrain\/programmes-et-projets\/amerique-latine-et-caraibes\/","name":"Enfants d'Am\u00e9rique latine : projets BICE droits de l'enfant","isPartOf":{"@id":"https:\/\/bice.org\/fr\/#website"},"primaryImageOfPage":{"@id":"https:\/\/bice.org\/fr\/actions-de-terrain\/programmes-et-projets\/amerique-latine-et-caraibes\/#primaryimage"},"image":{"@id":"https:\/\/bice.org\/fr\/actions-de-terrain\/programmes-et-projets\/amerique-latine-et-caraibes\/#primaryimage"},"thumbnailUrl":"https:\/\/i0.wp.com\/bice.org\/app\/uploads\/2025\/10\/bresil-web.jpg?fit=1000%2C580&ssl=1","datePublished":"2015-11-06T10:37:30+00:00","dateModified":"2025-11-05T18:27:20+00:00","description":"ONG, le BICE intervient r\u00e9guli\u00e8rement pour d\u00e9fendre les droits et la dignit\u00e9 des enfants en Am\u00e9rique latine et dans les Cara\u00efbes.","breadcrumb":{"@id":"https:\/\/bice.org\/fr\/actions-de-terrain\/programmes-et-projets\/amerique-latine-et-caraibes\/#breadcrumb"},"inLanguage":"fr-FR","potentialAction":[{"@type":"ReadAction","target":["https:\/\/bice.org\/fr\/actions-de-terrain\/programmes-et-projets\/amerique-latine-et-caraibes\/"]}]},{"@type":"ImageObject","inLanguage":"fr-FR","@id":"https:\/\/bice.org\/fr\/actions-de-terrain\/programmes-et-projets\/amerique-latine-et-caraibes\/#primaryimage","url":"https:\/\/i0.wp.com\/bice.org\/app\/uploads\/2025\/10\/bresil-web.jpg?fit=1000%2C580&ssl=1","contentUrl":"https:\/\/i0.wp.com\/bice.org\/app\/uploads\/2025\/10\/bresil-web.jpg?fit=1000%2C580&ssl=1","width":1000,"height":580,"caption":"\u00a9 Adobe Stock"},{"@type":"BreadcrumbList","@id":"https:\/\/bice.org\/fr\/actions-de-terrain\/programmes-et-projets\/amerique-latine-et-caraibes\/#breadcrumb","itemListElement":[{"@type":"ListItem","position":1,"name":"Accueil","item":"https:\/\/bice.org\/fr\/"},{"@type":"ListItem","position":2,"name":"Nos actions de terrain","item":"https:\/\/bice.org\/fr\/actions-de-terrain\/"},{"@type":"ListItem","position":3,"name":"Zones d&#8217;action du BICE","item":"https:\/\/bice.org\/fr\/actions-de-terrain\/programmes-et-projets\/"},{"@type":"ListItem","position":4,"name":"Enfants d&#8217;Am\u00e9rique latine"}]},{"@type":"WebSite","@id":"https:\/\/bice.org\/fr\/#website","url":"https:\/\/bice.org\/fr\/","name":"BICE - ONG de protection des droits de l&#039;enfant","description":"Notre mission : D\u00e9fendre les droits et la dignit\u00e9 des enfants partout dans le monde","publisher":{"@id":"https:\/\/bice.org\/fr\/#organization"},"potentialAction":[{"@type":"SearchAction","target":{"@type":"EntryPoint","urlTemplate":"https:\/\/bice.org\/fr\/?s={search_term_string}"},"query-input":{"@type":"PropertyValueSpecification","valueRequired":true,"valueName":"search_term_string"}}],"inLanguage":"fr-FR"},{"@type":"Organization","@id":"https:\/\/bice.org\/fr\/#organization","name":"BICE","url":"https:\/\/bice.org\/fr\/","logo":{"@type":"ImageObject","inLanguage":"fr-FR","@id":"https:\/\/bice.org\/fr\/#\/schema\/logo\/image\/","url":"https:\/\/bice.org\/app\/uploads\/2022\/06\/favicon.ico","contentUrl":"https:\/\/bice.org\/app\/uploads\/2022\/06\/favicon.ico","width":64,"height":64,"caption":"BICE"},"image":{"@id":"https:\/\/bice.org\/fr\/#\/schema\/logo\/image\/"}}]}},"jetpack_sharing_enabled":true,"_links":{"self":[{"href":"https:\/\/bice.org\/fr\/wp-json\/wp\/v2\/pages\/9608","targetHints":{"allow":["GET"]}}],"collection":[{"href":"https:\/\/bice.org\/fr\/wp-json\/wp\/v2\/pages"}],"about":[{"href":"https:\/\/bice.org\/fr\/wp-json\/wp\/v2\/types\/page"}],"author":[{"embeddable":true,"href":"https:\/\/bice.org\/fr\/wp-json\/wp\/v2\/users\/1"}],"replies":[{"embeddable":true,"href":"https:\/\/bice.org\/fr\/wp-json\/wp\/v2\/comments?post=9608"}],"version-history":[{"count":1,"href":"https:\/\/bice.org\/fr\/wp-json\/wp\/v2\/pages\/9608\/revisions"}],"predecessor-version":[{"id":314444,"href":"https:\/\/bice.org\/fr\/wp-json\/wp\/v2\/pages\/9608\/revisions\/314444"}],"up":[{"embeddable":true,"href":"https:\/\/bice.org\/fr\/wp-json\/wp\/v2\/pages\/9551"}],"wp:featuredmedia":[{"embeddable":true,"href":"https:\/\/bice.org\/fr\/wp-json\/wp\/v2\/media\/314340"}],"wp:attachment":[{"href":"https:\/\/bice.org\/fr\/wp-json\/wp\/v2\/media?parent=9608"}],"curies":[{"name":"wp","href":"https:\/\/api.w.org\/{rel}","templated":true}]}}