{"id":9639,"date":"2015-11-06T10:46:52","date_gmt":"2015-11-06T10:46:52","guid":{"rendered":"https:\/\/bice.org\/fr\/?page_id=9639"},"modified":"2023-03-23T10:11:02","modified_gmt":"2023-03-23T09:11:02","slug":"asie-et-moyen-orient","status":"publish","type":"page","link":"https:\/\/bice.org\/fr\/actions-de-terrain\/programmes-et-projets\/asie-et-moyen-orient\/","title":{"rendered":"Enfants d&#8217;Asie et du Proche-Orient"},"content":{"rendered":"","protected":false},"excerpt":{"rendered":"","protected":false},"author":1,"featured_media":8779,"parent":9551,"menu_order":0,"comment_status":"closed","ping_status":"closed","template":"views\/page-region.blade.php","meta":{"_acf_changed":false,"footnotes":""},"class_list":["post-9639","page","type-page","status-publish","has-post-thumbnail","hentry"],"acf":[],"yoast_head":"<!-- This site is optimized with the Yoast SEO plugin v27.2 - https:\/\/yoast.com\/product\/yoast-seo-wordpress\/ -->\n<title>Asie et Proche-Orient, zones d&#039;intervention du BICE<\/title>\n<meta name=\"description\" content=\"Le BICE agit r\u00e9guli\u00e8rement aux c\u00f4t\u00e9s de ses partenaires pour d\u00e9fendre les droits et la dignit\u00e9 des enfants en Asie et Proche-Orient.\" \/>\n<meta name=\"robots\" content=\"index, follow, max-snippet:-1, max-image-preview:large, max-video-preview:-1\" \/>\n<link rel=\"canonical\" href=\"https:\/\/bice.org\/fr\/wp-json\/wp\/v2\/pages\/9639\" \/>\n<meta property=\"og:locale\" content=\"fr_FR\" \/>\n<meta property=\"og:type\" content=\"article\" \/>\n<meta property=\"og:title\" content=\"Asie et Proche-Orient, zones d&#039;intervention du BICE\" \/>\n<meta property=\"og:description\" content=\"Le BICE agit r\u00e9guli\u00e8rement aux c\u00f4t\u00e9s de ses partenaires pour d\u00e9fendre les droits et la dignit\u00e9 des enfants en Asie et Proche-Orient.\" \/>\n<meta property=\"og:url\" content=\"https:\/\/bice.org\/fr\/actions-de-terrain\/programmes-et-projets\/asie-et-moyen-orient\/\" \/>\n<meta property=\"og:site_name\" content=\"BICE - ONG de protection des droits de l&#039;enfant\" \/>\n<meta property=\"article:modified_time\" content=\"2023-03-23T09:11:02+00:00\" \/>\n<meta property=\"og:image\" content=\"https:\/\/i0.wp.com\/bice.org\/app\/uploads\/2015\/11\/Cambodge_2008_Prevention_Atelier_Parents_%40ILesser_19.jpg?fit=1000%2C435&ssl=1\" \/>\n\t<meta property=\"og:image:width\" content=\"1000\" \/>\n\t<meta property=\"og:image:height\" content=\"435\" \/>\n\t<meta property=\"og:image:type\" content=\"image\/jpeg\" \/>\n<meta name=\"twitter:card\" content=\"summary_large_image\" \/>\n<!-- \/ Yoast SEO plugin. -->","yoast_head_json":{"title":"Asie et Proche-Orient, zones d'intervention du BICE","description":"Le BICE agit r\u00e9guli\u00e8rement aux c\u00f4t\u00e9s de ses partenaires pour d\u00e9fendre les droits et la dignit\u00e9 des enfants en Asie et Proche-Orient.","robots":{"index":"index","follow":"follow","max-snippet":"max-snippet:-1","max-image-preview":"max-image-preview:large","max-video-preview":"max-video-preview:-1"},"canonical":"https:\/\/bice.org\/fr\/wp-json\/wp\/v2\/pages\/9639","og_locale":"fr_FR","og_type":"article","og_title":"Asie et Proche-Orient, zones d'intervention du BICE","og_description":"Le BICE agit r\u00e9guli\u00e8rement aux c\u00f4t\u00e9s de ses partenaires pour d\u00e9fendre les droits et la dignit\u00e9 des enfants en Asie et Proche-Orient.","og_url":"https:\/\/bice.org\/fr\/actions-de-terrain\/programmes-et-projets\/asie-et-moyen-orient\/","og_site_name":"BICE - ONG de protection des droits de l&#039;enfant","article_modified_time":"2023-03-23T09:11:02+00:00","og_image":[{"width":1000,"height":435,"url":"https:\/\/i0.wp.com\/bice.org\/app\/uploads\/2015\/11\/Cambodge_2008_Prevention_Atelier_Parents_%40ILesser_19.jpg?fit=1000%2C435&ssl=1","type":"image\/jpeg"}],"twitter_card":"summary_large_image","schema":{"@context":"https:\/\/schema.org","@graph":[{"@type":"WebPage","@id":"https:\/\/bice.org\/fr\/actions-de-terrain\/programmes-et-projets\/asie-et-moyen-orient\/","url":"https:\/\/bice.org\/fr\/actions-de-terrain\/programmes-et-projets\/asie-et-moyen-orient\/","name":"Asie et Proche-Orient, zones d'intervention du BICE","isPartOf":{"@id":"https:\/\/bice.org\/fr\/#website"},"primaryImageOfPage":{"@id":"https:\/\/bice.org\/fr\/actions-de-terrain\/programmes-et-projets\/asie-et-moyen-orient\/#primaryimage"},"image":{"@id":"https:\/\/bice.org\/fr\/actions-de-terrain\/programmes-et-projets\/asie-et-moyen-orient\/#primaryimage"},"thumbnailUrl":"https:\/\/i0.wp.com\/bice.org\/app\/uploads\/2015\/11\/Cambodge_2008_Prevention_Atelier_Parents_%40ILesser_19.jpg?fit=1000%2C435&ssl=1","datePublished":"2015-11-06T10:46:52+00:00","dateModified":"2023-03-23T09:11:02+00:00","description":"Le BICE agit r\u00e9guli\u00e8rement aux c\u00f4t\u00e9s de ses partenaires pour d\u00e9fendre les droits et la dignit\u00e9 des enfants en Asie et Proche-Orient.","breadcrumb":{"@id":"https:\/\/bice.org\/fr\/actions-de-terrain\/programmes-et-projets\/asie-et-moyen-orient\/#breadcrumb"},"inLanguage":"fr-FR","potentialAction":[{"@type":"ReadAction","target":["https:\/\/bice.org\/fr\/actions-de-terrain\/programmes-et-projets\/asie-et-moyen-orient\/"]}]},{"@type":"ImageObject","inLanguage":"fr-FR","@id":"https:\/\/bice.org\/fr\/actions-de-terrain\/programmes-et-projets\/asie-et-moyen-orient\/#primaryimage","url":"https:\/\/i0.wp.com\/bice.org\/app\/uploads\/2015\/11\/Cambodge_2008_Prevention_Atelier_Parents_%40ILesser_19.jpg?fit=1000%2C435&ssl=1","contentUrl":"https:\/\/i0.wp.com\/bice.org\/app\/uploads\/2015\/11\/Cambodge_2008_Prevention_Atelier_Parents_%40ILesser_19.jpg?fit=1000%2C435&ssl=1","width":1000,"height":435,"caption":"\u00a9I. Lesser Cambodge - 2008"},{"@type":"BreadcrumbList","@id":"https:\/\/bice.org\/fr\/actions-de-terrain\/programmes-et-projets\/asie-et-moyen-orient\/#breadcrumb","itemListElement":[{"@type":"ListItem","position":1,"name":"Accueil","item":"https:\/\/bice.org\/fr\/"},{"@type":"ListItem","position":2,"name":"Nos actions de terrain","item":"https:\/\/bice.org\/fr\/actions-de-terrain\/"},{"@type":"ListItem","position":3,"name":"Zones d&#8217;action du BICE","item":"https:\/\/bice.org\/fr\/actions-de-terrain\/programmes-et-projets\/"},{"@type":"ListItem","position":4,"name":"Enfants d&#8217;Asie et du Proche-Orient"}]},{"@type":"WebSite","@id":"https:\/\/bice.org\/fr\/#website","url":"https:\/\/bice.org\/fr\/","name":"BICE - ONG de protection des droits de l&#039;enfant","description":"Notre mission : D\u00e9fendre les droits et la dignit\u00e9 des enfants partout dans le monde","publisher":{"@id":"https:\/\/bice.org\/fr\/#organization"},"potentialAction":[{"@type":"SearchAction","target":{"@type":"EntryPoint","urlTemplate":"https:\/\/bice.org\/fr\/?s={search_term_string}"},"query-input":{"@type":"PropertyValueSpecification","valueRequired":true,"valueName":"search_term_string"}}],"inLanguage":"fr-FR"},{"@type":"Organization","@id":"https:\/\/bice.org\/fr\/#organization","name":"BICE","url":"https:\/\/bice.org\/fr\/","logo":{"@type":"ImageObject","inLanguage":"fr-FR","@id":"https:\/\/bice.org\/fr\/#\/schema\/logo\/image\/","url":"https:\/\/bice.org\/app\/uploads\/2022\/06\/favicon.ico","contentUrl":"https:\/\/bice.org\/app\/uploads\/2022\/06\/favicon.ico","width":64,"height":64,"caption":"BICE"},"image":{"@id":"https:\/\/bice.org\/fr\/#\/schema\/logo\/image\/"}}]}},"jetpack_sharing_enabled":true,"_links":{"self":[{"href":"https:\/\/bice.org\/fr\/wp-json\/wp\/v2\/pages\/9639","targetHints":{"allow":["GET"]}}],"collection":[{"href":"https:\/\/bice.org\/fr\/wp-json\/wp\/v2\/pages"}],"about":[{"href":"https:\/\/bice.org\/fr\/wp-json\/wp\/v2\/types\/page"}],"author":[{"embeddable":true,"href":"https:\/\/bice.org\/fr\/wp-json\/wp\/v2\/users\/1"}],"replies":[{"embeddable":true,"href":"https:\/\/bice.org\/fr\/wp-json\/wp\/v2\/comments?post=9639"}],"version-history":[{"count":0,"href":"https:\/\/bice.org\/fr\/wp-json\/wp\/v2\/pages\/9639\/revisions"}],"up":[{"embeddable":true,"href":"https:\/\/bice.org\/fr\/wp-json\/wp\/v2\/pages\/9551"}],"wp:featuredmedia":[{"embeddable":true,"href":"https:\/\/bice.org\/fr\/wp-json\/wp\/v2\/media\/8779"}],"wp:attachment":[{"href":"https:\/\/bice.org\/fr\/wp-json\/wp\/v2\/media?parent=9639"}],"curies":[{"name":"wp","href":"https:\/\/api.w.org\/{rel}","templated":true}]}}