{"id":9647,"date":"2015-11-06T10:51:48","date_gmt":"2015-11-06T10:51:48","guid":{"rendered":"https:\/\/bice.org\/fr\/?page_id=9647"},"modified":"2023-03-07T16:16:32","modified_gmt":"2023-03-07T15:16:32","slug":"europe-et-cei","status":"publish","type":"page","link":"https:\/\/bice.org\/fr\/actions-de-terrain\/programmes-et-projets\/europe-et-cei\/","title":{"rendered":"Enfants d&#8217;Europe"},"content":{"rendered":"\n<h2 class=\"wp-block-heading\">Accompagnement de projets locaux<\/h2>\n\n\n\n<p>Depuis 25 ans, le BICE s\u2019investit en Europe. Il soutient des projets locaux ayant pour but de garantir aux enfants des conditions de vie dignes. Plusieurs actions en direction des enfants en situation de handicap sont notamment d\u00e9velopp\u00e9es depuis 1996 en Russie et en G\u00e9orgie. Le BICE soutient ou a aussi soutenu dans cette r\u00e9gion des projets pour accompagner des enfants en rupture sociale et familiale (Russie), des enfants d\u00e9plac\u00e9s ou r\u00e9fugi\u00e9s (Moldavie, Italie, Ukraine), des enfants victimes de violence et d\u2019abus sexuels (Arm\u00e9nie, G\u00e9orgie, Lituanie, Russie, Ukraine), des enfants en conflit avec la loi (Russie), des enfants victimes des crises sanitaires, \u00e9conomiques et sociales (Arm\u00e9nie, G\u00e9orgie, Russie).<\/p>\n\n\n\n<h2 class=\"wp-block-heading\">\u00c9changes d&#8217;exp\u00e9riences et formations<\/h2>\n\n\n\n<p>Le BICE agit \u00e9galement en tant que plateforme de r\u00e9flexion et catalyseur pour promouvoir et d\u00e9fendre les droits de l\u2019enfant dans cette r\u00e9gion. Avec ses partenaires locaux, il organise et soutient des \u00e9changes d\u2019exp\u00e9riences sur les diff\u00e9rentes th\u00e9matiques mentionn\u00e9es ci-dessus. Et ce, \u00e0 travers des formations, des ateliers, des visites d\u2019\u00e9tudes et des conf\u00e9rences. Ces \u00e9changes sont essentiels pour \u00e9largir les horizons et renforcer les connaissances des professionnels et de ceux qui sont en contact r\u00e9gulier avec les enfants.<\/p>\n\n\n\n<p>Pr\u00e9cisons, de surcro\u00eet, qu\u2019avec son partenaire l\u2019Universit\u00e9 catholique de Milan, le BICE organise des formations Tuteurs de r\u00e9silience (Italie, Espagne, Arm\u00e9nie, Ukraine\u2026).<\/p>\n\n\n\n<p>Enfin, toutes ces actions sont compl\u00e9t\u00e9es par des activit\u00e9s de plaidoyer aupr\u00e8s des instances locales, nationales et internationales.<\/p>\n","protected":false},"excerpt":{"rendered":"<p>Le BICE accompagne ses partenaires locaux depuis 25 ans en Europe, en soutenant des projets de terrain et organisant r\u00e9guli\u00e8rement des formations et des sessions de partage d&#8217;exp\u00e9riences.<\/p>\n","protected":false},"author":1,"featured_media":8782,"parent":9551,"menu_order":0,"comment_status":"closed","ping_status":"closed","template":"views\/page-region.blade.php","meta":{"_acf_changed":false,"footnotes":""},"class_list":["post-9647","page","type-page","status-publish","has-post-thumbnail","hentry"],"acf":[],"yoast_head":"<!-- This site is optimized with the Yoast SEO plugin v27.2 - https:\/\/yoast.com\/product\/yoast-seo-wordpress\/ -->\n<title>Europe | projets pour les droits de l&#039;enfant | BICE<\/title>\n<meta name=\"description\" content=\"Le BICE soutien les projets de ses partenaires locaux pour d\u00e9fendre les droits et la dignit\u00e9 des enfants en Europe.\" \/>\n<meta name=\"robots\" content=\"index, follow, max-snippet:-1, max-image-preview:large, max-video-preview:-1\" \/>\n<link rel=\"canonical\" href=\"https:\/\/bice.org\/fr\/wp-json\/wp\/v2\/pages\/9647\" \/>\n<meta property=\"og:locale\" content=\"fr_FR\" \/>\n<meta property=\"og:type\" content=\"article\" \/>\n<meta property=\"og:title\" content=\"Europe | projets pour les droits de l&#039;enfant | BICE\" \/>\n<meta property=\"og:description\" content=\"Le BICE soutien les projets de ses partenaires locaux pour d\u00e9fendre les droits et la dignit\u00e9 des enfants en Europe.\" \/>\n<meta property=\"og:url\" content=\"https:\/\/bice.org\/fr\/actions-de-terrain\/programmes-et-projets\/europe-et-cei\/\" \/>\n<meta property=\"og:site_name\" content=\"BICE - ONG de protection des droits de l&#039;enfant\" \/>\n<meta property=\"article:modified_time\" content=\"2023-03-07T15:16:32+00:00\" \/>\n<meta property=\"og:image\" content=\"https:\/\/i0.wp.com\/bice.org\/app\/uploads\/2015\/11\/EuropeTlouapre.jpg?fit=1000%2C435&ssl=1\" \/>\n\t<meta property=\"og:image:width\" content=\"1000\" \/>\n\t<meta property=\"og:image:height\" content=\"435\" \/>\n\t<meta property=\"og:image:type\" content=\"image\/jpeg\" \/>\n<meta name=\"twitter:card\" content=\"summary_large_image\" \/>\n<meta name=\"twitter:label1\" content=\"Dur\u00e9e de lecture estim\u00e9e\" \/>\n\t<meta name=\"twitter:data1\" content=\"2 minutes\" \/>\n<!-- \/ Yoast SEO plugin. -->","yoast_head_json":{"title":"Europe | projets pour les droits de l'enfant | BICE","description":"Le BICE soutien les projets de ses partenaires locaux pour d\u00e9fendre les droits et la dignit\u00e9 des enfants en Europe.","robots":{"index":"index","follow":"follow","max-snippet":"max-snippet:-1","max-image-preview":"max-image-preview:large","max-video-preview":"max-video-preview:-1"},"canonical":"https:\/\/bice.org\/fr\/wp-json\/wp\/v2\/pages\/9647","og_locale":"fr_FR","og_type":"article","og_title":"Europe | projets pour les droits de l'enfant | BICE","og_description":"Le BICE soutien les projets de ses partenaires locaux pour d\u00e9fendre les droits et la dignit\u00e9 des enfants en Europe.","og_url":"https:\/\/bice.org\/fr\/actions-de-terrain\/programmes-et-projets\/europe-et-cei\/","og_site_name":"BICE - ONG de protection des droits de l&#039;enfant","article_modified_time":"2023-03-07T15:16:32+00:00","og_image":[{"width":1000,"height":435,"url":"https:\/\/i0.wp.com\/bice.org\/app\/uploads\/2015\/11\/EuropeTlouapre.jpg?fit=1000%2C435&ssl=1","type":"image\/jpeg"}],"twitter_card":"summary_large_image","twitter_misc":{"Dur\u00e9e de lecture estim\u00e9e":"2 minutes"},"schema":{"@context":"https:\/\/schema.org","@graph":[{"@type":"WebPage","@id":"https:\/\/bice.org\/fr\/actions-de-terrain\/programmes-et-projets\/europe-et-cei\/","url":"https:\/\/bice.org\/fr\/actions-de-terrain\/programmes-et-projets\/europe-et-cei\/","name":"Europe | projets pour les droits de l'enfant | BICE","isPartOf":{"@id":"https:\/\/bice.org\/fr\/#website"},"primaryImageOfPage":{"@id":"https:\/\/bice.org\/fr\/actions-de-terrain\/programmes-et-projets\/europe-et-cei\/#primaryimage"},"image":{"@id":"https:\/\/bice.org\/fr\/actions-de-terrain\/programmes-et-projets\/europe-et-cei\/#primaryimage"},"thumbnailUrl":"https:\/\/i0.wp.com\/bice.org\/app\/uploads\/2015\/11\/EuropeTlouapre.jpg?fit=1000%2C435&ssl=1","datePublished":"2015-11-06T10:51:48+00:00","dateModified":"2023-03-07T15:16:32+00:00","description":"Le BICE soutien les projets de ses partenaires locaux pour d\u00e9fendre les droits et la dignit\u00e9 des enfants en Europe.","breadcrumb":{"@id":"https:\/\/bice.org\/fr\/actions-de-terrain\/programmes-et-projets\/europe-et-cei\/#breadcrumb"},"inLanguage":"fr-FR","potentialAction":[{"@type":"ReadAction","target":["https:\/\/bice.org\/fr\/actions-de-terrain\/programmes-et-projets\/europe-et-cei\/"]}]},{"@type":"ImageObject","inLanguage":"fr-FR","@id":"https:\/\/bice.org\/fr\/actions-de-terrain\/programmes-et-projets\/europe-et-cei\/#primaryimage","url":"https:\/\/i0.wp.com\/bice.org\/app\/uploads\/2015\/11\/EuropeTlouapre.jpg?fit=1000%2C435&ssl=1","contentUrl":"https:\/\/i0.wp.com\/bice.org\/app\/uploads\/2015\/11\/EuropeTlouapre.jpg?fit=1000%2C435&ssl=1","width":1000,"height":435,"caption":"\u00a9T Louapre"},{"@type":"BreadcrumbList","@id":"https:\/\/bice.org\/fr\/actions-de-terrain\/programmes-et-projets\/europe-et-cei\/#breadcrumb","itemListElement":[{"@type":"ListItem","position":1,"name":"Accueil","item":"https:\/\/bice.org\/fr\/"},{"@type":"ListItem","position":2,"name":"Nos actions de terrain","item":"https:\/\/bice.org\/fr\/actions-de-terrain\/"},{"@type":"ListItem","position":3,"name":"Zones d&#8217;action du BICE","item":"https:\/\/bice.org\/fr\/actions-de-terrain\/programmes-et-projets\/"},{"@type":"ListItem","position":4,"name":"Enfants d&#8217;Europe"}]},{"@type":"WebSite","@id":"https:\/\/bice.org\/fr\/#website","url":"https:\/\/bice.org\/fr\/","name":"BICE - ONG de protection des droits de l&#039;enfant","description":"Notre mission : D\u00e9fendre les droits et la dignit\u00e9 des enfants partout dans le monde","publisher":{"@id":"https:\/\/bice.org\/fr\/#organization"},"potentialAction":[{"@type":"SearchAction","target":{"@type":"EntryPoint","urlTemplate":"https:\/\/bice.org\/fr\/?s={search_term_string}"},"query-input":{"@type":"PropertyValueSpecification","valueRequired":true,"valueName":"search_term_string"}}],"inLanguage":"fr-FR"},{"@type":"Organization","@id":"https:\/\/bice.org\/fr\/#organization","name":"BICE","url":"https:\/\/bice.org\/fr\/","logo":{"@type":"ImageObject","inLanguage":"fr-FR","@id":"https:\/\/bice.org\/fr\/#\/schema\/logo\/image\/","url":"https:\/\/bice.org\/app\/uploads\/2022\/06\/favicon.ico","contentUrl":"https:\/\/bice.org\/app\/uploads\/2022\/06\/favicon.ico","width":64,"height":64,"caption":"BICE"},"image":{"@id":"https:\/\/bice.org\/fr\/#\/schema\/logo\/image\/"}}]}},"jetpack_sharing_enabled":true,"_links":{"self":[{"href":"https:\/\/bice.org\/fr\/wp-json\/wp\/v2\/pages\/9647","targetHints":{"allow":["GET"]}}],"collection":[{"href":"https:\/\/bice.org\/fr\/wp-json\/wp\/v2\/pages"}],"about":[{"href":"https:\/\/bice.org\/fr\/wp-json\/wp\/v2\/types\/page"}],"author":[{"embeddable":true,"href":"https:\/\/bice.org\/fr\/wp-json\/wp\/v2\/users\/1"}],"replies":[{"embeddable":true,"href":"https:\/\/bice.org\/fr\/wp-json\/wp\/v2\/comments?post=9647"}],"version-history":[{"count":0,"href":"https:\/\/bice.org\/fr\/wp-json\/wp\/v2\/pages\/9647\/revisions"}],"up":[{"embeddable":true,"href":"https:\/\/bice.org\/fr\/wp-json\/wp\/v2\/pages\/9551"}],"wp:featuredmedia":[{"embeddable":true,"href":"https:\/\/bice.org\/fr\/wp-json\/wp\/v2\/media\/8782"}],"wp:attachment":[{"href":"https:\/\/bice.org\/fr\/wp-json\/wp\/v2\/media?parent=9647"}],"curies":[{"name":"wp","href":"https:\/\/api.w.org\/{rel}","templated":true}]}}