{"id":9728,"date":"2015-11-06T11:47:41","date_gmt":"2015-11-06T11:47:41","guid":{"rendered":"https:\/\/bice.org\/fr\/?page_id=9728"},"modified":"2024-06-13T11:01:00","modified_gmt":"2024-06-13T09:01:00","slug":"recherche-et-reflexion","status":"publish","type":"page","link":"https:\/\/bice.org\/fr\/plaidoyer\/recherche-et-reflexion\/","title":{"rendered":"Recherche et publications"},"content":{"rendered":"<h2>DERNIERES FORMATIONS<\/h2>\n<ul>\n<li><a href=\"https:\/\/bice.org\/fr\/protection-des-droits-de-lenfant-de-nouveaux-outils-audiovisuels-de-plaidoyer\/\">Protection des droits de l\u2019enfant. De nouveaux outils audiovisuels de plaidoyer<\/a><\/li>\n<li><a href=\"https:\/\/bice.org\/fr\/former-nos-partenaires-a-laide-a-la-resilience-appliquee\/\">Former nos partenaires \u00e0 l\u2019aide \u00e0 la r\u00e9silience appliqu\u00e9e<\/a><\/li>\n<li><a href=\"https:\/\/bice.org\/fr\/formation-des-tuteurs-de-resilience-pour-accompagner-les-enfants-au-mozambique\/\">Formation. Des tuteurs de r\u00e9silience pour accompagner les enfants au Mozambique<\/a><\/li>\n<li><a href=\"https:\/\/bice.org\/fr\/plaidoyer-le-bice-developpe-de-nouveaux-outils-de-formation-pour-les-membres-de-son-reseau\/\">Plaidoyer. Le BICE d\u00e9veloppe de nouveaux outils de formation pour les membres de son r\u00e9seau<\/a><\/li>\n<\/ul>\n<h2 class=\"title\">DOCUMENTS \u00c0 COMMANDER SUR NOTRE BOUTIQUE EN LIGNE<\/h2>\n<div class=\"value\">\n<ul>\n<li><strong>La r\u00e9silience ou le r\u00e9alisme de l\u2019esp\u00e9rance : bless\u00e9, mais pas vaincu<br \/>\n<\/strong>Paris-Gen\u00e8ve, 2015 (5e ed.), fran\u00e7ais<br \/>\n<a href=\"https:\/\/bice.org\/fr\/produit\/la-resilience-ou-le-realisme-de-lesperance\/\" target=\"_blank\" rel=\"noopener\">Commander en ligne<\/a><\/li>\n<li><strong>R\u00e9silience et spiritualit\u00e9 : le r\u00e9alisme de la foi<\/strong><br \/>\nParis, 2012 (2e ed.), fran\u00e7ais<br \/>\n<a href=\"https:\/\/bice.org\/fr\/produit\/resilience-et-spiritualite\/\" target=\"_blank\" rel=\"noopener\">Commander en ligne<\/a><\/li>\n<li><strong>Droits de l\u2019enfant et r\u00e9silience : deux approches f\u00e9condes qui s\u2019enrichissent mutuellement<br \/>\n<\/strong>Gen\u00e8ve, 2009, fran\u00e7ais<br \/>\n<a href=\"https:\/\/bice.org\/fr\/produit\/droits-de-lenfant-et-resilience\/\" target=\"_blank\" rel=\"noopener\">Commander en ligne<\/a><\/li>\n<\/ul>\n<\/div>\n","protected":false},"excerpt":{"rendered":"<p>Le BICE m\u00e8ne de nombreux travaux sur la r\u00e9silience et organise des formations sur ce sujet et sur les droits de l&#8217;enfant. Retrouvez les derni\u00e8res publications du BICE sur les droits de l\u2019enfant et la r\u00e9silience.<\/p>\n","protected":false},"author":1,"featured_media":0,"parent":9713,"menu_order":0,"comment_status":"closed","ping_status":"closed","template":"","meta":{"_acf_changed":false,"footnotes":""},"class_list":["post-9728","page","type-page","status-publish","hentry"],"acf":[],"yoast_head":"<!-- This site is optimized with the Yoast SEO plugin v27.2 - https:\/\/yoast.com\/product\/yoast-seo-wordpress\/ -->\n<title>Recherche et publications - BICE - ONG de protection des droits de l&#039;enfant<\/title>\n<meta name=\"robots\" content=\"index, follow, max-snippet:-1, max-image-preview:large, max-video-preview:-1\" \/>\n<link rel=\"canonical\" href=\"https:\/\/bice.org\/fr\/wp-json\/wp\/v2\/pages\/9728\" \/>\n<meta property=\"og:locale\" content=\"fr_FR\" \/>\n<meta property=\"og:type\" content=\"article\" \/>\n<meta property=\"og:title\" content=\"Recherche et publications - BICE - ONG de protection des droits de l&#039;enfant\" \/>\n<meta property=\"og:description\" content=\"Le BICE m\u00e8ne de nombreux travaux sur la r\u00e9silience et organise des formations sur ce sujet et sur les droits de l&#039;enfant. Retrouvez les derni\u00e8res publications du BICE sur les droits de l\u2019enfant et la r\u00e9silience.\" \/>\n<meta property=\"og:url\" content=\"https:\/\/bice.org\/fr\/plaidoyer\/recherche-et-reflexion\/\" \/>\n<meta property=\"og:site_name\" content=\"BICE - ONG de protection des droits de l&#039;enfant\" \/>\n<meta property=\"article:modified_time\" content=\"2024-06-13T09:01:00+00:00\" \/>\n<meta name=\"twitter:card\" content=\"summary_large_image\" \/>\n<meta name=\"twitter:label1\" content=\"Dur\u00e9e de lecture estim\u00e9e\" \/>\n\t<meta name=\"twitter:data1\" content=\"1 minute\" \/>\n<!-- \/ Yoast SEO plugin. -->","yoast_head_json":{"title":"Recherche et publications - BICE - ONG de protection des droits de l&#039;enfant","robots":{"index":"index","follow":"follow","max-snippet":"max-snippet:-1","max-image-preview":"max-image-preview:large","max-video-preview":"max-video-preview:-1"},"canonical":"https:\/\/bice.org\/fr\/wp-json\/wp\/v2\/pages\/9728","og_locale":"fr_FR","og_type":"article","og_title":"Recherche et publications - BICE - ONG de protection des droits de l&#039;enfant","og_description":"Le BICE m\u00e8ne de nombreux travaux sur la r\u00e9silience et organise des formations sur ce sujet et sur les droits de l'enfant. Retrouvez les derni\u00e8res publications du BICE sur les droits de l\u2019enfant et la r\u00e9silience.","og_url":"https:\/\/bice.org\/fr\/plaidoyer\/recherche-et-reflexion\/","og_site_name":"BICE - ONG de protection des droits de l&#039;enfant","article_modified_time":"2024-06-13T09:01:00+00:00","twitter_card":"summary_large_image","twitter_misc":{"Dur\u00e9e de lecture estim\u00e9e":"1 minute"},"schema":{"@context":"https:\/\/schema.org","@graph":[{"@type":"WebPage","@id":"https:\/\/bice.org\/fr\/plaidoyer\/recherche-et-reflexion\/","url":"https:\/\/bice.org\/fr\/plaidoyer\/recherche-et-reflexion\/","name":"Recherche et publications - BICE - ONG de protection des droits de l&#039;enfant","isPartOf":{"@id":"https:\/\/bice.org\/fr\/#website"},"datePublished":"2015-11-06T11:47:41+00:00","dateModified":"2024-06-13T09:01:00+00:00","breadcrumb":{"@id":"https:\/\/bice.org\/fr\/plaidoyer\/recherche-et-reflexion\/#breadcrumb"},"inLanguage":"fr-FR","potentialAction":[{"@type":"ReadAction","target":["https:\/\/bice.org\/fr\/plaidoyer\/recherche-et-reflexion\/"]}]},{"@type":"BreadcrumbList","@id":"https:\/\/bice.org\/fr\/plaidoyer\/recherche-et-reflexion\/#breadcrumb","itemListElement":[{"@type":"ListItem","position":1,"name":"Accueil","item":"https:\/\/bice.org\/fr\/"},{"@type":"ListItem","position":2,"name":"Plaidoyer","item":"https:\/\/bice.org\/fr\/?page_id=9713"},{"@type":"ListItem","position":3,"name":"Recherche et publications"}]},{"@type":"WebSite","@id":"https:\/\/bice.org\/fr\/#website","url":"https:\/\/bice.org\/fr\/","name":"BICE - ONG de protection des droits de l&#039;enfant","description":"Notre mission : D\u00e9fendre les droits et la dignit\u00e9 des enfants partout dans le monde","publisher":{"@id":"https:\/\/bice.org\/fr\/#organization"},"potentialAction":[{"@type":"SearchAction","target":{"@type":"EntryPoint","urlTemplate":"https:\/\/bice.org\/fr\/?s={search_term_string}"},"query-input":{"@type":"PropertyValueSpecification","valueRequired":true,"valueName":"search_term_string"}}],"inLanguage":"fr-FR"},{"@type":"Organization","@id":"https:\/\/bice.org\/fr\/#organization","name":"BICE","url":"https:\/\/bice.org\/fr\/","logo":{"@type":"ImageObject","inLanguage":"fr-FR","@id":"https:\/\/bice.org\/fr\/#\/schema\/logo\/image\/","url":"https:\/\/bice.org\/app\/uploads\/2022\/06\/favicon.ico","contentUrl":"https:\/\/bice.org\/app\/uploads\/2022\/06\/favicon.ico","width":64,"height":64,"caption":"BICE"},"image":{"@id":"https:\/\/bice.org\/fr\/#\/schema\/logo\/image\/"}}]}},"jetpack_sharing_enabled":true,"_links":{"self":[{"href":"https:\/\/bice.org\/fr\/wp-json\/wp\/v2\/pages\/9728","targetHints":{"allow":["GET"]}}],"collection":[{"href":"https:\/\/bice.org\/fr\/wp-json\/wp\/v2\/pages"}],"about":[{"href":"https:\/\/bice.org\/fr\/wp-json\/wp\/v2\/types\/page"}],"author":[{"embeddable":true,"href":"https:\/\/bice.org\/fr\/wp-json\/wp\/v2\/users\/1"}],"replies":[{"embeddable":true,"href":"https:\/\/bice.org\/fr\/wp-json\/wp\/v2\/comments?post=9728"}],"version-history":[{"count":0,"href":"https:\/\/bice.org\/fr\/wp-json\/wp\/v2\/pages\/9728\/revisions"}],"up":[{"embeddable":true,"href":"https:\/\/bice.org\/fr\/wp-json\/wp\/v2\/pages\/9713"}],"wp:attachment":[{"href":"https:\/\/bice.org\/fr\/wp-json\/wp\/v2\/media?parent=9728"}],"curies":[{"name":"wp","href":"https:\/\/api.w.org\/{rel}","templated":true}]}}