{"id":9745,"date":"2015-11-06T12:03:54","date_gmt":"2015-11-06T11:03:54","guid":{"rendered":"https:\/\/bice.org\/fr\/?page_id=9745"},"modified":"2025-06-16T14:11:22","modified_gmt":"2025-06-16T12:11:22","slug":"les-organisations-membres-du-bice","status":"publish","type":"page","link":"https:\/\/bice.org\/fr\/le-bice\/reseau-droits-de-l-enfant\/les-organisations-membres-du-bice\/","title":{"rendered":"Nos organisations membres"},"content":{"rendered":"<p>Le <a href=\"https:\/\/bice.org\/fr\/le-bice\/reseau-droits-de-l-enfant\/\">r\u00e9seau du BICE<\/a> est constitu\u00e9 d&#8217;environ 80 organisations sur quatre continents.<\/p>\n","protected":false},"excerpt":{"rendered":"<p>Les membres du r\u00e9seau BICE regroupent \u00e0 la fois des organisations nationales, internationales, des congr\u00e9gations religieuses, des universit\u00e9s engag\u00e9es pour la dignit\u00e9 et les droits de l\u2019enfant dans le monde.<\/p>\n","protected":false},"author":1,"featured_media":58465,"parent":1751,"menu_order":1,"comment_status":"closed","ping_status":"closed","template":"views\/page-category.blade.php","meta":{"_acf_changed":false,"footnotes":""},"class_list":["post-9745","page","type-page","status-publish","has-post-thumbnail","hentry"],"acf":[],"yoast_head":"<!-- This site is optimized with the Yoast SEO plugin v27.2 - https:\/\/yoast.com\/product\/yoast-seo-wordpress\/ -->\n<title>Nos organisations membres dans le monde - le BICE<\/title>\n<meta name=\"description\" content=\"Les membres du r\u00e9seau du BICE sont des associations, des congr\u00e9gations religieuses, des universit\u00e9s engag\u00e9es pour les droits de l\u2019enfant.\" \/>\n<meta name=\"robots\" content=\"index, follow, max-snippet:-1, max-image-preview:large, max-video-preview:-1\" \/>\n<link rel=\"canonical\" href=\"https:\/\/bice.org\/fr\/wp-json\/wp\/v2\/pages\/9745\" \/>\n<meta property=\"og:locale\" content=\"fr_FR\" \/>\n<meta property=\"og:type\" content=\"article\" \/>\n<meta property=\"og:title\" content=\"Nos organisations membres dans le monde - le BICE\" \/>\n<meta property=\"og:description\" content=\"Les membres du r\u00e9seau du BICE sont des associations, des congr\u00e9gations religieuses, des universit\u00e9s engag\u00e9es pour les droits de l\u2019enfant.\" \/>\n<meta property=\"og:url\" content=\"https:\/\/bice.org\/fr\/le-bice\/reseau-droits-de-l-enfant\/les-organisations-membres-du-bice\/\" \/>\n<meta property=\"og:site_name\" content=\"BICE - ONG de protection des droits de l&#039;enfant\" \/>\n<meta property=\"article:modified_time\" content=\"2025-06-16T12:11:22+00:00\" \/>\n<meta property=\"og:image\" content=\"https:\/\/i0.wp.com\/bice.org\/app\/uploads\/2021\/05\/Gestion-financiere%C2%A9T-Louapre-1.jpg?fit=1000%2C580&ssl=1\" \/>\n\t<meta property=\"og:image:width\" content=\"1000\" \/>\n\t<meta property=\"og:image:height\" content=\"580\" \/>\n\t<meta property=\"og:image:type\" content=\"image\/jpeg\" \/>\n<meta name=\"twitter:card\" content=\"summary_large_image\" \/>\n<meta name=\"twitter:label1\" content=\"Dur\u00e9e de lecture estim\u00e9e\" \/>\n\t<meta name=\"twitter:data1\" content=\"1 minute\" \/>\n<!-- \/ Yoast SEO plugin. -->","yoast_head_json":{"title":"Nos organisations membres dans le monde - le BICE","description":"Les membres du r\u00e9seau du BICE sont des associations, des congr\u00e9gations religieuses, des universit\u00e9s engag\u00e9es pour les droits de l\u2019enfant.","robots":{"index":"index","follow":"follow","max-snippet":"max-snippet:-1","max-image-preview":"max-image-preview:large","max-video-preview":"max-video-preview:-1"},"canonical":"https:\/\/bice.org\/fr\/wp-json\/wp\/v2\/pages\/9745","og_locale":"fr_FR","og_type":"article","og_title":"Nos organisations membres dans le monde - le BICE","og_description":"Les membres du r\u00e9seau du BICE sont des associations, des congr\u00e9gations religieuses, des universit\u00e9s engag\u00e9es pour les droits de l\u2019enfant.","og_url":"https:\/\/bice.org\/fr\/le-bice\/reseau-droits-de-l-enfant\/les-organisations-membres-du-bice\/","og_site_name":"BICE - ONG de protection des droits de l&#039;enfant","article_modified_time":"2025-06-16T12:11:22+00:00","og_image":[{"width":1000,"height":580,"url":"https:\/\/i0.wp.com\/bice.org\/app\/uploads\/2021\/05\/Gestion-financiere%C2%A9T-Louapre-1.jpg?fit=1000%2C580&ssl=1","type":"image\/jpeg"}],"twitter_card":"summary_large_image","twitter_misc":{"Dur\u00e9e de lecture estim\u00e9e":"1 minute"},"schema":{"@context":"https:\/\/schema.org","@graph":[{"@type":"WebPage","@id":"https:\/\/bice.org\/fr\/le-bice\/reseau-droits-de-l-enfant\/les-organisations-membres-du-bice\/","url":"https:\/\/bice.org\/fr\/le-bice\/reseau-droits-de-l-enfant\/les-organisations-membres-du-bice\/","name":"Nos organisations membres dans le monde - le BICE","isPartOf":{"@id":"https:\/\/bice.org\/fr\/#website"},"primaryImageOfPage":{"@id":"https:\/\/bice.org\/fr\/le-bice\/reseau-droits-de-l-enfant\/les-organisations-membres-du-bice\/#primaryimage"},"image":{"@id":"https:\/\/bice.org\/fr\/le-bice\/reseau-droits-de-l-enfant\/les-organisations-membres-du-bice\/#primaryimage"},"thumbnailUrl":"https:\/\/i0.wp.com\/bice.org\/app\/uploads\/2021\/05\/Gestion-financiere%C2%A9T-Louapre-1.jpg?fit=1000%2C580&ssl=1","datePublished":"2015-11-06T11:03:54+00:00","dateModified":"2025-06-16T12:11:22+00:00","description":"Les membres du r\u00e9seau du BICE sont des associations, des congr\u00e9gations religieuses, des universit\u00e9s engag\u00e9es pour les droits de l\u2019enfant.","breadcrumb":{"@id":"https:\/\/bice.org\/fr\/le-bice\/reseau-droits-de-l-enfant\/les-organisations-membres-du-bice\/#breadcrumb"},"inLanguage":"fr-FR","potentialAction":[{"@type":"ReadAction","target":["https:\/\/bice.org\/fr\/le-bice\/reseau-droits-de-l-enfant\/les-organisations-membres-du-bice\/"]}]},{"@type":"ImageObject","inLanguage":"fr-FR","@id":"https:\/\/bice.org\/fr\/le-bice\/reseau-droits-de-l-enfant\/les-organisations-membres-du-bice\/#primaryimage","url":"https:\/\/i0.wp.com\/bice.org\/app\/uploads\/2021\/05\/Gestion-financiere%C2%A9T-Louapre-1.jpg?fit=1000%2C580&ssl=1","contentUrl":"https:\/\/i0.wp.com\/bice.org\/app\/uploads\/2021\/05\/Gestion-financiere%C2%A9T-Louapre-1.jpg?fit=1000%2C580&ssl=1","width":1000,"height":580,"caption":"\u00a9T. Louapre"},{"@type":"BreadcrumbList","@id":"https:\/\/bice.org\/fr\/le-bice\/reseau-droits-de-l-enfant\/les-organisations-membres-du-bice\/#breadcrumb","itemListElement":[{"@type":"ListItem","position":1,"name":"Accueil","item":"https:\/\/bice.org\/fr\/"},{"@type":"ListItem","position":2,"name":"Le BICE, une ONG de protection des droits de l&#8217;enfant","item":"https:\/\/bice.org\/fr\/le-bice\/"},{"@type":"ListItem","position":3,"name":"Le r\u00e9seau du BICE : un r\u00e9seau des droits de l&#8217;enfant","item":"https:\/\/bice.org\/fr\/le-bice\/reseau-droits-de-l-enfant\/"},{"@type":"ListItem","position":4,"name":"Nos organisations membres"}]},{"@type":"WebSite","@id":"https:\/\/bice.org\/fr\/#website","url":"https:\/\/bice.org\/fr\/","name":"BICE - ONG de protection des droits de l&#039;enfant","description":"Notre mission : D\u00e9fendre les droits et la dignit\u00e9 des enfants partout dans le monde","publisher":{"@id":"https:\/\/bice.org\/fr\/#organization"},"potentialAction":[{"@type":"SearchAction","target":{"@type":"EntryPoint","urlTemplate":"https:\/\/bice.org\/fr\/?s={search_term_string}"},"query-input":{"@type":"PropertyValueSpecification","valueRequired":true,"valueName":"search_term_string"}}],"inLanguage":"fr-FR"},{"@type":"Organization","@id":"https:\/\/bice.org\/fr\/#organization","name":"BICE","url":"https:\/\/bice.org\/fr\/","logo":{"@type":"ImageObject","inLanguage":"fr-FR","@id":"https:\/\/bice.org\/fr\/#\/schema\/logo\/image\/","url":"https:\/\/bice.org\/app\/uploads\/2022\/06\/favicon.ico","contentUrl":"https:\/\/bice.org\/app\/uploads\/2022\/06\/favicon.ico","width":64,"height":64,"caption":"BICE"},"image":{"@id":"https:\/\/bice.org\/fr\/#\/schema\/logo\/image\/"}}]}},"jetpack_sharing_enabled":true,"_links":{"self":[{"href":"https:\/\/bice.org\/fr\/wp-json\/wp\/v2\/pages\/9745","targetHints":{"allow":["GET"]}}],"collection":[{"href":"https:\/\/bice.org\/fr\/wp-json\/wp\/v2\/pages"}],"about":[{"href":"https:\/\/bice.org\/fr\/wp-json\/wp\/v2\/types\/page"}],"author":[{"embeddable":true,"href":"https:\/\/bice.org\/fr\/wp-json\/wp\/v2\/users\/1"}],"replies":[{"embeddable":true,"href":"https:\/\/bice.org\/fr\/wp-json\/wp\/v2\/comments?post=9745"}],"version-history":[{"count":1,"href":"https:\/\/bice.org\/fr\/wp-json\/wp\/v2\/pages\/9745\/revisions"}],"predecessor-version":[{"id":304897,"href":"https:\/\/bice.org\/fr\/wp-json\/wp\/v2\/pages\/9745\/revisions\/304897"}],"up":[{"embeddable":true,"href":"https:\/\/bice.org\/fr\/wp-json\/wp\/v2\/pages\/1751"}],"wp:featuredmedia":[{"embeddable":true,"href":"https:\/\/bice.org\/fr\/wp-json\/wp\/v2\/media\/58465"}],"wp:attachment":[{"href":"https:\/\/bice.org\/fr\/wp-json\/wp\/v2\/media?parent=9745"}],"curies":[{"name":"wp","href":"https:\/\/api.w.org\/{rel}","templated":true}]}}