{"id":98960,"date":"2023-03-07T11:11:47","date_gmt":"2023-03-07T10:11:47","guid":{"rendered":"https:\/\/bice.org\/?page_id=98960"},"modified":"2024-08-12T16:18:50","modified_gmt":"2024-08-12T14:18:50","slug":"le-bice-accompagne-les-enfants-refugies-et-deplaces-internes","status":"publish","type":"page","link":"https:\/\/bice.org\/fr\/actions-de-terrain\/domaines-daction\/le-bice-accompagne-les-enfants-refugies-et-deplaces-internes\/","title":{"rendered":"Le BICE accompagne les enfants r\u00e9fugi\u00e9s et d\u00e9plac\u00e9s internes"},"content":{"rendered":"\n<p>Alors que les enfants repr\u00e9sentent 30 % de la population mondiale, ils constituent 41 % de l&#8217;ensemble des personnes contraintes de quitter leur foyer (UNHCR, 2021). <strong>Fin 2021, le monde comptait 36,5 millions d\u2019enfants d\u00e9racin\u00e9s par la guerre, les violences, les pers\u00e9cutions et les violations des droits humains, <\/strong>selon l\u2019Unicef. 13,7 millions, r\u00e9fugi\u00e9s et pr\u00e8s de 22,8 millions, d\u00e9plac\u00e9s \u00e0 l\u2019int\u00e9rieur de leur pays. Des chiffres alarmants \u2013 les plus \u00e9lev\u00e9s depuis la Seconde Guerre mondiale \u2013 qui ont d\u00fb augmenter en 2022, du fait notamment de la guerre en Ukraine. Et qui, de surcro\u00eet, ne comptabilisent pas les enfants d\u00e9plac\u00e9s suite \u00e0 des catastrophes environnementales, estim\u00e9s \u00e0 7,3 millions en 2021.<\/p>\n\n\n\n<p><a href=\"#d\u00e9finition\">D\u00e9finitions enfants migrants, d\u00e9plac\u00e9s internes, r\u00e9fugi\u00e9s, non-accompagn\u00e9s<\/a><\/p>\n\n\n\n<h2 class=\"wp-block-heading\">Qu\u2019est-ce qui explique le nombre record d\u2019enfants contraints \u00e0 quitter leur foyer&nbsp;?<\/h2>\n\n\n\n<p><strong>Le nombre de personnes d\u00e9racin\u00e9es dans le monde, en raison des guerres, des violences et des pers\u00e9cutions, a ainsi plus que doubl\u00e9 en 10 ans. <\/strong>Pour atteindre 89,3 millions fin 2021. Dont 41 % sont des enfants. Depuis lors, avec notamment la guerre en Ukraine, ce nombre a d\u00e9pass\u00e9 les 100 millions.<\/p>\n\n\n\n<p>Cette situation s\u2019explique par l\u2019apparition de nouveaux conflits et l\u2019intensification de conflits existants (Afghanistan, R\u00e9publique d\u00e9mocratique du Congo, Y\u00e9men\u2026)*. \u00ab&nbsp;<em>Parall\u00e8lement, les p\u00e9nuries alimentaires, l\u2019inflation et la crise climatique accentuent les difficult\u00e9s des populations&nbsp;<\/em>\u00bb, pr\u00e9cise l\u2019UNHCR.<\/p>\n\n\n\n<p>Ainsi, plus d\u2019un tiers des enfants d\u00e9plac\u00e9s vivent en Afrique subsaharienne (3,9 millions), un quart en Europe et en Asie centrale (2,6 millions) et 13 % (1,4 million) au Moyen-Orient et en Afrique du Nord. Pr\u00e9cisons \u00e9galement que deux tiers de tous les r\u00e9fugi\u00e9s proviennent de cinq pays en grande difficult\u00e9&nbsp;: la Syrie, le Venezuela, l\u2019Afghanistan, le Soudan du Sud et Myanmar.<\/p>\n\n\n\n<h2 class=\"wp-block-heading\">Les enfants d\u00e9racin\u00e9s, particuli\u00e8rement vuln\u00e9rables<\/h2>\n\n\n\n<p>Les enfants d\u00e9plac\u00e9s, fragilis\u00e9s par les traumatismes v\u00e9cus li\u00e9s au contexte \u00e0 fuir, au d\u00e9racinement physique et psychologique sont particuli\u00e8rement vuln\u00e9rables face aux dangers rencontr\u00e9s lors de l\u2019exil. <\/p>\n\n\n\n<p>Les <strong>risques pour leur sant\u00e9<\/strong> (conditions de vie pr\u00e9caires, manque d\u2019eau et de nourriture, difficult\u00e9 d\u2019acc\u00e8s aux soins\u2026) et <strong>leur s\u00e9curit\u00e9 <\/strong>(traite, exploitation, violences\u2026) sont \u00e9lev\u00e9s. Et leur <strong>acc\u00e8s \u00e0 l\u2019\u00e9ducation <\/strong>est souvent <strong>compliqu\u00e9<\/strong>. Les enfants non accompagn\u00e9s ou s\u00e9par\u00e9s de leur famille sont les plus touch\u00e9s par cette douloureuse r\u00e9alit\u00e9.<strong> <\/strong><\/p>\n\n\n<div class=\"bice-encadres \" style=\"background-color: #7ab1e0\">\n\n  <div class=\"bice-encadres-text\">\n\n    <h2>Quelle est la diff\u00e9rence entre enfants migrants, d\u00e9plac\u00e9s internes, r\u00e9fugi\u00e9s, non-accompagn\u00e9s ?<\/h2>\n\n    <p><!-- wp:paragraph --><\/p>\n<h3>Enfants migrants<\/h3>\n<p><!-- \/wp:paragraph --> <!-- wp:paragraph --><\/p>\n<p>Ce sont, des enfants qui ont quitt\u00e9 avec leur famille leur pays pour vivre de fa\u00e7on temporaire ou permanente dans un autre pays. Souvent pour des raisons \u00e9conomiques. Selon l\u2019Agence des Nations unies pour les r\u00e9fugi\u00e9s (UNHCR) doivent \u00eatre appel\u00e9s<em> \u00ab migrants les personnes qui se d\u00e9placent pour des motifs qui ne sont pas inclus dans la d\u00e9finition l\u00e9gale de ce qu\u2019est un r\u00e9fugi\u00e9\u00a0\u00bb.<\/em><\/p>\n<p><!-- \/wp:paragraph --> <!-- wp:paragraph --><\/p>\n<h3>Enfants r\u00e9fugi\u00e9s<\/h3>\n<p><!-- \/wp:paragraph --> <!-- wp:paragraph --><\/p>\n<p>En raison des conflits et des violences, les enfants et leurs familles fuient leur pays et se r\u00e9fugient dans les pays voisins. Ils poss\u00e8dent alors des droits sp\u00e9cifiques, qui doivent \u00eatre garantis par les \u00c9tats qui ont ratifi\u00e9 la convention de Gen\u00e8ve de 1951. Selon l\u2019UNHCR, doivent \u00eatre appel\u00e9s<em> \u00ab\u00a0r\u00e9fugi\u00e9s<\/em><em> les personnes qui fuient la guerre ou la pers\u00e9cution en franchissant une fronti\u00e8re internationale\u00a0\u00bb.<\/em><\/p>\n<p><!-- \/wp:paragraph --> <!-- wp:paragraph --><\/p>\n<h3>Enfants d\u00e9plac\u00e9s internes<\/h3>\n<p><!-- \/wp:paragraph --> <!-- wp:paragraph --><\/p>\n<p>Contrairement aux r\u00e9fugi\u00e9s, ces enfants et leur famille ne franchissent pas les fronti\u00e8res internationales reconnues d\u2019un \u00c9tat. Ils sont d\u00e9plac\u00e9s \u00e0 l\u2019int\u00e9rieur de leur pays, \u00ab\u00a0notamment en raison d\u2019un conflit arm\u00e9, de situations de violence g\u00e9n\u00e9ralis\u00e9e, de violations des droits de l\u2019homme ou de catastrophes naturelles\u00a0\u00bb (UNHCR)<em>.<\/em><\/p>\n<p><!-- \/wp:paragraph --> <!-- wp:paragraph --><\/p>\n<h3>Enfants non accompagn\u00e9s<\/h3>\n<p><!-- \/wp:paragraph --> <!-- wp:paragraph --><\/p>\n<p>Il s\u2019agit des enfants vivant dans un autre pays que le leur et s\u00e9par\u00e9s de leurs deux parents et d&#8217;autres membres de leur famille en raison notamment de conflits ou autres catastrophes. Ils sont isol\u00e9s mais pas forc\u00e9ment orphelins. Selon le D\u00e9fenseur des droits fran\u00e7ais, \u00ab\u00a0<em>un mineur non accompagn\u00e9 (MNA) ou mineur isol\u00e9 \u00e9tranger (MIE) est un enfant de moins de 18 ans, de nationalit\u00e9 \u00e9trang\u00e8re, arriv\u00e9 dans un pays sans \u00eatre accompagn\u00e9 par l\u2019un ou l\u2019autre des titulaires de l\u2019autorit\u00e9 parentale ou par un repr\u00e9sentant l\u00e9gal\u00a0<\/em>\u00bb.<\/p>\n<p><!-- \/wp:paragraph --><\/p>\n\n\n  <\/div>\n\n  \n<\/div>\n\n\n\n<h2 class=\"wp-block-heading\">Prot\u00e9ger les enfants d\u00e9racin\u00e9s&nbsp;: les actions du BICE et de ses partenaires<\/h2>\n\n\n\n<p>Or, quel que soit l\u2019endroit d\u2019o\u00f9 il vient, o\u00f9 il vit et les raisons qui l\u2019ont pouss\u00e9 \u00e0 fuir, avec ou sans sa famille, <strong>tout enfant doit b\u00e9n\u00e9ficier des <a href=\"https:\/\/bice.org\/fr\/droits-de-lenfant\/droits-fondamentaux-de-l-enfant\/\">droits<\/a> reconnus par la <a href=\"https:\/\/bice.org\/fr\/droits-de-lenfant\/convention-relative-aux-droits-de-l-enfant\/\">Convention relative aux droits de l\u2019enfant<\/a> (CDE ou CIDE). <\/strong>\u00a0Le BICE qui a contribu\u00e9 \u00e0 \u00e9laborer la CDE soutient pleinement sa mise en application, que ce soit par le biais de ses actions sur le terrain avec ses partenaires locaux, notamment en mati\u00e8re de <a href=\"https:\/\/bice.org\/fr\/la-resilience-au-coeur-de-notre-action\/\">soutien psychologique<\/a>, ou par le plaidoyer aux niveaux national et <a href=\"https:\/\/bice.org\/fr\/droits-de-lenfant\/conseil-des-droits-de-l-homme\/\">international<\/a>.<\/p>\n\n\n\n<h3 class=\"wp-block-heading\">Aider \u00e0 la r\u00e9silience des enfants en Ukraine<\/h3>\n\n\n\n<p>En Ukraine, les enfants, d\u00e9plac\u00e9s ou non, manquent de tout. Aux difficult\u00e9s mat\u00e9rielles s\u2019ajoutent le traumatisme du conflit, l\u2019incompr\u00e9hension et la peur pour les proches.<\/p>\n\n\n\n<p>Avec Women&#8217;s Consortium of Ukraine (WCU), nous assurons des<strong> lignes t\u00e9l\u00e9phoniques de soutien psychologique<\/strong>. Nous formons des enseignants et des psychologues \u00e0 l\u2019<strong>aide \u00e0 la r\u00e9silience des enfants<\/strong>. Nous mettons en place un<strong> <a href=\"https:\/\/bice.org\/fr\/interview-zoom-sur-nos-actions-en-ukraine\/\">espace familial d\u2019accueil et d\u2019\u00e9coute \u00e0 Kiev<\/a><\/strong> compl\u00e9t\u00e9 par un<strong> <a href=\"https:\/\/bice.org\/fr\/moldavie-les-refugies-ukrainiens-accueillis-par-notre-partenaire\/\">espace mobile<\/a><\/strong> qui se rend dans les villages isol\u00e9s des oblasts de Kiev et de Tchernihiv. <\/p>\n\n\n\n<h3 class=\"wp-block-heading\">Soutenir psychologiquement les enfants fragilis\u00e9s en Arm\u00e9nie<\/h3>\n\n\n\n<p>Depuis la guerre des 44 jours en 2020, l\u2019Arm\u00e9nie vit sous la tension incessante de la reprise des affrontements avec l\u2019Azerba\u00efdjan. Une peur qui s\u2019est concr\u00e9tis\u00e9e en d\u00e9cembre dernier avec le blocage du Corridor de Latchine qui stoppe tout passage vers le Haut-Karabakh et ravive les traumatismes des enfants (<a href=\"https:\/\/bice.org\/fr\/blocus-du-haut-karabakh-par-lazerbaidjan-une-veritable-crise-humanitaire\/\">lire le t\u00e9moignage de notre partenaire \u00e0 ce sujet<\/a>).<\/p>\n\n\n\n<p>Avec Arevamanuk, nous apportons un <strong><a href=\"https:\/\/bice.org\/fr\/resilience-offrir-des-perspectives-davenir-aux-enfants-deplaces-en-armenie-projet-2024-2025\/\">soutien psychologique<\/a><\/strong> aux enfants d\u00e9plac\u00e9s ou non, sous forme d\u2019ateliers r\u00e9silience assur\u00e9s par des psychologues et des travailleurs sociaux d\u00fbment form\u00e9s. Nous soutenons \u00e9galement la <strong>r\u00e9insertion professionnelle de m\u00e8res de famille<\/strong>, d\u00e9munies et isol\u00e9es, qui ont d\u00fb s\u2019exiler.<\/p>\n\n\n\n<h3 class=\"wp-block-heading\">Accueil d\u2019enfants r\u00e9fugi\u00e9s syriens et irakiens au Liban<\/h3>\n\n\n\n<p>Dans le cadre du <a href=\"https:\/\/bice.org\/fr\/liban-favoriser-lintegration-et-la-resilience-des-enfants-vulnerables\/\">projet Fratelli<\/a> d\u00e9velopp\u00e9 au Liban, les Fr\u00e8res La Salle et Maristes <strong>accueillent dans leurs \u00e9coles les enfants r\u00e9fugi\u00e9s de Syrie et d\u2019Irak<\/strong>, fragilis\u00e9s par la guerre et le d\u00e9racinement. Un projet soutenu depuis 2017 par le BICE, avec l&#8217;organisation de <a href=\"https:\/\/bice.org\/fr\/actions-de-terrain\/domaines-daction\/tuteurs-de-resilience\/\">formations de tuteurs de r\u00e9silience<\/a> \u00e0 destination des enseignants et \u00e9ducateurs. Et, ces derni\u00e8res ann\u00e9es, avec l<strong>&#8216;appui des activit\u00e9s R\u00e9silience men\u00e9es dans le centre <\/strong>et l&#8217;<strong>apport d&#8217;une aide humanitaire <\/strong>pour faire face aux difficult\u00e9s \u00e9conomiques grandissantes au Liban. Plus d&#8217;informations sur ce projet au Liban.<\/p>\n\n\n\n<h3 class=\"wp-block-heading\">Prot\u00e9ger les enfants d\u00e9plac\u00e9s au Burkina Faso<\/h3>\n\n\n\n<p>La violence et l\u2019ins\u00e9curit\u00e9 pr\u00e9sentes au Mali et au Niger depuis une d\u00e9cennie en raison des attaques r\u00e9guli\u00e8res des groupes arm\u00e9s, dont beaucoup sont affili\u00e9s \u00e0 des groupes terroristes, ont d\u00e9bord\u00e9 ces derni\u00e8res ann\u00e9es sur le Burkina Faso. Provoquant une crise humanitaire et des d\u00e9placements internes massifs dans le pays.<\/p>\n\n\n\n<p>Dans la ville de Bourzanga, au nord du pays, on estime que 70 % des quelque 45 000 personnes d\u00e9plac\u00e9es ont moins de 18 ans. Dans ce contexte, la CICM et la CEPMR ont ouvert en 2021 <strong>un espace adapt\u00e9 pour accueillir des enfants<\/strong>. Ce lieu fournit une <strong>protection<\/strong>, une <strong>\u00e9ducation informelle <\/strong>et des activit\u00e9s r\u00e9cr\u00e9atives \u00e0 une centaine d\u2019enfants. Il accompagne aussi les parents vers une <strong>\u00e9ducation positive <\/strong>et les oriente sur le plan social.<\/p>\n\n\n\n<p><a href=\"https:\/\/bice.org\/fr\/burkina-faso-aide-aux-enfants-deplaces-et-a-leur-famille\/\">Depuis d\u00e9but 2022, avec l\u2019appui du BICE, l\u2019espace renforce ses actions<\/a>. Il met notamment en place un soutien psychosocial pour les enfants d\u00e9plac\u00e9s qui en ressentent le besoin. Le BICE a \u00e9galement organis\u00e9 des<strong> <\/strong><a href=\"https:\/\/bice.org\/fr\/burkina-faso-des-tuteurs-de-resilience-pour-accompagner-les-enfants-traumatises-par-les-violences\/\">formations de tuteurs de r\u00e9silience<\/a> en direction des \u00e9ducateurs et des travailleurs sociaux au contact chaque jour des enfants d\u00e9plac\u00e9s.<\/p>\n\n\n\n<h3 class=\"wp-block-heading\">Des actions d\u2019urgence aupr\u00e8s des enfants et des familles d\u00e9plac\u00e9s interne en R\u00e9publique d\u00e9mocratique du Congo<\/h3>\n\n\n\n<p>Dans la province du Nord-Kivu en R\u00e9publique d\u00e9mocratique du Congo, le conflit entre le M23 et l\u2019arm\u00e9e congolaise s\u2019est intensifi\u00e9 depuis f\u00e9vrier 2024. Une situation terrifiante, fuie par les habitants, qui se retrouvent entass\u00e9s dans des camps improvis\u00e9s en p\u00e9riph\u00e9rie de Goma notamment. Selon l\u2019ONU, plus de 1&nbsp;million de personnes ont d\u00fb quitter leurs foyers depuis deux ans et demi pour \u00e9chapper au conflit mais aussi aux violences perp\u00e9tr\u00e9es sur les populations.<\/p>\n\n\n\n<p>Dans ce contexte, nos trois partenaires locaux, Ghovodi, C\u0153ur sans fronti\u00e8res (CSF) et Men and Women Working Together, se mobilisent, avec le soutien du BICE, aupr\u00e8s de ces populations d\u00e9plac\u00e9es.\u00a0<a href=\"https:\/\/bice.org\/fr\/nord-kivu-en-rd-congo-trois-de-nos-partenaires-viennent-en-aide-aux-enfants-et-familles-deplaces\/\">Plus d&#8217;informations sur ces actions d&#8217;urgence en RDC<\/a>.<\/p>\n\n\n\n<p><\/p>\n\n\n\n<p class=\"has-small-font-size\" id=\"d\u00e9finition\">*Selon la Banque mondiale, 23 pays, repr\u00e9sentant une population totale de 850 millions d\u2019habitants, ont \u00e9t\u00e9 le th\u00e9\u00e2tre de conflits d\u2019intensit\u00e9 moyenne ou \u00e9lev\u00e9e.<\/p>\n\n\n\n<p><\/p>\n","protected":false},"excerpt":{"rendered":"<p>Jamais depuis la Seconde Guerre mondiale, le nombre d\u2019enfants d\u00e9plac\u00e9s n\u2019avait \u00e9t\u00e9 aussi \u00e9lev\u00e9 qu\u2019aujourd\u2019hui. Ces enfants, fragilis\u00e9s par les traumatismes v\u00e9cus (conflits, d\u00e9racinement, exil), sont particuli\u00e8rement vuln\u00e9rables. Le BICE et ses partenaires m\u00e8nent plusieurs actions pour les prot\u00e9ger et les aider \u00e0 se reconstruire.<\/p>\n","protected":false},"author":19,"featured_media":98962,"parent":9558,"menu_order":4,"comment_status":"closed","ping_status":"closed","template":"","meta":{"_acf_changed":false,"footnotes":""},"class_list":["post-98960","page","type-page","status-publish","has-post-thumbnail","hentry"],"acf":[],"yoast_head":"<!-- This site is optimized with the Yoast SEO plugin v27.2 - https:\/\/yoast.com\/product\/yoast-seo-wordpress\/ -->\n<title>Enfants r\u00e9fugi\u00e9s et d\u00e9plac\u00e9s internes : les actions du BICE<\/title>\n<meta name=\"description\" content=\"Le nombre d\u2019enfants r\u00e9fugi\u00e9s a augment\u00e9 ces derni\u00e8res ann\u00e9es. D\u00e9couvrez les actions du BICE pour les prot\u00e9ger, les aider \u00e0 se reconstruire.\" \/>\n<meta name=\"robots\" content=\"index, follow, max-snippet:-1, max-image-preview:large, max-video-preview:-1\" \/>\n<link rel=\"canonical\" href=\"https:\/\/bice.org\/fr\/wp-json\/wp\/v2\/pages\/98960\" \/>\n<meta property=\"og:locale\" content=\"fr_FR\" \/>\n<meta property=\"og:type\" content=\"article\" \/>\n<meta property=\"og:title\" content=\"Enfants r\u00e9fugi\u00e9s et d\u00e9plac\u00e9s internes : les actions du BICE\" \/>\n<meta property=\"og:description\" content=\"Le nombre d\u2019enfants r\u00e9fugi\u00e9s a augment\u00e9 ces derni\u00e8res ann\u00e9es. D\u00e9couvrez les actions du BICE pour les prot\u00e9ger, les aider \u00e0 se reconstruire.\" \/>\n<meta property=\"og:url\" content=\"https:\/\/bice.org\/fr\/actions-de-terrain\/domaines-daction\/le-bice-accompagne-les-enfants-refugies-et-deplaces-internes\/\" \/>\n<meta property=\"og:site_name\" content=\"BICE - ONG de protection des droits de l&#039;enfant\" \/>\n<meta property=\"article:modified_time\" content=\"2024-08-12T14:18:50+00:00\" \/>\n<meta property=\"og:image\" content=\"https:\/\/i0.wp.com\/bice.org\/app\/uploads\/2023\/03\/CAMP-LIBAN-3.jpg?fit=1000%2C580&ssl=1\" \/>\n\t<meta property=\"og:image:width\" content=\"1000\" \/>\n\t<meta property=\"og:image:height\" content=\"580\" \/>\n\t<meta property=\"og:image:type\" content=\"image\/jpeg\" \/>\n<meta name=\"twitter:card\" content=\"summary_large_image\" \/>\n<meta name=\"twitter:label1\" content=\"Dur\u00e9e de lecture estim\u00e9e\" \/>\n\t<meta name=\"twitter:data1\" content=\"6 minutes\" \/>\n<!-- \/ Yoast SEO plugin. -->","yoast_head_json":{"title":"Enfants r\u00e9fugi\u00e9s et d\u00e9plac\u00e9s internes : les actions du BICE","description":"Le nombre d\u2019enfants r\u00e9fugi\u00e9s a augment\u00e9 ces derni\u00e8res ann\u00e9es. D\u00e9couvrez les actions du BICE pour les prot\u00e9ger, les aider \u00e0 se reconstruire.","robots":{"index":"index","follow":"follow","max-snippet":"max-snippet:-1","max-image-preview":"max-image-preview:large","max-video-preview":"max-video-preview:-1"},"canonical":"https:\/\/bice.org\/fr\/wp-json\/wp\/v2\/pages\/98960","og_locale":"fr_FR","og_type":"article","og_title":"Enfants r\u00e9fugi\u00e9s et d\u00e9plac\u00e9s internes : les actions du BICE","og_description":"Le nombre d\u2019enfants r\u00e9fugi\u00e9s a augment\u00e9 ces derni\u00e8res ann\u00e9es. D\u00e9couvrez les actions du BICE pour les prot\u00e9ger, les aider \u00e0 se reconstruire.","og_url":"https:\/\/bice.org\/fr\/actions-de-terrain\/domaines-daction\/le-bice-accompagne-les-enfants-refugies-et-deplaces-internes\/","og_site_name":"BICE - ONG de protection des droits de l&#039;enfant","article_modified_time":"2024-08-12T14:18:50+00:00","og_image":[{"width":1000,"height":580,"url":"https:\/\/i0.wp.com\/bice.org\/app\/uploads\/2023\/03\/CAMP-LIBAN-3.jpg?fit=1000%2C580&ssl=1","type":"image\/jpeg"}],"twitter_card":"summary_large_image","twitter_misc":{"Dur\u00e9e de lecture estim\u00e9e":"6 minutes"},"schema":{"@context":"https:\/\/schema.org","@graph":[{"@type":"WebPage","@id":"https:\/\/bice.org\/fr\/actions-de-terrain\/domaines-daction\/le-bice-accompagne-les-enfants-refugies-et-deplaces-internes\/","url":"https:\/\/bice.org\/fr\/actions-de-terrain\/domaines-daction\/le-bice-accompagne-les-enfants-refugies-et-deplaces-internes\/","name":"Enfants r\u00e9fugi\u00e9s et d\u00e9plac\u00e9s internes : les actions du BICE","isPartOf":{"@id":"https:\/\/bice.org\/fr\/#website"},"primaryImageOfPage":{"@id":"https:\/\/bice.org\/fr\/actions-de-terrain\/domaines-daction\/le-bice-accompagne-les-enfants-refugies-et-deplaces-internes\/#primaryimage"},"image":{"@id":"https:\/\/bice.org\/fr\/actions-de-terrain\/domaines-daction\/le-bice-accompagne-les-enfants-refugies-et-deplaces-internes\/#primaryimage"},"thumbnailUrl":"https:\/\/i0.wp.com\/bice.org\/app\/uploads\/2023\/03\/CAMP-LIBAN-3.jpg?fit=1000%2C580&ssl=1","datePublished":"2023-03-07T10:11:47+00:00","dateModified":"2024-08-12T14:18:50+00:00","description":"Le nombre d\u2019enfants r\u00e9fugi\u00e9s a augment\u00e9 ces derni\u00e8res ann\u00e9es. D\u00e9couvrez les actions du BICE pour les prot\u00e9ger, les aider \u00e0 se reconstruire.","breadcrumb":{"@id":"https:\/\/bice.org\/fr\/actions-de-terrain\/domaines-daction\/le-bice-accompagne-les-enfants-refugies-et-deplaces-internes\/#breadcrumb"},"inLanguage":"fr-FR","potentialAction":[{"@type":"ReadAction","target":["https:\/\/bice.org\/fr\/actions-de-terrain\/domaines-daction\/le-bice-accompagne-les-enfants-refugies-et-deplaces-internes\/"]}]},{"@type":"ImageObject","inLanguage":"fr-FR","@id":"https:\/\/bice.org\/fr\/actions-de-terrain\/domaines-daction\/le-bice-accompagne-les-enfants-refugies-et-deplaces-internes\/#primaryimage","url":"https:\/\/i0.wp.com\/bice.org\/app\/uploads\/2023\/03\/CAMP-LIBAN-3.jpg?fit=1000%2C580&ssl=1","contentUrl":"https:\/\/i0.wp.com\/bice.org\/app\/uploads\/2023\/03\/CAMP-LIBAN-3.jpg?fit=1000%2C580&ssl=1","width":1000,"height":580,"caption":"Enfants dans un camp de r\u00e9fugi\u00e9s au Liban"},{"@type":"BreadcrumbList","@id":"https:\/\/bice.org\/fr\/actions-de-terrain\/domaines-daction\/le-bice-accompagne-les-enfants-refugies-et-deplaces-internes\/#breadcrumb","itemListElement":[{"@type":"ListItem","position":1,"name":"Accueil","item":"https:\/\/bice.org\/fr\/"},{"@type":"ListItem","position":2,"name":"Nos actions de terrain","item":"https:\/\/bice.org\/fr\/actions-de-terrain\/"},{"@type":"ListItem","position":3,"name":"Domaines d&#8217;action","item":"https:\/\/bice.org\/fr\/actions-de-terrain\/domaines-daction\/"},{"@type":"ListItem","position":4,"name":"Le BICE accompagne les enfants r\u00e9fugi\u00e9s et d\u00e9plac\u00e9s internes"}]},{"@type":"WebSite","@id":"https:\/\/bice.org\/fr\/#website","url":"https:\/\/bice.org\/fr\/","name":"BICE - ONG de protection des droits de l&#039;enfant","description":"Notre mission : D\u00e9fendre les droits et la dignit\u00e9 des enfants partout dans le monde","publisher":{"@id":"https:\/\/bice.org\/fr\/#organization"},"potentialAction":[{"@type":"SearchAction","target":{"@type":"EntryPoint","urlTemplate":"https:\/\/bice.org\/fr\/?s={search_term_string}"},"query-input":{"@type":"PropertyValueSpecification","valueRequired":true,"valueName":"search_term_string"}}],"inLanguage":"fr-FR"},{"@type":"Organization","@id":"https:\/\/bice.org\/fr\/#organization","name":"BICE","url":"https:\/\/bice.org\/fr\/","logo":{"@type":"ImageObject","inLanguage":"fr-FR","@id":"https:\/\/bice.org\/fr\/#\/schema\/logo\/image\/","url":"https:\/\/bice.org\/app\/uploads\/2022\/06\/favicon.ico","contentUrl":"https:\/\/bice.org\/app\/uploads\/2022\/06\/favicon.ico","width":64,"height":64,"caption":"BICE"},"image":{"@id":"https:\/\/bice.org\/fr\/#\/schema\/logo\/image\/"}}]}},"jetpack_sharing_enabled":true,"_links":{"self":[{"href":"https:\/\/bice.org\/fr\/wp-json\/wp\/v2\/pages\/98960","targetHints":{"allow":["GET"]}}],"collection":[{"href":"https:\/\/bice.org\/fr\/wp-json\/wp\/v2\/pages"}],"about":[{"href":"https:\/\/bice.org\/fr\/wp-json\/wp\/v2\/types\/page"}],"author":[{"embeddable":true,"href":"https:\/\/bice.org\/fr\/wp-json\/wp\/v2\/users\/19"}],"replies":[{"embeddable":true,"href":"https:\/\/bice.org\/fr\/wp-json\/wp\/v2\/comments?post=98960"}],"version-history":[{"count":0,"href":"https:\/\/bice.org\/fr\/wp-json\/wp\/v2\/pages\/98960\/revisions"}],"up":[{"embeddable":true,"href":"https:\/\/bice.org\/fr\/wp-json\/wp\/v2\/pages\/9558"}],"wp:featuredmedia":[{"embeddable":true,"href":"https:\/\/bice.org\/fr\/wp-json\/wp\/v2\/media\/98962"}],"wp:attachment":[{"href":"https:\/\/bice.org\/fr\/wp-json\/wp\/v2\/media?parent=98960"}],"curies":[{"name":"wp","href":"https:\/\/api.w.org\/{rel}","templated":true}]}}