{"id":10574,"date":"2022-11-18T14:13:13","date_gmt":"2022-11-18T13:13:13","guid":{"rendered":"https:\/\/bice.org\/fr\/product\/serie-nativite\/"},"modified":"2026-03-31T11:44:06","modified_gmt":"2026-03-31T09:44:06","slug":"serie-nativite","status":"publish","type":"product","link":"https:\/\/bice.org\/fr\/produit\/serie-nativite\/","title":{"rendered":"S\u00e9rie Nativit\u00e9"},"content":{"rendered":"<p>Pour c\u00e9l\u00e9brer No\u00ebl, l&#8217;enfant J\u00e9sus est au c\u0153ur de ces magnifiques \u0153uvres d&#8217;art&#8230;<\/p>\n<p><strong>Cartes doubles, \u00e9dition de luxe, format ferm\u00e9 : 11 x 15 cm<\/strong><\/p>\n","protected":false},"excerpt":{"rendered":"<p>Lot de 2 x 5 cartes diff\u00e9rentes + enveloppes<\/p>\n","protected":false},"featured_media":63928,"comment_status":"closed","ping_status":"closed","template":"","meta":{"_acf_changed":false,"jetpack_publicize_message":"","jetpack_publicize_feature_enabled":true,"jetpack_social_post_already_shared":false,"jetpack_social_options":{"image_generator_settings":{"template":"highway","default_image_id":0,"font":"","enabled":false},"version":2}},"product_brand":[],"product_cat":[434],"product_tag":[957],"class_list":{"0":"post-10574","1":"product","2":"type-product","3":"status-publish","4":"has-post-thumbnail","6":"product_cat-cartes","7":"product_tag-coup-de-coeur","9":"first","10":"instock","11":"featured","12":"shipping-taxable","13":"purchasable","14":"product-type-simple"},"acf":[],"yoast_head":"<!-- This site is optimized with the Yoast SEO plugin v27.2 - https:\/\/yoast.com\/product\/yoast-seo-wordpress\/ -->\n<title>Cartes de voeux s\u00e9rie Nativit\u00e9 - Boutique du BICE<\/title>\n<meta name=\"description\" content=\"Cartes de v\u0153ux, jouets, cr\u00e8ches du monde\u2026 faites un cadeau solidaire et soutenez nos projets pour l&#039;enfance\" \/>\n<meta name=\"robots\" content=\"index, follow, max-snippet:-1, max-image-preview:large, max-video-preview:-1\" \/>\n<link rel=\"canonical\" href=\"https:\/\/bice.org\/fr\/wp-json\/wp\/v2\/product\/10574\" \/>\n<meta property=\"og:locale\" content=\"fr_FR\" \/>\n<meta property=\"og:type\" content=\"article\" \/>\n<meta property=\"og:title\" content=\"Cartes de voeux s\u00e9rie Nativit\u00e9 - Boutique du BICE\" \/>\n<meta property=\"og:description\" content=\"Cartes de v\u0153ux, jouets, cr\u00e8ches du monde\u2026 faites un cadeau solidaire et soutenez nos projets pour l&#039;enfance\" \/>\n<meta property=\"og:url\" content=\"https:\/\/bice.org\/fr\/produit\/serie-nativite\/\" \/>\n<meta property=\"og:site_name\" content=\"BICE - ONG de protection des droits de l&#039;enfant\" \/>\n<meta property=\"article:modified_time\" content=\"2026-03-31T09:44:06+00:00\" \/>\n<meta property=\"og:image\" content=\"https:\/\/i0.wp.com\/bice.org\/app\/uploads\/2021\/11\/nativite-11-2021.jpg?fit=600%2C584&ssl=1\" \/>\n\t<meta property=\"og:image:width\" content=\"600\" \/>\n\t<meta property=\"og:image:height\" content=\"584\" \/>\n\t<meta property=\"og:image:type\" content=\"image\/jpeg\" \/>\n<meta name=\"twitter:card\" content=\"summary_large_image\" \/>\n<meta name=\"twitter:label1\" content=\"Dur\u00e9e de lecture estim\u00e9e\" \/>\n\t<meta name=\"twitter:data1\" content=\"1 minute\" \/>\n<!-- \/ Yoast SEO plugin. -->","yoast_head_json":{"title":"Cartes de voeux s\u00e9rie Nativit\u00e9 - Boutique du BICE","description":"Cartes de v\u0153ux, jouets, cr\u00e8ches du monde\u2026 faites un cadeau solidaire et soutenez nos projets pour l'enfance","robots":{"index":"index","follow":"follow","max-snippet":"max-snippet:-1","max-image-preview":"max-image-preview:large","max-video-preview":"max-video-preview:-1"},"canonical":"https:\/\/bice.org\/fr\/wp-json\/wp\/v2\/product\/10574","og_locale":"fr_FR","og_type":"article","og_title":"Cartes de voeux s\u00e9rie Nativit\u00e9 - Boutique du BICE","og_description":"Cartes de v\u0153ux, jouets, cr\u00e8ches du monde\u2026 faites un cadeau solidaire et soutenez nos projets pour l'enfance","og_url":"https:\/\/bice.org\/fr\/produit\/serie-nativite\/","og_site_name":"BICE - ONG de protection des droits de l&#039;enfant","article_modified_time":"2026-03-31T09:44:06+00:00","og_image":[{"width":600,"height":584,"url":"https:\/\/i0.wp.com\/bice.org\/app\/uploads\/2021\/11\/nativite-11-2021.jpg?fit=600%2C584&ssl=1","type":"image\/jpeg"}],"twitter_card":"summary_large_image","twitter_misc":{"Dur\u00e9e de lecture estim\u00e9e":"1 minute"},"schema":{"@context":"https:\/\/schema.org","@graph":[{"@type":"WebPage","@id":"https:\/\/bice.org\/fr\/produit\/serie-nativite\/","url":"https:\/\/bice.org\/fr\/produit\/serie-nativite\/","name":"Cartes de voeux s\u00e9rie Nativit\u00e9 - Boutique du BICE","isPartOf":{"@id":"https:\/\/bice.org\/fr\/#website"},"primaryImageOfPage":{"@id":"https:\/\/bice.org\/fr\/produit\/serie-nativite\/#primaryimage"},"image":{"@id":"https:\/\/bice.org\/fr\/produit\/serie-nativite\/#primaryimage"},"thumbnailUrl":"https:\/\/i0.wp.com\/bice.org\/app\/uploads\/2021\/11\/nativite-11-2021.jpg?fit=600%2C584&ssl=1","datePublished":"2022-11-18T13:13:13+00:00","dateModified":"2026-03-31T09:44:06+00:00","description":"Cartes de v\u0153ux, jouets, cr\u00e8ches du monde\u2026 faites un cadeau solidaire et soutenez nos projets pour l'enfance","breadcrumb":{"@id":"https:\/\/bice.org\/fr\/produit\/serie-nativite\/#breadcrumb"},"inLanguage":"fr-FR","potentialAction":[{"@type":"ReadAction","target":["https:\/\/bice.org\/fr\/produit\/serie-nativite\/"]}]},{"@type":"ImageObject","inLanguage":"fr-FR","@id":"https:\/\/bice.org\/fr\/produit\/serie-nativite\/#primaryimage","url":"https:\/\/i0.wp.com\/bice.org\/app\/uploads\/2021\/11\/nativite-11-2021.jpg?fit=600%2C584&ssl=1","contentUrl":"https:\/\/i0.wp.com\/bice.org\/app\/uploads\/2021\/11\/nativite-11-2021.jpg?fit=600%2C584&ssl=1","width":600,"height":584},{"@type":"BreadcrumbList","@id":"https:\/\/bice.org\/fr\/produit\/serie-nativite\/#breadcrumb","itemListElement":[{"@type":"ListItem","position":1,"name":"Accueil","item":"https:\/\/bice.org\/fr\/"},{"@type":"ListItem","position":2,"name":"Cartes et cartes de v\u0153ux","item":"https:\/\/bice.org\/fr\/categorie-produit\/cartes\/"},{"@type":"ListItem","position":3,"name":"S\u00e9rie Nativit\u00e9"}]},{"@type":"WebSite","@id":"https:\/\/bice.org\/fr\/#website","url":"https:\/\/bice.org\/fr\/","name":"BICE - ONG de protection des droits de l&#039;enfant","description":"Notre mission : D\u00e9fendre les droits et la dignit\u00e9 des enfants partout dans le monde","publisher":{"@id":"https:\/\/bice.org\/fr\/#organization"},"potentialAction":[{"@type":"SearchAction","target":{"@type":"EntryPoint","urlTemplate":"https:\/\/bice.org\/fr\/?s={search_term_string}"},"query-input":{"@type":"PropertyValueSpecification","valueRequired":true,"valueName":"search_term_string"}}],"inLanguage":"fr-FR"},{"@type":"Organization","@id":"https:\/\/bice.org\/fr\/#organization","name":"BICE","url":"https:\/\/bice.org\/fr\/","logo":{"@type":"ImageObject","inLanguage":"fr-FR","@id":"https:\/\/bice.org\/fr\/#\/schema\/logo\/image\/","url":"https:\/\/bice.org\/app\/uploads\/2022\/06\/favicon.ico","contentUrl":"https:\/\/bice.org\/app\/uploads\/2022\/06\/favicon.ico","width":64,"height":64,"caption":"BICE"},"image":{"@id":"https:\/\/bice.org\/fr\/#\/schema\/logo\/image\/"}}]}},"jetpack_publicize_connections":[],"jetpack_sharing_enabled":true,"_links":{"self":[{"href":"https:\/\/bice.org\/fr\/wp-json\/wp\/v2\/product\/10574","targetHints":{"allow":["GET"]}}],"collection":[{"href":"https:\/\/bice.org\/fr\/wp-json\/wp\/v2\/product"}],"about":[{"href":"https:\/\/bice.org\/fr\/wp-json\/wp\/v2\/types\/product"}],"replies":[{"embeddable":true,"href":"https:\/\/bice.org\/fr\/wp-json\/wp\/v2\/comments?post=10574"}],"wp:featuredmedia":[{"embeddable":true,"href":"https:\/\/bice.org\/fr\/wp-json\/wp\/v2\/media\/63928"}],"wp:attachment":[{"href":"https:\/\/bice.org\/fr\/wp-json\/wp\/v2\/media?parent=10574"}],"wp:term":[{"taxonomy":"product_brand","embeddable":true,"href":"https:\/\/bice.org\/fr\/wp-json\/wp\/v2\/product_brand?post=10574"},{"taxonomy":"product_cat","embeddable":true,"href":"https:\/\/bice.org\/fr\/wp-json\/wp\/v2\/product_cat?post=10574"},{"taxonomy":"product_tag","embeddable":true,"href":"https:\/\/bice.org\/fr\/wp-json\/wp\/v2\/product_tag?post=10574"}],"curies":[{"name":"wp","href":"https:\/\/api.w.org\/{rel}","templated":true}]}}