{"id":10591,"date":"2015-11-18T14:13:49","date_gmt":"2015-11-18T14:13:49","guid":{"rendered":"https:\/\/bice.org\/fr\/product\/droits-de-lenfant-et-resilience\/"},"modified":"2024-10-02T15:35:13","modified_gmt":"2024-10-02T13:35:13","slug":"droits-de-lenfant-et-resilience","status":"publish","type":"product","link":"https:\/\/bice.org\/fr\/produit\/droits-de-lenfant-et-resilience\/","title":{"rendered":"Droits de l&#8217;enfant et r\u00e9silience"},"content":{"rendered":"<p>par <strong>Stefan Vanistendael,<\/strong><br \/>\nDirecteur Recherche &amp; D\u00e9veloppement du BICE<\/p>\n<p>Ce cahier permet de comprendre avec des mots et des images simples le changement de regard sur l&#8217;enfant qu&#8217;apporte une approche fond\u00e9e sur les droits de l&#8217;enfant et sur la <a href=\"https:\/\/bice.org\/fr\/la-resilience-au-coeur-de-notre-action\/quest-ce-que-la-resilience\/\">r\u00e9silience<\/a>.<br \/>\nUn regard de l&#8217;intelligence et du coeur aussi attentif aux <a href=\"https:\/\/bice.org\/fr\/droits-de-lenfant\/droits-fondamentaux-de-l-enfant\/\">droits de l&#8217;enfant<\/a> qu&#8217;\u00e0 sa capacit\u00e9 de mobiliser, souvent de fa\u00e7on tout \u00e0 fait inattendue, les ressources qui lui permettront d&#8217;avancer dans la vie en pr\u00e9sence d&#8217;\u00e9preuves&#8230;<\/p>\n<p><strong>Format 15 x 23 cm, 56 pages<\/strong><\/p>\n","protected":false},"excerpt":{"rendered":"<p>Parution d\u00e9cembre 2009, \u00ab Deux approches f\u00e9condes qui s&#8217;enrichissent mutuellement \u00bb<\/p>\n","protected":false},"featured_media":11884,"comment_status":"closed","ping_status":"closed","template":"","meta":{"_acf_changed":false,"jetpack_publicize_message":"","jetpack_publicize_feature_enabled":true,"jetpack_social_post_already_shared":false,"jetpack_social_options":{"image_generator_settings":{"template":"highway","default_image_id":0,"font":"","enabled":false},"version":2}},"product_brand":[],"product_cat":[436],"product_tag":[517],"class_list":{"0":"post-10591","1":"product","2":"type-product","3":"status-publish","4":"has-post-thumbnail","6":"product_cat-publications-editoriales","7":"product_tag-exclusivite-web","9":"first","10":"instock","11":"shipping-taxable","12":"purchasable","13":"product-type-simple"},"acf":[],"yoast_head":"<!-- This site is optimized with the Yoast SEO plugin v27.2 - https:\/\/yoast.com\/product\/yoast-seo-wordpress\/ -->\n<title>Droits de l&#039;enfant et r\u00e9silience - Boutique<\/title>\n<meta name=\"description\" content=\"Cartes de v\u0153ux, jouets, cr\u00e8ches du monde, publications du BICE\u2026 faites un cadeau solidaire et soutenez nos projets pour l&#039;enfance\" \/>\n<meta name=\"robots\" content=\"index, follow, max-snippet:-1, max-image-preview:large, max-video-preview:-1\" \/>\n<link rel=\"canonical\" href=\"https:\/\/bice.org\/fr\/wp-json\/wp\/v2\/product\/10591\" \/>\n<meta property=\"og:locale\" content=\"fr_FR\" \/>\n<meta property=\"og:type\" content=\"article\" \/>\n<meta property=\"og:title\" content=\"Droits de l&#039;enfant et r\u00e9silience - Boutique\" \/>\n<meta property=\"og:description\" content=\"Cartes de v\u0153ux, jouets, cr\u00e8ches du monde, publications du BICE\u2026 faites un cadeau solidaire et soutenez nos projets pour l&#039;enfance\" \/>\n<meta property=\"og:url\" content=\"https:\/\/bice.org\/fr\/produit\/droits-de-lenfant-et-resilience\/\" \/>\n<meta property=\"og:site_name\" content=\"BICE - ONG de protection des droits de l&#039;enfant\" \/>\n<meta property=\"article:modified_time\" content=\"2024-10-02T13:35:13+00:00\" \/>\n<meta property=\"og:image\" content=\"https:\/\/i0.wp.com\/bice.org\/app\/uploads\/2015\/11\/dts-enfant-et-resilience.jpg?fit=260%2C367&ssl=1\" \/>\n\t<meta property=\"og:image:width\" content=\"260\" \/>\n\t<meta property=\"og:image:height\" content=\"367\" \/>\n\t<meta property=\"og:image:type\" content=\"image\/jpeg\" \/>\n<meta name=\"twitter:card\" content=\"summary_large_image\" \/>\n<meta name=\"twitter:label1\" content=\"Dur\u00e9e de lecture estim\u00e9e\" \/>\n\t<meta name=\"twitter:data1\" content=\"1 minute\" \/>\n<!-- \/ Yoast SEO plugin. -->","yoast_head_json":{"title":"Droits de l'enfant et r\u00e9silience - Boutique","description":"Cartes de v\u0153ux, jouets, cr\u00e8ches du monde, publications du BICE\u2026 faites un cadeau solidaire et soutenez nos projets pour l'enfance","robots":{"index":"index","follow":"follow","max-snippet":"max-snippet:-1","max-image-preview":"max-image-preview:large","max-video-preview":"max-video-preview:-1"},"canonical":"https:\/\/bice.org\/fr\/wp-json\/wp\/v2\/product\/10591","og_locale":"fr_FR","og_type":"article","og_title":"Droits de l'enfant et r\u00e9silience - Boutique","og_description":"Cartes de v\u0153ux, jouets, cr\u00e8ches du monde, publications du BICE\u2026 faites un cadeau solidaire et soutenez nos projets pour l'enfance","og_url":"https:\/\/bice.org\/fr\/produit\/droits-de-lenfant-et-resilience\/","og_site_name":"BICE - ONG de protection des droits de l&#039;enfant","article_modified_time":"2024-10-02T13:35:13+00:00","og_image":[{"width":260,"height":367,"url":"https:\/\/i0.wp.com\/bice.org\/app\/uploads\/2015\/11\/dts-enfant-et-resilience.jpg?fit=260%2C367&ssl=1","type":"image\/jpeg"}],"twitter_card":"summary_large_image","twitter_misc":{"Dur\u00e9e de lecture estim\u00e9e":"1 minute"},"schema":{"@context":"https:\/\/schema.org","@graph":[{"@type":"WebPage","@id":"https:\/\/bice.org\/fr\/produit\/droits-de-lenfant-et-resilience\/","url":"https:\/\/bice.org\/fr\/produit\/droits-de-lenfant-et-resilience\/","name":"Droits de l'enfant et r\u00e9silience - Boutique","isPartOf":{"@id":"https:\/\/bice.org\/fr\/#website"},"primaryImageOfPage":{"@id":"https:\/\/bice.org\/fr\/produit\/droits-de-lenfant-et-resilience\/#primaryimage"},"image":{"@id":"https:\/\/bice.org\/fr\/produit\/droits-de-lenfant-et-resilience\/#primaryimage"},"thumbnailUrl":"https:\/\/i0.wp.com\/bice.org\/app\/uploads\/2015\/11\/dts-enfant-et-resilience.jpg?fit=260%2C367&ssl=1","datePublished":"2015-11-18T14:13:49+00:00","dateModified":"2024-10-02T13:35:13+00:00","description":"Cartes de v\u0153ux, jouets, cr\u00e8ches du monde, publications du BICE\u2026 faites un cadeau solidaire et soutenez nos projets pour l'enfance","breadcrumb":{"@id":"https:\/\/bice.org\/fr\/produit\/droits-de-lenfant-et-resilience\/#breadcrumb"},"inLanguage":"fr-FR","potentialAction":[{"@type":"ReadAction","target":["https:\/\/bice.org\/fr\/produit\/droits-de-lenfant-et-resilience\/"]}]},{"@type":"ImageObject","inLanguage":"fr-FR","@id":"https:\/\/bice.org\/fr\/produit\/droits-de-lenfant-et-resilience\/#primaryimage","url":"https:\/\/i0.wp.com\/bice.org\/app\/uploads\/2015\/11\/dts-enfant-et-resilience.jpg?fit=260%2C367&ssl=1","contentUrl":"https:\/\/i0.wp.com\/bice.org\/app\/uploads\/2015\/11\/dts-enfant-et-resilience.jpg?fit=260%2C367&ssl=1","width":260,"height":367},{"@type":"BreadcrumbList","@id":"https:\/\/bice.org\/fr\/produit\/droits-de-lenfant-et-resilience\/#breadcrumb","itemListElement":[{"@type":"ListItem","position":1,"name":"Accueil","item":"https:\/\/bice.org\/fr\/"},{"@type":"ListItem","position":2,"name":"Publications \u00e9ditoriales","item":"https:\/\/bice.org\/fr\/categorie-produit\/publications-editoriales\/"},{"@type":"ListItem","position":3,"name":"Droits de l&#8217;enfant et r\u00e9silience"}]},{"@type":"WebSite","@id":"https:\/\/bice.org\/fr\/#website","url":"https:\/\/bice.org\/fr\/","name":"BICE - ONG de protection des droits de l&#039;enfant","description":"Notre mission : D\u00e9fendre les droits et la dignit\u00e9 des enfants partout dans le monde","publisher":{"@id":"https:\/\/bice.org\/fr\/#organization"},"potentialAction":[{"@type":"SearchAction","target":{"@type":"EntryPoint","urlTemplate":"https:\/\/bice.org\/fr\/?s={search_term_string}"},"query-input":{"@type":"PropertyValueSpecification","valueRequired":true,"valueName":"search_term_string"}}],"inLanguage":"fr-FR"},{"@type":"Organization","@id":"https:\/\/bice.org\/fr\/#organization","name":"BICE","url":"https:\/\/bice.org\/fr\/","logo":{"@type":"ImageObject","inLanguage":"fr-FR","@id":"https:\/\/bice.org\/fr\/#\/schema\/logo\/image\/","url":"https:\/\/bice.org\/app\/uploads\/2022\/06\/favicon.ico","contentUrl":"https:\/\/bice.org\/app\/uploads\/2022\/06\/favicon.ico","width":64,"height":64,"caption":"BICE"},"image":{"@id":"https:\/\/bice.org\/fr\/#\/schema\/logo\/image\/"}}]}},"jetpack_publicize_connections":[],"jetpack_sharing_enabled":true,"_links":{"self":[{"href":"https:\/\/bice.org\/fr\/wp-json\/wp\/v2\/product\/10591","targetHints":{"allow":["GET"]}}],"collection":[{"href":"https:\/\/bice.org\/fr\/wp-json\/wp\/v2\/product"}],"about":[{"href":"https:\/\/bice.org\/fr\/wp-json\/wp\/v2\/types\/product"}],"replies":[{"embeddable":true,"href":"https:\/\/bice.org\/fr\/wp-json\/wp\/v2\/comments?post=10591"}],"wp:featuredmedia":[{"embeddable":true,"href":"https:\/\/bice.org\/fr\/wp-json\/wp\/v2\/media\/11884"}],"wp:attachment":[{"href":"https:\/\/bice.org\/fr\/wp-json\/wp\/v2\/media?parent=10591"}],"wp:term":[{"taxonomy":"product_brand","embeddable":true,"href":"https:\/\/bice.org\/fr\/wp-json\/wp\/v2\/product_brand?post=10591"},{"taxonomy":"product_cat","embeddable":true,"href":"https:\/\/bice.org\/fr\/wp-json\/wp\/v2\/product_cat?post=10591"},{"taxonomy":"product_tag","embeddable":true,"href":"https:\/\/bice.org\/fr\/wp-json\/wp\/v2\/product_tag?post=10591"}],"curies":[{"name":"wp","href":"https:\/\/api.w.org\/{rel}","templated":true}]}}