{"id":10603,"date":"2015-11-18T14:14:13","date_gmt":"2015-11-18T14:14:13","guid":{"rendered":"https:\/\/bice.org\/fr\/product\/la-resilience-ou-le-realisme-de-lesperance\/"},"modified":"2022-10-06T15:10:28","modified_gmt":"2022-10-06T13:10:28","slug":"la-resilience-ou-le-realisme-de-lesperance","status":"publish","type":"product","link":"https:\/\/bice.org\/fr\/produit\/la-resilience-ou-le-realisme-de-lesperance\/","title":{"rendered":"La r\u00e9silience ou le r\u00e9alisme de l\u2019esp\u00e9rance"},"content":{"rendered":"<p>par <strong>Stefan Vanistendael<\/strong><br \/>\nDirecteur Recherche &amp; D\u00e9veloppement du BICE<\/p>\n<p>Dressant une approche large de la r\u00e9silience, qui d\u00e9passe parfois le domaine de l\u2019enfance, ce cahier en donne \u00e0 la fois une tentative de d\u00e9finition, les \u00e9l\u00e9ments qui lui permettent de se mettre en place et de nombreuses illustrations concr\u00e8tes aidant \u00e0 mieux comprendre ce ph\u00e9nom\u00e8ne essentiel pour surmonter les blessures de la vie.<\/p>\n<p><strong>Format 15,5 x 23 cm, 60 pages<\/strong><\/p>\n","protected":false},"excerpt":{"rendered":"<p>Edition actualis\u00e9e 2015,\u00a0\u00ab Bless\u00e9, mais pas vaincu \u00bb<\/p>\n","protected":false},"featured_media":11880,"comment_status":"closed","ping_status":"closed","template":"","meta":{"_acf_changed":false,"jetpack_publicize_message":"","jetpack_publicize_feature_enabled":true,"jetpack_social_post_already_shared":false,"jetpack_social_options":{"image_generator_settings":{"template":"highway","default_image_id":0,"font":"","enabled":false},"version":2}},"product_brand":[],"product_cat":[436],"product_tag":[517],"class_list":{"0":"post-10603","1":"product","2":"type-product","3":"status-publish","4":"has-post-thumbnail","6":"product_cat-publications-editoriales","7":"product_tag-exclusivite-web","9":"first","10":"instock","11":"shipping-taxable","12":"purchasable","13":"product-type-simple"},"acf":[],"yoast_head":"<!-- This site is optimized with the Yoast SEO plugin v27.2 - https:\/\/yoast.com\/product\/yoast-seo-wordpress\/ -->\n<title>La r\u00e9silience ou le r\u00e9alisme de l\u2019esp\u00e9rance - BICE - ONG de protection des droits de l&#039;enfant<\/title>\n<meta name=\"description\" content=\"Cartes de v\u0153ux, jouets, cr\u00e8ches du monde, publications du BICE\u2026 faites un cadeau solidaire et soutenez nos projets pour l&#039;enfance\" \/>\n<meta name=\"robots\" content=\"index, follow, max-snippet:-1, max-image-preview:large, max-video-preview:-1\" \/>\n<link rel=\"canonical\" href=\"https:\/\/bice.org\/fr\/wp-json\/wp\/v2\/product\/10603\" \/>\n<meta property=\"og:locale\" content=\"fr_FR\" \/>\n<meta property=\"og:type\" content=\"article\" \/>\n<meta property=\"og:title\" content=\"La r\u00e9silience ou le r\u00e9alisme de l\u2019esp\u00e9rance - BICE - ONG de protection des droits de l&#039;enfant\" \/>\n<meta property=\"og:description\" content=\"Cartes de v\u0153ux, jouets, cr\u00e8ches du monde, publications du BICE\u2026 faites un cadeau solidaire et soutenez nos projets pour l&#039;enfance\" \/>\n<meta property=\"og:url\" content=\"https:\/\/bice.org\/fr\/produit\/la-resilience-ou-le-realisme-de-lesperance\/\" \/>\n<meta property=\"og:site_name\" content=\"BICE - ONG de protection des droits de l&#039;enfant\" \/>\n<meta property=\"article:modified_time\" content=\"2022-10-06T13:10:28+00:00\" \/>\n<meta property=\"og:image\" content=\"https:\/\/i0.wp.com\/bice.org\/app\/uploads\/2015\/11\/resilience-esperance.jpg?fit=260%2C367&ssl=1\" \/>\n\t<meta property=\"og:image:width\" content=\"260\" \/>\n\t<meta property=\"og:image:height\" content=\"367\" \/>\n\t<meta property=\"og:image:type\" content=\"image\/jpeg\" \/>\n<meta name=\"twitter:card\" content=\"summary_large_image\" \/>\n<!-- \/ Yoast SEO plugin. -->","yoast_head_json":{"title":"La r\u00e9silience ou le r\u00e9alisme de l\u2019esp\u00e9rance - BICE - ONG de protection des droits de l&#039;enfant","description":"Cartes de v\u0153ux, jouets, cr\u00e8ches du monde, publications du BICE\u2026 faites un cadeau solidaire et soutenez nos projets pour l'enfance","robots":{"index":"index","follow":"follow","max-snippet":"max-snippet:-1","max-image-preview":"max-image-preview:large","max-video-preview":"max-video-preview:-1"},"canonical":"https:\/\/bice.org\/fr\/wp-json\/wp\/v2\/product\/10603","og_locale":"fr_FR","og_type":"article","og_title":"La r\u00e9silience ou le r\u00e9alisme de l\u2019esp\u00e9rance - BICE - ONG de protection des droits de l&#039;enfant","og_description":"Cartes de v\u0153ux, jouets, cr\u00e8ches du monde, publications du BICE\u2026 faites un cadeau solidaire et soutenez nos projets pour l'enfance","og_url":"https:\/\/bice.org\/fr\/produit\/la-resilience-ou-le-realisme-de-lesperance\/","og_site_name":"BICE - ONG de protection des droits de l&#039;enfant","article_modified_time":"2022-10-06T13:10:28+00:00","og_image":[{"width":260,"height":367,"url":"https:\/\/i0.wp.com\/bice.org\/app\/uploads\/2015\/11\/resilience-esperance.jpg?fit=260%2C367&ssl=1","type":"image\/jpeg"}],"twitter_card":"summary_large_image","schema":{"@context":"https:\/\/schema.org","@graph":[{"@type":"WebPage","@id":"https:\/\/bice.org\/fr\/produit\/la-resilience-ou-le-realisme-de-lesperance\/","url":"https:\/\/bice.org\/fr\/produit\/la-resilience-ou-le-realisme-de-lesperance\/","name":"La r\u00e9silience ou le r\u00e9alisme de l\u2019esp\u00e9rance - BICE - ONG de protection des droits de l&#039;enfant","isPartOf":{"@id":"https:\/\/bice.org\/fr\/#website"},"primaryImageOfPage":{"@id":"https:\/\/bice.org\/fr\/produit\/la-resilience-ou-le-realisme-de-lesperance\/#primaryimage"},"image":{"@id":"https:\/\/bice.org\/fr\/produit\/la-resilience-ou-le-realisme-de-lesperance\/#primaryimage"},"thumbnailUrl":"https:\/\/i0.wp.com\/bice.org\/app\/uploads\/2015\/11\/resilience-esperance.jpg?fit=260%2C367&ssl=1","datePublished":"2015-11-18T14:14:13+00:00","dateModified":"2022-10-06T13:10:28+00:00","description":"Cartes de v\u0153ux, jouets, cr\u00e8ches du monde, publications du BICE\u2026 faites un cadeau solidaire et soutenez nos projets pour l'enfance","breadcrumb":{"@id":"https:\/\/bice.org\/fr\/produit\/la-resilience-ou-le-realisme-de-lesperance\/#breadcrumb"},"inLanguage":"fr-FR","potentialAction":[{"@type":"ReadAction","target":["https:\/\/bice.org\/fr\/produit\/la-resilience-ou-le-realisme-de-lesperance\/"]}]},{"@type":"ImageObject","inLanguage":"fr-FR","@id":"https:\/\/bice.org\/fr\/produit\/la-resilience-ou-le-realisme-de-lesperance\/#primaryimage","url":"https:\/\/i0.wp.com\/bice.org\/app\/uploads\/2015\/11\/resilience-esperance.jpg?fit=260%2C367&ssl=1","contentUrl":"https:\/\/i0.wp.com\/bice.org\/app\/uploads\/2015\/11\/resilience-esperance.jpg?fit=260%2C367&ssl=1","width":260,"height":367},{"@type":"BreadcrumbList","@id":"https:\/\/bice.org\/fr\/produit\/la-resilience-ou-le-realisme-de-lesperance\/#breadcrumb","itemListElement":[{"@type":"ListItem","position":1,"name":"Accueil","item":"https:\/\/bice.org\/fr\/"},{"@type":"ListItem","position":2,"name":"Publications \u00e9ditoriales","item":"https:\/\/bice.org\/fr\/categorie-produit\/publications-editoriales\/"},{"@type":"ListItem","position":3,"name":"La r\u00e9silience ou le r\u00e9alisme de l\u2019esp\u00e9rance"}]},{"@type":"WebSite","@id":"https:\/\/bice.org\/fr\/#website","url":"https:\/\/bice.org\/fr\/","name":"BICE - ONG de protection des droits de l&#039;enfant","description":"Notre mission : D\u00e9fendre les droits et la dignit\u00e9 des enfants partout dans le monde","publisher":{"@id":"https:\/\/bice.org\/fr\/#organization"},"potentialAction":[{"@type":"SearchAction","target":{"@type":"EntryPoint","urlTemplate":"https:\/\/bice.org\/fr\/?s={search_term_string}"},"query-input":{"@type":"PropertyValueSpecification","valueRequired":true,"valueName":"search_term_string"}}],"inLanguage":"fr-FR"},{"@type":"Organization","@id":"https:\/\/bice.org\/fr\/#organization","name":"BICE","url":"https:\/\/bice.org\/fr\/","logo":{"@type":"ImageObject","inLanguage":"fr-FR","@id":"https:\/\/bice.org\/fr\/#\/schema\/logo\/image\/","url":"https:\/\/bice.org\/app\/uploads\/2022\/06\/favicon.ico","contentUrl":"https:\/\/bice.org\/app\/uploads\/2022\/06\/favicon.ico","width":64,"height":64,"caption":"BICE"},"image":{"@id":"https:\/\/bice.org\/fr\/#\/schema\/logo\/image\/"}}]}},"jetpack_publicize_connections":[],"jetpack_sharing_enabled":true,"_links":{"self":[{"href":"https:\/\/bice.org\/fr\/wp-json\/wp\/v2\/product\/10603","targetHints":{"allow":["GET"]}}],"collection":[{"href":"https:\/\/bice.org\/fr\/wp-json\/wp\/v2\/product"}],"about":[{"href":"https:\/\/bice.org\/fr\/wp-json\/wp\/v2\/types\/product"}],"replies":[{"embeddable":true,"href":"https:\/\/bice.org\/fr\/wp-json\/wp\/v2\/comments?post=10603"}],"wp:featuredmedia":[{"embeddable":true,"href":"https:\/\/bice.org\/fr\/wp-json\/wp\/v2\/media\/11880"}],"wp:attachment":[{"href":"https:\/\/bice.org\/fr\/wp-json\/wp\/v2\/media?parent=10603"}],"wp:term":[{"taxonomy":"product_brand","embeddable":true,"href":"https:\/\/bice.org\/fr\/wp-json\/wp\/v2\/product_brand?post=10603"},{"taxonomy":"product_cat","embeddable":true,"href":"https:\/\/bice.org\/fr\/wp-json\/wp\/v2\/product_cat?post=10603"},{"taxonomy":"product_tag","embeddable":true,"href":"https:\/\/bice.org\/fr\/wp-json\/wp\/v2\/product_tag?post=10603"}],"curies":[{"name":"wp","href":"https:\/\/api.w.org\/{rel}","templated":true}]}}