{"id":10621,"date":"2015-11-18T14:14:33","date_gmt":"2015-11-18T14:14:33","guid":{"rendered":"https:\/\/bice.org\/fr\/product\/jean-paul-ii-parle-aux-enfants\/"},"modified":"2022-10-06T15:06:14","modified_gmt":"2022-10-06T13:06:14","slug":"jean-paul-ii-parle-aux-enfants","status":"publish","type":"product","link":"https:\/\/bice.org\/fr\/produit\/jean-paul-ii-parle-aux-enfants\/","title":{"rendered":"Jean-Paul II parle aux enfants"},"content":{"rendered":"<p>Illustrations de Giulia Orecchia, Texte fran\u00e7ais d\u2019Anna Buresi<\/p>\n<p>40 paroles de Jean Paul II sp\u00e9cialement prononc\u00e9es pour les enfants du monde entier, illustr\u00e9es sobrement \u00e0 l\u2019aquarelle\u00a0: un petit livre pour les aider \u00e0 m\u00e9diter sur la vie et les inviter \u00e0 la pri\u00e8re, \u00e0 partir de 9 ans.<\/p>\n<p><strong>Format 16,5 x 18 cm, 84 pages<\/strong><\/p>\n","protected":false},"excerpt":{"rendered":"<p>40 &#8220;paroles&#8221; du pape Jean Paul II. Parution 2004, Flammarion<\/p>\n","protected":false},"featured_media":11889,"comment_status":"closed","ping_status":"closed","template":"","meta":{"_acf_changed":false,"jetpack_publicize_message":"","jetpack_publicize_feature_enabled":true,"jetpack_social_post_already_shared":false,"jetpack_social_options":{"image_generator_settings":{"template":"highway","default_image_id":0,"font":"","enabled":false},"version":2}},"product_brand":[],"product_cat":[1487],"product_tag":[517],"class_list":{"0":"post-10621","1":"product","2":"type-product","3":"status-publish","4":"has-post-thumbnail","6":"product_cat-livres-et-dvd","7":"product_tag-exclusivite-web","9":"first","10":"instock","11":"shipping-taxable","12":"purchasable","13":"product-type-simple"},"acf":[],"yoast_head":"<!-- This site is optimized with the Yoast SEO plugin v27.2 - https:\/\/yoast.com\/product\/yoast-seo-wordpress\/ -->\n<title>Jean-Paul II parle aux enfants - Boutique du BICE<\/title>\n<meta name=\"description\" content=\"Cartes de v\u0153ux, jouets, cr\u00e8ches du monde, publications du BICE, livres\u2026 faites un cadeau solidaire et soutenez nos projets pour l&#039;enfance\" \/>\n<meta name=\"robots\" content=\"index, follow, max-snippet:-1, max-image-preview:large, max-video-preview:-1\" \/>\n<link rel=\"canonical\" href=\"https:\/\/bice.org\/fr\/wp-json\/wp\/v2\/product\/10621\" \/>\n<meta property=\"og:locale\" content=\"fr_FR\" \/>\n<meta property=\"og:type\" content=\"article\" \/>\n<meta property=\"og:title\" content=\"Jean-Paul II parle aux enfants - Boutique du BICE\" \/>\n<meta property=\"og:description\" content=\"Cartes de v\u0153ux, jouets, cr\u00e8ches du monde, publications du BICE, livres\u2026 faites un cadeau solidaire et soutenez nos projets pour l&#039;enfance\" \/>\n<meta property=\"og:url\" content=\"https:\/\/bice.org\/fr\/produit\/jean-paul-ii-parle-aux-enfants\/\" \/>\n<meta property=\"og:site_name\" content=\"BICE - ONG de protection des droits de l&#039;enfant\" \/>\n<meta property=\"article:modified_time\" content=\"2022-10-06T13:06:14+00:00\" \/>\n<meta property=\"og:image\" content=\"https:\/\/i0.wp.com\/bice.org\/app\/uploads\/2015\/11\/jean-paul-II.jpg?fit=260%2C367&ssl=1\" \/>\n\t<meta property=\"og:image:width\" content=\"260\" \/>\n\t<meta property=\"og:image:height\" content=\"367\" \/>\n\t<meta property=\"og:image:type\" content=\"image\/jpeg\" \/>\n<meta name=\"twitter:card\" content=\"summary_large_image\" \/>\n<!-- \/ Yoast SEO plugin. -->","yoast_head_json":{"title":"Jean-Paul II parle aux enfants - Boutique du BICE","description":"Cartes de v\u0153ux, jouets, cr\u00e8ches du monde, publications du BICE, livres\u2026 faites un cadeau solidaire et soutenez nos projets pour l'enfance","robots":{"index":"index","follow":"follow","max-snippet":"max-snippet:-1","max-image-preview":"max-image-preview:large","max-video-preview":"max-video-preview:-1"},"canonical":"https:\/\/bice.org\/fr\/wp-json\/wp\/v2\/product\/10621","og_locale":"fr_FR","og_type":"article","og_title":"Jean-Paul II parle aux enfants - Boutique du BICE","og_description":"Cartes de v\u0153ux, jouets, cr\u00e8ches du monde, publications du BICE, livres\u2026 faites un cadeau solidaire et soutenez nos projets pour l'enfance","og_url":"https:\/\/bice.org\/fr\/produit\/jean-paul-ii-parle-aux-enfants\/","og_site_name":"BICE - ONG de protection des droits de l&#039;enfant","article_modified_time":"2022-10-06T13:06:14+00:00","og_image":[{"width":260,"height":367,"url":"https:\/\/i0.wp.com\/bice.org\/app\/uploads\/2015\/11\/jean-paul-II.jpg?fit=260%2C367&ssl=1","type":"image\/jpeg"}],"twitter_card":"summary_large_image","schema":{"@context":"https:\/\/schema.org","@graph":[{"@type":"WebPage","@id":"https:\/\/bice.org\/fr\/produit\/jean-paul-ii-parle-aux-enfants\/","url":"https:\/\/bice.org\/fr\/produit\/jean-paul-ii-parle-aux-enfants\/","name":"Jean-Paul II parle aux enfants - Boutique du BICE","isPartOf":{"@id":"https:\/\/bice.org\/fr\/#website"},"primaryImageOfPage":{"@id":"https:\/\/bice.org\/fr\/produit\/jean-paul-ii-parle-aux-enfants\/#primaryimage"},"image":{"@id":"https:\/\/bice.org\/fr\/produit\/jean-paul-ii-parle-aux-enfants\/#primaryimage"},"thumbnailUrl":"https:\/\/i0.wp.com\/bice.org\/app\/uploads\/2015\/11\/jean-paul-II.jpg?fit=260%2C367&ssl=1","datePublished":"2015-11-18T14:14:33+00:00","dateModified":"2022-10-06T13:06:14+00:00","description":"Cartes de v\u0153ux, jouets, cr\u00e8ches du monde, publications du BICE, livres\u2026 faites un cadeau solidaire et soutenez nos projets pour l'enfance","breadcrumb":{"@id":"https:\/\/bice.org\/fr\/produit\/jean-paul-ii-parle-aux-enfants\/#breadcrumb"},"inLanguage":"fr-FR","potentialAction":[{"@type":"ReadAction","target":["https:\/\/bice.org\/fr\/produit\/jean-paul-ii-parle-aux-enfants\/"]}]},{"@type":"ImageObject","inLanguage":"fr-FR","@id":"https:\/\/bice.org\/fr\/produit\/jean-paul-ii-parle-aux-enfants\/#primaryimage","url":"https:\/\/i0.wp.com\/bice.org\/app\/uploads\/2015\/11\/jean-paul-II.jpg?fit=260%2C367&ssl=1","contentUrl":"https:\/\/i0.wp.com\/bice.org\/app\/uploads\/2015\/11\/jean-paul-II.jpg?fit=260%2C367&ssl=1","width":260,"height":367},{"@type":"BreadcrumbList","@id":"https:\/\/bice.org\/fr\/produit\/jean-paul-ii-parle-aux-enfants\/#breadcrumb","itemListElement":[{"@type":"ListItem","position":1,"name":"Accueil","item":"https:\/\/bice.org\/fr\/"},{"@type":"ListItem","position":2,"name":"Livres et DVD","item":"https:\/\/bice.org\/fr\/categorie-produit\/livres-et-dvd\/"},{"@type":"ListItem","position":3,"name":"Jean-Paul II parle aux enfants"}]},{"@type":"WebSite","@id":"https:\/\/bice.org\/fr\/#website","url":"https:\/\/bice.org\/fr\/","name":"BICE - ONG de protection des droits de l&#039;enfant","description":"Notre mission : D\u00e9fendre les droits et la dignit\u00e9 des enfants partout dans le monde","publisher":{"@id":"https:\/\/bice.org\/fr\/#organization"},"potentialAction":[{"@type":"SearchAction","target":{"@type":"EntryPoint","urlTemplate":"https:\/\/bice.org\/fr\/?s={search_term_string}"},"query-input":{"@type":"PropertyValueSpecification","valueRequired":true,"valueName":"search_term_string"}}],"inLanguage":"fr-FR"},{"@type":"Organization","@id":"https:\/\/bice.org\/fr\/#organization","name":"BICE","url":"https:\/\/bice.org\/fr\/","logo":{"@type":"ImageObject","inLanguage":"fr-FR","@id":"https:\/\/bice.org\/fr\/#\/schema\/logo\/image\/","url":"https:\/\/bice.org\/app\/uploads\/2022\/06\/favicon.ico","contentUrl":"https:\/\/bice.org\/app\/uploads\/2022\/06\/favicon.ico","width":64,"height":64,"caption":"BICE"},"image":{"@id":"https:\/\/bice.org\/fr\/#\/schema\/logo\/image\/"}}]}},"jetpack_publicize_connections":[],"jetpack_sharing_enabled":true,"_links":{"self":[{"href":"https:\/\/bice.org\/fr\/wp-json\/wp\/v2\/product\/10621","targetHints":{"allow":["GET"]}}],"collection":[{"href":"https:\/\/bice.org\/fr\/wp-json\/wp\/v2\/product"}],"about":[{"href":"https:\/\/bice.org\/fr\/wp-json\/wp\/v2\/types\/product"}],"replies":[{"embeddable":true,"href":"https:\/\/bice.org\/fr\/wp-json\/wp\/v2\/comments?post=10621"}],"wp:featuredmedia":[{"embeddable":true,"href":"https:\/\/bice.org\/fr\/wp-json\/wp\/v2\/media\/11889"}],"wp:attachment":[{"href":"https:\/\/bice.org\/fr\/wp-json\/wp\/v2\/media?parent=10621"}],"wp:term":[{"taxonomy":"product_brand","embeddable":true,"href":"https:\/\/bice.org\/fr\/wp-json\/wp\/v2\/product_brand?post=10621"},{"taxonomy":"product_cat","embeddable":true,"href":"https:\/\/bice.org\/fr\/wp-json\/wp\/v2\/product_cat?post=10621"},{"taxonomy":"product_tag","embeddable":true,"href":"https:\/\/bice.org\/fr\/wp-json\/wp\/v2\/product_tag?post=10621"}],"curies":[{"name":"wp","href":"https:\/\/api.w.org\/{rel}","templated":true}]}}