{"id":11916,"date":"2022-11-26T16:35:24","date_gmt":"2022-11-26T15:35:24","guid":{"rendered":"https:\/\/bice.org\/fr\/?post_type=product&#038;p=11916"},"modified":"2026-03-30T11:28:38","modified_gmt":"2026-03-30T09:28:38","slug":"serie-regards-denfants","status":"publish","type":"product","link":"https:\/\/bice.org\/fr\/produit\/serie-regards-denfants\/","title":{"rendered":"S\u00e9rie regards d&#8217;enfants"},"content":{"rendered":"<p>Ces regards nous disent la joie d&#8217;\u00eatre aid\u00e9s, aim\u00e9s, entour\u00e9s&#8230;<\/p>\n<p><strong>Format 11 x 15 cm.<\/strong><\/p>\n","protected":false},"excerpt":{"rendered":"<p>Lot de 2&#215;5 cartes diff\u00e9rentes + enveloppes<\/p>\n","protected":false},"featured_media":11917,"comment_status":"closed","ping_status":"closed","template":"","meta":{"_acf_changed":false,"jetpack_publicize_message":"","jetpack_publicize_feature_enabled":true,"jetpack_social_post_already_shared":false,"jetpack_social_options":{"image_generator_settings":{"template":"highway","default_image_id":0,"font":"","enabled":false},"version":2}},"product_brand":[],"product_cat":[434],"product_tag":[957],"class_list":{"0":"post-11916","1":"product","2":"type-product","3":"status-publish","4":"has-post-thumbnail","6":"product_cat-cartes","7":"product_tag-coup-de-coeur","9":"first","10":"instock","11":"featured","12":"shipping-taxable","13":"purchasable","14":"product-type-simple"},"acf":[],"yoast_head":"<!-- This site is optimized with the Yoast SEO plugin v27.2 - https:\/\/yoast.com\/product\/yoast-seo-wordpress\/ -->\n<title>S\u00e9rie regards d&#039;enfants - Boutique du BICE<\/title>\n<meta name=\"description\" content=\"Cartes de v\u0153ux, jouets, cr\u00e8ches du monde, publications du BICE, livres\u2026 faites un cadeau solidaire et soutenez nos projets pour l&#039;enfance\" \/>\n<meta name=\"robots\" content=\"index, follow, max-snippet:-1, max-image-preview:large, max-video-preview:-1\" \/>\n<link rel=\"canonical\" href=\"https:\/\/bice.org\/fr\/wp-json\/wp\/v2\/product\/11916\" \/>\n<meta property=\"og:locale\" content=\"fr_FR\" \/>\n<meta property=\"og:type\" content=\"article\" \/>\n<meta property=\"og:title\" content=\"S\u00e9rie regards d&#039;enfants - Boutique du BICE\" \/>\n<meta property=\"og:description\" content=\"Cartes de v\u0153ux, jouets, cr\u00e8ches du monde, publications du BICE, livres\u2026 faites un cadeau solidaire et soutenez nos projets pour l&#039;enfance\" \/>\n<meta property=\"og:url\" content=\"https:\/\/bice.org\/fr\/produit\/serie-regards-denfants\/\" \/>\n<meta property=\"og:site_name\" content=\"BICE - ONG de protection des droits de l&#039;enfant\" \/>\n<meta property=\"article:modified_time\" content=\"2026-03-30T09:28:38+00:00\" \/>\n<meta property=\"og:image\" content=\"https:\/\/i0.wp.com\/bice.org\/app\/uploads\/2015\/11\/regards-enfants.jpg?fit=600%2C584&ssl=1\" \/>\n\t<meta property=\"og:image:width\" content=\"600\" \/>\n\t<meta property=\"og:image:height\" content=\"584\" \/>\n\t<meta property=\"og:image:type\" content=\"image\/jpeg\" \/>\n<meta name=\"twitter:card\" content=\"summary_large_image\" \/>\n<meta name=\"twitter:label1\" content=\"Dur\u00e9e de lecture estim\u00e9e\" \/>\n\t<meta name=\"twitter:data1\" content=\"1 minute\" \/>\n<!-- \/ Yoast SEO plugin. -->","yoast_head_json":{"title":"S\u00e9rie regards d'enfants - Boutique du BICE","description":"Cartes de v\u0153ux, jouets, cr\u00e8ches du monde, publications du BICE, livres\u2026 faites un cadeau solidaire et soutenez nos projets pour l'enfance","robots":{"index":"index","follow":"follow","max-snippet":"max-snippet:-1","max-image-preview":"max-image-preview:large","max-video-preview":"max-video-preview:-1"},"canonical":"https:\/\/bice.org\/fr\/wp-json\/wp\/v2\/product\/11916","og_locale":"fr_FR","og_type":"article","og_title":"S\u00e9rie regards d'enfants - Boutique du BICE","og_description":"Cartes de v\u0153ux, jouets, cr\u00e8ches du monde, publications du BICE, livres\u2026 faites un cadeau solidaire et soutenez nos projets pour l'enfance","og_url":"https:\/\/bice.org\/fr\/produit\/serie-regards-denfants\/","og_site_name":"BICE - ONG de protection des droits de l&#039;enfant","article_modified_time":"2026-03-30T09:28:38+00:00","og_image":[{"width":600,"height":584,"url":"https:\/\/i0.wp.com\/bice.org\/app\/uploads\/2015\/11\/regards-enfants.jpg?fit=600%2C584&ssl=1","type":"image\/jpeg"}],"twitter_card":"summary_large_image","twitter_misc":{"Dur\u00e9e de lecture estim\u00e9e":"1 minute"},"schema":{"@context":"https:\/\/schema.org","@graph":[{"@type":"WebPage","@id":"https:\/\/bice.org\/fr\/produit\/serie-regards-denfants\/","url":"https:\/\/bice.org\/fr\/produit\/serie-regards-denfants\/","name":"S\u00e9rie regards d'enfants - Boutique du BICE","isPartOf":{"@id":"https:\/\/bice.org\/fr\/#website"},"primaryImageOfPage":{"@id":"https:\/\/bice.org\/fr\/produit\/serie-regards-denfants\/#primaryimage"},"image":{"@id":"https:\/\/bice.org\/fr\/produit\/serie-regards-denfants\/#primaryimage"},"thumbnailUrl":"https:\/\/i0.wp.com\/bice.org\/app\/uploads\/2015\/11\/regards-enfants.jpg?fit=600%2C584&ssl=1","datePublished":"2022-11-26T15:35:24+00:00","dateModified":"2026-03-30T09:28:38+00:00","description":"Cartes de v\u0153ux, jouets, cr\u00e8ches du monde, publications du BICE, livres\u2026 faites un cadeau solidaire et soutenez nos projets pour l'enfance","breadcrumb":{"@id":"https:\/\/bice.org\/fr\/produit\/serie-regards-denfants\/#breadcrumb"},"inLanguage":"fr-FR","potentialAction":[{"@type":"ReadAction","target":["https:\/\/bice.org\/fr\/produit\/serie-regards-denfants\/"]}]},{"@type":"ImageObject","inLanguage":"fr-FR","@id":"https:\/\/bice.org\/fr\/produit\/serie-regards-denfants\/#primaryimage","url":"https:\/\/i0.wp.com\/bice.org\/app\/uploads\/2015\/11\/regards-enfants.jpg?fit=600%2C584&ssl=1","contentUrl":"https:\/\/i0.wp.com\/bice.org\/app\/uploads\/2015\/11\/regards-enfants.jpg?fit=600%2C584&ssl=1","width":600,"height":584},{"@type":"BreadcrumbList","@id":"https:\/\/bice.org\/fr\/produit\/serie-regards-denfants\/#breadcrumb","itemListElement":[{"@type":"ListItem","position":1,"name":"Accueil","item":"https:\/\/bice.org\/fr\/"},{"@type":"ListItem","position":2,"name":"Cartes et cartes de v\u0153ux","item":"https:\/\/bice.org\/fr\/categorie-produit\/cartes\/"},{"@type":"ListItem","position":3,"name":"S\u00e9rie regards d&#8217;enfants"}]},{"@type":"WebSite","@id":"https:\/\/bice.org\/fr\/#website","url":"https:\/\/bice.org\/fr\/","name":"BICE - ONG de protection des droits de l&#039;enfant","description":"Notre mission : D\u00e9fendre les droits et la dignit\u00e9 des enfants partout dans le monde","publisher":{"@id":"https:\/\/bice.org\/fr\/#organization"},"potentialAction":[{"@type":"SearchAction","target":{"@type":"EntryPoint","urlTemplate":"https:\/\/bice.org\/fr\/?s={search_term_string}"},"query-input":{"@type":"PropertyValueSpecification","valueRequired":true,"valueName":"search_term_string"}}],"inLanguage":"fr-FR"},{"@type":"Organization","@id":"https:\/\/bice.org\/fr\/#organization","name":"BICE","url":"https:\/\/bice.org\/fr\/","logo":{"@type":"ImageObject","inLanguage":"fr-FR","@id":"https:\/\/bice.org\/fr\/#\/schema\/logo\/image\/","url":"https:\/\/bice.org\/app\/uploads\/2022\/06\/favicon.ico","contentUrl":"https:\/\/bice.org\/app\/uploads\/2022\/06\/favicon.ico","width":64,"height":64,"caption":"BICE"},"image":{"@id":"https:\/\/bice.org\/fr\/#\/schema\/logo\/image\/"}}]}},"jetpack_publicize_connections":[],"jetpack_sharing_enabled":true,"_links":{"self":[{"href":"https:\/\/bice.org\/fr\/wp-json\/wp\/v2\/product\/11916","targetHints":{"allow":["GET"]}}],"collection":[{"href":"https:\/\/bice.org\/fr\/wp-json\/wp\/v2\/product"}],"about":[{"href":"https:\/\/bice.org\/fr\/wp-json\/wp\/v2\/types\/product"}],"replies":[{"embeddable":true,"href":"https:\/\/bice.org\/fr\/wp-json\/wp\/v2\/comments?post=11916"}],"wp:featuredmedia":[{"embeddable":true,"href":"https:\/\/bice.org\/fr\/wp-json\/wp\/v2\/media\/11917"}],"wp:attachment":[{"href":"https:\/\/bice.org\/fr\/wp-json\/wp\/v2\/media?parent=11916"}],"wp:term":[{"taxonomy":"product_brand","embeddable":true,"href":"https:\/\/bice.org\/fr\/wp-json\/wp\/v2\/product_brand?post=11916"},{"taxonomy":"product_cat","embeddable":true,"href":"https:\/\/bice.org\/fr\/wp-json\/wp\/v2\/product_cat?post=11916"},{"taxonomy":"product_tag","embeddable":true,"href":"https:\/\/bice.org\/fr\/wp-json\/wp\/v2\/product_tag?post=11916"}],"curies":[{"name":"wp","href":"https:\/\/api.w.org\/{rel}","templated":true}]}}