{"id":19507,"date":"2016-10-17T12:51:58","date_gmt":"2016-10-17T12:51:58","guid":{"rendered":"https:\/\/bice.org\/fr\/?post_type=product&#038;p=19507"},"modified":"2017-11-08T09:57:55","modified_gmt":"2017-11-08T09:57:55","slug":"meli","status":"publish","type":"product","link":"https:\/\/bice.org\/fr\/produit\/meli\/","title":{"rendered":"S\u00e9rie m\u00e9li-m\u00e9lo"},"content":{"rendered":"<p>Des cartes pour tous et toute l&#8217;ann\u00e9e !<br \/>\nToutes les cartes de v\u0153ux sont issues des s\u00e9lections du BICE : Nuit de No\u00ebl, Nativit\u00e9, V\u0153ux en fleurs, \u00a0Mamans du monde et Enfances.<\/p>\n<p><strong>Format 11 x 15 cm<\/strong><\/p>\n<p><em>Les visuels ci-contre sont pr\u00e9sent\u00e9s \u00e0 titre indicatif<\/em><\/p>\n","protected":false},"excerpt":{"rendered":"<p>Lot de 10 cartes doubles (diff\u00e9rentes) avec enveloppes<\/p>\n","protected":false},"featured_media":19508,"comment_status":"closed","ping_status":"closed","template":"","meta":{"_acf_changed":false,"jetpack_publicize_message":"","jetpack_publicize_feature_enabled":true,"jetpack_social_post_already_shared":false,"jetpack_social_options":{"image_generator_settings":{"template":"highway","default_image_id":0,"font":"","enabled":false},"version":2}},"product_brand":[],"product_cat":[434],"product_tag":[518],"class_list":{"0":"post-19507","1":"product","2":"type-product","3":"status-publish","4":"has-post-thumbnail","6":"product_cat-cartes","7":"product_tag-nouveaute","9":"first","10":"outofstock","11":"shipping-taxable","12":"purchasable","13":"product-type-simple"},"acf":[],"yoast_head":"<!-- This site is optimized with the Yoast SEO plugin v27.2 - https:\/\/yoast.com\/product\/yoast-seo-wordpress\/ -->\n<title>S\u00e9rie M\u00e9li M\u00e9lo - Boutique en ligne - Carte de voeux<\/title>\n<meta name=\"description\" content=\"Au travers de notre s\u00e9rie M\u00e9li M\u00e9lo, retrouvez notre s\u00e9lection de 10 cartes doubles diff\u00e9rentes, avec enveloppes, issus des s\u00e9lections du BICE.\" \/>\n<meta name=\"robots\" content=\"index, follow, max-snippet:-1, max-image-preview:large, max-video-preview:-1\" \/>\n<link rel=\"canonical\" href=\"https:\/\/bice.org\/fr\/wp-json\/wp\/v2\/product\/19507\" \/>\n<meta property=\"og:locale\" content=\"fr_FR\" \/>\n<meta property=\"og:type\" content=\"article\" \/>\n<meta property=\"og:title\" content=\"S\u00e9rie M\u00e9li M\u00e9lo - Boutique en ligne - Carte de voeux\" \/>\n<meta property=\"og:description\" content=\"Au travers de notre s\u00e9rie M\u00e9li M\u00e9lo, retrouvez notre s\u00e9lection de 10 cartes doubles diff\u00e9rentes, avec enveloppes, issus des s\u00e9lections du BICE.\" \/>\n<meta property=\"og:url\" content=\"https:\/\/bice.org\/fr\/produit\/meli\/\" \/>\n<meta property=\"og:site_name\" content=\"BICE - ONG de protection des droits de l&#039;enfant\" \/>\n<meta property=\"article:modified_time\" content=\"2017-11-08T09:57:55+00:00\" \/>\n<meta property=\"og:image\" content=\"https:\/\/i0.wp.com\/bice.org\/app\/uploads\/2016\/10\/Visu-meli-melo.jpg?fit=600%2C584&ssl=1\" \/>\n\t<meta property=\"og:image:width\" content=\"600\" \/>\n\t<meta property=\"og:image:height\" content=\"584\" \/>\n\t<meta property=\"og:image:type\" content=\"image\/jpeg\" \/>\n<meta name=\"twitter:card\" content=\"summary_large_image\" \/>\n<!-- \/ Yoast SEO plugin. -->","yoast_head_json":{"title":"S\u00e9rie M\u00e9li M\u00e9lo - Boutique en ligne - Carte de voeux","description":"Au travers de notre s\u00e9rie M\u00e9li M\u00e9lo, retrouvez notre s\u00e9lection de 10 cartes doubles diff\u00e9rentes, avec enveloppes, issus des s\u00e9lections du BICE.","robots":{"index":"index","follow":"follow","max-snippet":"max-snippet:-1","max-image-preview":"max-image-preview:large","max-video-preview":"max-video-preview:-1"},"canonical":"https:\/\/bice.org\/fr\/wp-json\/wp\/v2\/product\/19507","og_locale":"fr_FR","og_type":"article","og_title":"S\u00e9rie M\u00e9li M\u00e9lo - Boutique en ligne - Carte de voeux","og_description":"Au travers de notre s\u00e9rie M\u00e9li M\u00e9lo, retrouvez notre s\u00e9lection de 10 cartes doubles diff\u00e9rentes, avec enveloppes, issus des s\u00e9lections du BICE.","og_url":"https:\/\/bice.org\/fr\/produit\/meli\/","og_site_name":"BICE - ONG de protection des droits de l&#039;enfant","article_modified_time":"2017-11-08T09:57:55+00:00","og_image":[{"width":600,"height":584,"url":"https:\/\/i0.wp.com\/bice.org\/app\/uploads\/2016\/10\/Visu-meli-melo.jpg?fit=600%2C584&ssl=1","type":"image\/jpeg"}],"twitter_card":"summary_large_image","schema":{"@context":"https:\/\/schema.org","@graph":[{"@type":"WebPage","@id":"https:\/\/bice.org\/fr\/produit\/meli\/","url":"https:\/\/bice.org\/fr\/produit\/meli\/","name":"S\u00e9rie M\u00e9li M\u00e9lo - Boutique en ligne - Carte de voeux","isPartOf":{"@id":"https:\/\/bice.org\/fr\/#website"},"primaryImageOfPage":{"@id":"https:\/\/bice.org\/fr\/produit\/meli\/#primaryimage"},"image":{"@id":"https:\/\/bice.org\/fr\/produit\/meli\/#primaryimage"},"thumbnailUrl":"https:\/\/i0.wp.com\/bice.org\/app\/uploads\/2016\/10\/Visu-meli-melo.jpg?fit=600%2C584&ssl=1","datePublished":"2016-10-17T12:51:58+00:00","dateModified":"2017-11-08T09:57:55+00:00","description":"Au travers de notre s\u00e9rie M\u00e9li M\u00e9lo, retrouvez notre s\u00e9lection de 10 cartes doubles diff\u00e9rentes, avec enveloppes, issus des s\u00e9lections du BICE.","breadcrumb":{"@id":"https:\/\/bice.org\/fr\/produit\/meli\/#breadcrumb"},"inLanguage":"fr-FR","potentialAction":[{"@type":"ReadAction","target":["https:\/\/bice.org\/fr\/produit\/meli\/"]}]},{"@type":"ImageObject","inLanguage":"fr-FR","@id":"https:\/\/bice.org\/fr\/produit\/meli\/#primaryimage","url":"https:\/\/i0.wp.com\/bice.org\/app\/uploads\/2016\/10\/Visu-meli-melo.jpg?fit=600%2C584&ssl=1","contentUrl":"https:\/\/i0.wp.com\/bice.org\/app\/uploads\/2016\/10\/Visu-meli-melo.jpg?fit=600%2C584&ssl=1","width":600,"height":584},{"@type":"BreadcrumbList","@id":"https:\/\/bice.org\/fr\/produit\/meli\/#breadcrumb","itemListElement":[{"@type":"ListItem","position":1,"name":"Accueil","item":"https:\/\/bice.org\/fr\/"},{"@type":"ListItem","position":2,"name":"Cartes et cartes de v\u0153ux","item":"https:\/\/bice.org\/fr\/categorie-produit\/cartes\/"},{"@type":"ListItem","position":3,"name":"S\u00e9rie m\u00e9li-m\u00e9lo"}]},{"@type":"WebSite","@id":"https:\/\/bice.org\/fr\/#website","url":"https:\/\/bice.org\/fr\/","name":"BICE - ONG de protection des droits de l&#039;enfant","description":"Notre mission : D\u00e9fendre les droits et la dignit\u00e9 des enfants partout dans le monde","publisher":{"@id":"https:\/\/bice.org\/fr\/#organization"},"potentialAction":[{"@type":"SearchAction","target":{"@type":"EntryPoint","urlTemplate":"https:\/\/bice.org\/fr\/?s={search_term_string}"},"query-input":{"@type":"PropertyValueSpecification","valueRequired":true,"valueName":"search_term_string"}}],"inLanguage":"fr-FR"},{"@type":"Organization","@id":"https:\/\/bice.org\/fr\/#organization","name":"BICE","url":"https:\/\/bice.org\/fr\/","logo":{"@type":"ImageObject","inLanguage":"fr-FR","@id":"https:\/\/bice.org\/fr\/#\/schema\/logo\/image\/","url":"https:\/\/bice.org\/app\/uploads\/2022\/06\/favicon.ico","contentUrl":"https:\/\/bice.org\/app\/uploads\/2022\/06\/favicon.ico","width":64,"height":64,"caption":"BICE"},"image":{"@id":"https:\/\/bice.org\/fr\/#\/schema\/logo\/image\/"}}]}},"jetpack_publicize_connections":[],"jetpack_sharing_enabled":true,"_links":{"self":[{"href":"https:\/\/bice.org\/fr\/wp-json\/wp\/v2\/product\/19507","targetHints":{"allow":["GET"]}}],"collection":[{"href":"https:\/\/bice.org\/fr\/wp-json\/wp\/v2\/product"}],"about":[{"href":"https:\/\/bice.org\/fr\/wp-json\/wp\/v2\/types\/product"}],"replies":[{"embeddable":true,"href":"https:\/\/bice.org\/fr\/wp-json\/wp\/v2\/comments?post=19507"}],"wp:featuredmedia":[{"embeddable":true,"href":"https:\/\/bice.org\/fr\/wp-json\/wp\/v2\/media\/19508"}],"wp:attachment":[{"href":"https:\/\/bice.org\/fr\/wp-json\/wp\/v2\/media?parent=19507"}],"wp:term":[{"taxonomy":"product_brand","embeddable":true,"href":"https:\/\/bice.org\/fr\/wp-json\/wp\/v2\/product_brand?post=19507"},{"taxonomy":"product_cat","embeddable":true,"href":"https:\/\/bice.org\/fr\/wp-json\/wp\/v2\/product_cat?post=19507"},{"taxonomy":"product_tag","embeddable":true,"href":"https:\/\/bice.org\/fr\/wp-json\/wp\/v2\/product_tag?post=19507"}],"curies":[{"name":"wp","href":"https:\/\/api.w.org\/{rel}","templated":true}]}}