{"id":29749,"date":"2017-11-08T11:27:37","date_gmt":"2017-11-08T11:27:37","guid":{"rendered":"https:\/\/bice.org\/?post_type=product&#038;p=29749\/"},"modified":"2018-01-11T13:27:30","modified_gmt":"2018-01-11T13:27:30","slug":"tous-les-noels-du-monde","status":"publish","type":"product","link":"https:\/\/bice.org\/fr\/produit\/tous-les-noels-du-monde\/","title":{"rendered":"Tous les No\u00ebls du monde"},"content":{"rendered":"<p style=\"text-align: justify;\">Comment f\u00eate-t-on No\u00ebl \u00e0 l&#8217;autre bout du monde ? Ce livre pr\u00e9sente No\u00ebl sur tous les continents \u00e0 travers de magnifiques illustrations : si tu f\u00eatais No\u00ebl en Russie, c\u2019est la petite f\u00e9e des neiges et le p\u00e8re Gel qui t\u2019apporteraient tes cadeaux. Si tu f\u00eatais No\u00ebl en Australie, tu verrais peut-\u00eatre le p\u00e8re No\u00ebl passer en surf. Aux Philippines, \u00e0 No\u00ebl, les maisons sont d\u00e9cor\u00e9es avec des lanternes de nacre en forme d&#8217;\u00e9toile. Au Bangladesh, on illumine les bananiers avec des bougies. Au Mexique, les enfants cassent joyeusement des pi\u00f1atas remplies de confettis et de bonbons, alors qu&#8217;en Finlande ils glissent sur des sculptures de glace !<\/p>\n<p style=\"text-align: justify;\">Un magnifique album pour d\u00e9couvrir les ambiances et les traditions de No\u00ebl partout dans le monde. Une balade exotique, accompagn\u00e9e par un enfant de chaque pays.<\/p>\n<p style=\"text-align: justify;\"><strong>40 pages. Format 285 x 290 mm<\/strong><\/p>\n","protected":false},"excerpt":{"rendered":"<p>A partir de 5 ans. Parution 2014, Milan<\/p>\n","protected":false},"featured_media":29754,"comment_status":"closed","ping_status":"closed","template":"","meta":{"_acf_changed":false,"jetpack_publicize_message":"","jetpack_publicize_feature_enabled":true,"jetpack_social_post_already_shared":false,"jetpack_social_options":{"image_generator_settings":{"template":"highway","default_image_id":0,"font":"","enabled":false},"version":2}},"product_brand":[],"product_cat":[1487],"product_tag":[518],"class_list":{"0":"post-29749","1":"product","2":"type-product","3":"status-publish","4":"has-post-thumbnail","6":"product_cat-livres-et-dvd","7":"product_tag-nouveaute","9":"first","10":"outofstock","11":"shipping-taxable","12":"purchasable","13":"product-type-simple"},"acf":[],"yoast_head":"<!-- This site is optimized with the Yoast SEO plugin v27.2 - https:\/\/yoast.com\/product\/yoast-seo-wordpress\/ -->\n<title>Tous les No\u00ebls du monde - Boutique en ligne du BICE<\/title>\n<meta name=\"description\" content=\"Tous les No\u00ebls du monde : un livre de 40 pages pour d\u00e9couvrir les ambiances et traditions de No\u00ebl partout dans le monde. A partir de 5 ans.\" \/>\n<meta name=\"robots\" content=\"index, follow, max-snippet:-1, max-image-preview:large, max-video-preview:-1\" \/>\n<link rel=\"canonical\" href=\"https:\/\/bice.org\/fr\/wp-json\/wp\/v2\/product\/29749\" \/>\n<meta property=\"og:locale\" content=\"fr_FR\" \/>\n<meta property=\"og:type\" content=\"article\" \/>\n<meta property=\"og:title\" content=\"Tous les No\u00ebls du monde - Boutique en ligne du BICE\" \/>\n<meta property=\"og:description\" content=\"Tous les No\u00ebls du monde : un livre de 40 pages pour d\u00e9couvrir les ambiances et traditions de No\u00ebl partout dans le monde. A partir de 5 ans.\" \/>\n<meta property=\"og:url\" content=\"https:\/\/bice.org\/fr\/produit\/tous-les-noels-du-monde\/\" \/>\n<meta property=\"og:site_name\" content=\"BICE - ONG de protection des droits de l&#039;enfant\" \/>\n<meta property=\"article:modified_time\" content=\"2018-01-11T13:27:30+00:00\" \/>\n<meta property=\"og:image\" content=\"https:\/\/i0.wp.com\/bice.org\/app\/uploads\/2017\/11\/LIVNM17W-Tous-les-noels-du-monde.jpg?fit=322%2C367&ssl=1\" \/>\n\t<meta property=\"og:image:width\" content=\"322\" \/>\n\t<meta property=\"og:image:height\" content=\"367\" \/>\n\t<meta property=\"og:image:type\" content=\"image\/jpeg\" \/>\n<meta name=\"twitter:card\" content=\"summary_large_image\" \/>\n<meta name=\"twitter:label1\" content=\"Dur\u00e9e de lecture estim\u00e9e\" \/>\n\t<meta name=\"twitter:data1\" content=\"1 minute\" \/>\n<!-- \/ Yoast SEO plugin. -->","yoast_head_json":{"title":"Tous les No\u00ebls du monde - Boutique en ligne du BICE","description":"Tous les No\u00ebls du monde : un livre de 40 pages pour d\u00e9couvrir les ambiances et traditions de No\u00ebl partout dans le monde. A partir de 5 ans.","robots":{"index":"index","follow":"follow","max-snippet":"max-snippet:-1","max-image-preview":"max-image-preview:large","max-video-preview":"max-video-preview:-1"},"canonical":"https:\/\/bice.org\/fr\/wp-json\/wp\/v2\/product\/29749","og_locale":"fr_FR","og_type":"article","og_title":"Tous les No\u00ebls du monde - Boutique en ligne du BICE","og_description":"Tous les No\u00ebls du monde : un livre de 40 pages pour d\u00e9couvrir les ambiances et traditions de No\u00ebl partout dans le monde. A partir de 5 ans.","og_url":"https:\/\/bice.org\/fr\/produit\/tous-les-noels-du-monde\/","og_site_name":"BICE - ONG de protection des droits de l&#039;enfant","article_modified_time":"2018-01-11T13:27:30+00:00","og_image":[{"width":322,"height":367,"url":"https:\/\/i0.wp.com\/bice.org\/app\/uploads\/2017\/11\/LIVNM17W-Tous-les-noels-du-monde.jpg?fit=322%2C367&ssl=1","type":"image\/jpeg"}],"twitter_card":"summary_large_image","twitter_misc":{"Dur\u00e9e de lecture estim\u00e9e":"1 minute"},"schema":{"@context":"https:\/\/schema.org","@graph":[{"@type":"WebPage","@id":"https:\/\/bice.org\/fr\/produit\/tous-les-noels-du-monde\/","url":"https:\/\/bice.org\/fr\/produit\/tous-les-noels-du-monde\/","name":"Tous les No\u00ebls du monde - Boutique en ligne du BICE","isPartOf":{"@id":"https:\/\/bice.org\/fr\/#website"},"primaryImageOfPage":{"@id":"https:\/\/bice.org\/fr\/produit\/tous-les-noels-du-monde\/#primaryimage"},"image":{"@id":"https:\/\/bice.org\/fr\/produit\/tous-les-noels-du-monde\/#primaryimage"},"thumbnailUrl":"https:\/\/i0.wp.com\/bice.org\/app\/uploads\/2017\/11\/LIVNM17W-Tous-les-noels-du-monde.jpg?fit=322%2C367&ssl=1","datePublished":"2017-11-08T11:27:37+00:00","dateModified":"2018-01-11T13:27:30+00:00","description":"Tous les No\u00ebls du monde : un livre de 40 pages pour d\u00e9couvrir les ambiances et traditions de No\u00ebl partout dans le monde. A partir de 5 ans.","breadcrumb":{"@id":"https:\/\/bice.org\/fr\/produit\/tous-les-noels-du-monde\/#breadcrumb"},"inLanguage":"fr-FR","potentialAction":[{"@type":"ReadAction","target":["https:\/\/bice.org\/fr\/produit\/tous-les-noels-du-monde\/"]}]},{"@type":"ImageObject","inLanguage":"fr-FR","@id":"https:\/\/bice.org\/fr\/produit\/tous-les-noels-du-monde\/#primaryimage","url":"https:\/\/i0.wp.com\/bice.org\/app\/uploads\/2017\/11\/LIVNM17W-Tous-les-noels-du-monde.jpg?fit=322%2C367&ssl=1","contentUrl":"https:\/\/i0.wp.com\/bice.org\/app\/uploads\/2017\/11\/LIVNM17W-Tous-les-noels-du-monde.jpg?fit=322%2C367&ssl=1","width":322,"height":367},{"@type":"BreadcrumbList","@id":"https:\/\/bice.org\/fr\/produit\/tous-les-noels-du-monde\/#breadcrumb","itemListElement":[{"@type":"ListItem","position":1,"name":"Accueil","item":"https:\/\/bice.org\/fr\/"},{"@type":"ListItem","position":2,"name":"Livres et DVD","item":"https:\/\/bice.org\/fr\/categorie-produit\/livres-et-dvd\/"},{"@type":"ListItem","position":3,"name":"Tous les No\u00ebls du monde"}]},{"@type":"WebSite","@id":"https:\/\/bice.org\/fr\/#website","url":"https:\/\/bice.org\/fr\/","name":"BICE - ONG de protection des droits de l&#039;enfant","description":"Notre mission : D\u00e9fendre les droits et la dignit\u00e9 des enfants partout dans le monde","publisher":{"@id":"https:\/\/bice.org\/fr\/#organization"},"potentialAction":[{"@type":"SearchAction","target":{"@type":"EntryPoint","urlTemplate":"https:\/\/bice.org\/fr\/?s={search_term_string}"},"query-input":{"@type":"PropertyValueSpecification","valueRequired":true,"valueName":"search_term_string"}}],"inLanguage":"fr-FR"},{"@type":"Organization","@id":"https:\/\/bice.org\/fr\/#organization","name":"BICE","url":"https:\/\/bice.org\/fr\/","logo":{"@type":"ImageObject","inLanguage":"fr-FR","@id":"https:\/\/bice.org\/fr\/#\/schema\/logo\/image\/","url":"https:\/\/bice.org\/app\/uploads\/2022\/06\/favicon.ico","contentUrl":"https:\/\/bice.org\/app\/uploads\/2022\/06\/favicon.ico","width":64,"height":64,"caption":"BICE"},"image":{"@id":"https:\/\/bice.org\/fr\/#\/schema\/logo\/image\/"}}]}},"jetpack_publicize_connections":[],"jetpack_sharing_enabled":true,"_links":{"self":[{"href":"https:\/\/bice.org\/fr\/wp-json\/wp\/v2\/product\/29749","targetHints":{"allow":["GET"]}}],"collection":[{"href":"https:\/\/bice.org\/fr\/wp-json\/wp\/v2\/product"}],"about":[{"href":"https:\/\/bice.org\/fr\/wp-json\/wp\/v2\/types\/product"}],"replies":[{"embeddable":true,"href":"https:\/\/bice.org\/fr\/wp-json\/wp\/v2\/comments?post=29749"}],"wp:featuredmedia":[{"embeddable":true,"href":"https:\/\/bice.org\/fr\/wp-json\/wp\/v2\/media\/29754"}],"wp:attachment":[{"href":"https:\/\/bice.org\/fr\/wp-json\/wp\/v2\/media?parent=29749"}],"wp:term":[{"taxonomy":"product_brand","embeddable":true,"href":"https:\/\/bice.org\/fr\/wp-json\/wp\/v2\/product_brand?post=29749"},{"taxonomy":"product_cat","embeddable":true,"href":"https:\/\/bice.org\/fr\/wp-json\/wp\/v2\/product_cat?post=29749"},{"taxonomy":"product_tag","embeddable":true,"href":"https:\/\/bice.org\/fr\/wp-json\/wp\/v2\/product_tag?post=29749"}],"curies":[{"name":"wp","href":"https:\/\/api.w.org\/{rel}","templated":true}]}}