{"id":29762,"date":"2017-11-08T13:45:26","date_gmt":"2017-11-08T13:45:26","guid":{"rendered":"https:\/\/bice.org\/?post_type=product&#038;p=29762\/"},"modified":"2018-01-11T13:24:02","modified_gmt":"2018-01-11T13:24:02","slug":"et-les-mistrals-gagnants","status":"publish","type":"product","link":"https:\/\/bice.org\/fr\/produit\/et-les-mistrals-gagnants\/","title":{"rendered":"Et les mistrals gagnants"},"content":{"rendered":"<p style=\"text-align: justify;\">Ambre, Camille, Charles, Imad et Tugdual ont entre 6 et 9 ans. Ils vivent dans l\u2019instant. Avec humour et surtout avec l\u2019\u00e9nergie optimiste de l\u2019enfance, ils nous prennent par la main, nous entra\u00eenent dans leur monde : celui de l\u2019h\u00f4pital o\u00f9 ils soignent des maladies tr\u00e8s lourdes.<\/p>\n<p style=\"text-align: justify;\">Avec beaucoup de s\u00e9r\u00e9nit\u00e9 et d\u2019amour, ces cinq petits bouts d\u2019chou nous montrent le chemin de la r\u00e9silience.<\/p>\n<p style=\"text-align: justify;\"><strong> Un film \u00e0 hauteur d\u2019enfant, sur le courage, l\u2019espoir\u2026 la vie tout simplement.<\/strong><\/p>\n<p style=\"text-align: justify;\"><strong><span style=\"color: #00559f;\"><em>Ce film est pr\u00e9sent\u00e9 au Festival <a href=\"http:\/\/enfancesdanslemonde.com\/films\/\" target=\"_blank\">Enfances dans le monde 2017<\/a>.<\/em><\/span><\/strong><\/p>\n<ul>\n<li style=\"text-align: justify;\">Dur\u00e9e : 69 minutes<\/li>\n<li style=\"text-align: justify;\">Genre : documentaire<\/li>\n<li style=\"text-align: justify;\">R\u00e9alisation : Anne-Dauphine Julliand<\/li>\n<li style=\"text-align: justify;\">Distribution : Nour Film<\/li>\n<\/ul>\n","protected":false},"excerpt":{"rendered":"<p>DVD du film documentaire &#8220;Et les mistrals gagnants&#8221;.<\/p>\n","protected":false},"featured_media":29763,"comment_status":"closed","ping_status":"closed","template":"","meta":{"_acf_changed":false,"jetpack_publicize_message":"","jetpack_publicize_feature_enabled":true,"jetpack_social_post_already_shared":false,"jetpack_social_options":{"image_generator_settings":{"template":"highway","default_image_id":0,"font":"","enabled":false},"version":2}},"product_brand":[],"product_cat":[1487],"product_tag":[],"class_list":{"0":"post-29762","1":"product","2":"type-product","3":"status-publish","4":"has-post-thumbnail","6":"product_cat-livres-et-dvd","8":"first","9":"outofstock","10":"shipping-taxable","11":"purchasable","12":"product-type-simple"},"acf":[],"yoast_head":"<!-- This site is optimized with the Yoast SEO plugin v27.2 - https:\/\/yoast.com\/product\/yoast-seo-wordpress\/ -->\n<title>Et les mistrals gagnants DVD - Boutique en ligne du BICE<\/title>\n<meta name=\"description\" content=\"Et les mistrals gagnants : retrouvez le DVD de ce film documentaire, qui a \u00e9t\u00e9 pr\u00e9sent\u00e9 au festival Enfances dans le monde 2017.\" \/>\n<meta name=\"robots\" content=\"index, follow, max-snippet:-1, max-image-preview:large, max-video-preview:-1\" \/>\n<link rel=\"canonical\" href=\"https:\/\/bice.org\/fr\/wp-json\/wp\/v2\/product\/29762\" \/>\n<meta property=\"og:locale\" content=\"fr_FR\" \/>\n<meta property=\"og:type\" content=\"article\" \/>\n<meta property=\"og:title\" content=\"Et les mistrals gagnants DVD - Boutique en ligne du BICE\" \/>\n<meta property=\"og:description\" content=\"Et les mistrals gagnants : retrouvez le DVD de ce film documentaire, qui a \u00e9t\u00e9 pr\u00e9sent\u00e9 au festival Enfances dans le monde 2017.\" \/>\n<meta property=\"og:url\" content=\"https:\/\/bice.org\/fr\/produit\/et-les-mistrals-gagnants\/\" \/>\n<meta property=\"og:site_name\" content=\"BICE - ONG de protection des droits de l&#039;enfant\" \/>\n<meta property=\"article:modified_time\" content=\"2018-01-11T13:24:02+00:00\" \/>\n<meta property=\"og:image\" content=\"https:\/\/i0.wp.com\/bice.org\/app\/uploads\/2017\/11\/DVD17W-Mistrals-gagnants.jpg?fit=224%2C367&ssl=1\" \/>\n\t<meta property=\"og:image:width\" content=\"224\" \/>\n\t<meta property=\"og:image:height\" content=\"367\" \/>\n\t<meta property=\"og:image:type\" content=\"image\/jpeg\" \/>\n<meta name=\"twitter:card\" content=\"summary_large_image\" \/>\n<meta name=\"twitter:label1\" content=\"Dur\u00e9e de lecture estim\u00e9e\" \/>\n\t<meta name=\"twitter:data1\" content=\"1 minute\" \/>\n<!-- \/ Yoast SEO plugin. -->","yoast_head_json":{"title":"Et les mistrals gagnants DVD - Boutique en ligne du BICE","description":"Et les mistrals gagnants : retrouvez le DVD de ce film documentaire, qui a \u00e9t\u00e9 pr\u00e9sent\u00e9 au festival Enfances dans le monde 2017.","robots":{"index":"index","follow":"follow","max-snippet":"max-snippet:-1","max-image-preview":"max-image-preview:large","max-video-preview":"max-video-preview:-1"},"canonical":"https:\/\/bice.org\/fr\/wp-json\/wp\/v2\/product\/29762","og_locale":"fr_FR","og_type":"article","og_title":"Et les mistrals gagnants DVD - Boutique en ligne du BICE","og_description":"Et les mistrals gagnants : retrouvez le DVD de ce film documentaire, qui a \u00e9t\u00e9 pr\u00e9sent\u00e9 au festival Enfances dans le monde 2017.","og_url":"https:\/\/bice.org\/fr\/produit\/et-les-mistrals-gagnants\/","og_site_name":"BICE - ONG de protection des droits de l&#039;enfant","article_modified_time":"2018-01-11T13:24:02+00:00","og_image":[{"width":224,"height":367,"url":"https:\/\/i0.wp.com\/bice.org\/app\/uploads\/2017\/11\/DVD17W-Mistrals-gagnants.jpg?fit=224%2C367&ssl=1","type":"image\/jpeg"}],"twitter_card":"summary_large_image","twitter_misc":{"Dur\u00e9e de lecture estim\u00e9e":"1 minute"},"schema":{"@context":"https:\/\/schema.org","@graph":[{"@type":"WebPage","@id":"https:\/\/bice.org\/fr\/produit\/et-les-mistrals-gagnants\/","url":"https:\/\/bice.org\/fr\/produit\/et-les-mistrals-gagnants\/","name":"Et les mistrals gagnants DVD - Boutique en ligne du BICE","isPartOf":{"@id":"https:\/\/bice.org\/fr\/#website"},"primaryImageOfPage":{"@id":"https:\/\/bice.org\/fr\/produit\/et-les-mistrals-gagnants\/#primaryimage"},"image":{"@id":"https:\/\/bice.org\/fr\/produit\/et-les-mistrals-gagnants\/#primaryimage"},"thumbnailUrl":"https:\/\/i0.wp.com\/bice.org\/app\/uploads\/2017\/11\/DVD17W-Mistrals-gagnants.jpg?fit=224%2C367&ssl=1","datePublished":"2017-11-08T13:45:26+00:00","dateModified":"2018-01-11T13:24:02+00:00","description":"Et les mistrals gagnants : retrouvez le DVD de ce film documentaire, qui a \u00e9t\u00e9 pr\u00e9sent\u00e9 au festival Enfances dans le monde 2017.","breadcrumb":{"@id":"https:\/\/bice.org\/fr\/produit\/et-les-mistrals-gagnants\/#breadcrumb"},"inLanguage":"fr-FR","potentialAction":[{"@type":"ReadAction","target":["https:\/\/bice.org\/fr\/produit\/et-les-mistrals-gagnants\/"]}]},{"@type":"ImageObject","inLanguage":"fr-FR","@id":"https:\/\/bice.org\/fr\/produit\/et-les-mistrals-gagnants\/#primaryimage","url":"https:\/\/i0.wp.com\/bice.org\/app\/uploads\/2017\/11\/DVD17W-Mistrals-gagnants.jpg?fit=224%2C367&ssl=1","contentUrl":"https:\/\/i0.wp.com\/bice.org\/app\/uploads\/2017\/11\/DVD17W-Mistrals-gagnants.jpg?fit=224%2C367&ssl=1","width":224,"height":367},{"@type":"BreadcrumbList","@id":"https:\/\/bice.org\/fr\/produit\/et-les-mistrals-gagnants\/#breadcrumb","itemListElement":[{"@type":"ListItem","position":1,"name":"Accueil","item":"https:\/\/bice.org\/fr\/"},{"@type":"ListItem","position":2,"name":"Livres et DVD","item":"https:\/\/bice.org\/fr\/categorie-produit\/livres-et-dvd\/"},{"@type":"ListItem","position":3,"name":"Et les mistrals gagnants"}]},{"@type":"WebSite","@id":"https:\/\/bice.org\/fr\/#website","url":"https:\/\/bice.org\/fr\/","name":"BICE - ONG de protection des droits de l&#039;enfant","description":"Notre mission : D\u00e9fendre les droits et la dignit\u00e9 des enfants partout dans le monde","publisher":{"@id":"https:\/\/bice.org\/fr\/#organization"},"potentialAction":[{"@type":"SearchAction","target":{"@type":"EntryPoint","urlTemplate":"https:\/\/bice.org\/fr\/?s={search_term_string}"},"query-input":{"@type":"PropertyValueSpecification","valueRequired":true,"valueName":"search_term_string"}}],"inLanguage":"fr-FR"},{"@type":"Organization","@id":"https:\/\/bice.org\/fr\/#organization","name":"BICE","url":"https:\/\/bice.org\/fr\/","logo":{"@type":"ImageObject","inLanguage":"fr-FR","@id":"https:\/\/bice.org\/fr\/#\/schema\/logo\/image\/","url":"https:\/\/bice.org\/app\/uploads\/2022\/06\/favicon.ico","contentUrl":"https:\/\/bice.org\/app\/uploads\/2022\/06\/favicon.ico","width":64,"height":64,"caption":"BICE"},"image":{"@id":"https:\/\/bice.org\/fr\/#\/schema\/logo\/image\/"}}]}},"jetpack_publicize_connections":[],"jetpack_sharing_enabled":true,"_links":{"self":[{"href":"https:\/\/bice.org\/fr\/wp-json\/wp\/v2\/product\/29762","targetHints":{"allow":["GET"]}}],"collection":[{"href":"https:\/\/bice.org\/fr\/wp-json\/wp\/v2\/product"}],"about":[{"href":"https:\/\/bice.org\/fr\/wp-json\/wp\/v2\/types\/product"}],"replies":[{"embeddable":true,"href":"https:\/\/bice.org\/fr\/wp-json\/wp\/v2\/comments?post=29762"}],"wp:featuredmedia":[{"embeddable":true,"href":"https:\/\/bice.org\/fr\/wp-json\/wp\/v2\/media\/29763"}],"wp:attachment":[{"href":"https:\/\/bice.org\/fr\/wp-json\/wp\/v2\/media?parent=29762"}],"wp:term":[{"taxonomy":"product_brand","embeddable":true,"href":"https:\/\/bice.org\/fr\/wp-json\/wp\/v2\/product_brand?post=29762"},{"taxonomy":"product_cat","embeddable":true,"href":"https:\/\/bice.org\/fr\/wp-json\/wp\/v2\/product_cat?post=29762"},{"taxonomy":"product_tag","embeddable":true,"href":"https:\/\/bice.org\/fr\/wp-json\/wp\/v2\/product_tag?post=29762"}],"curies":[{"name":"wp","href":"https:\/\/api.w.org\/{rel}","templated":true}]}}