{"id":33149,"date":"2014-06-21T14:35:12","date_gmt":"2014-06-21T12:35:12","guid":{"rendered":"https:\/\/bice.org\/?post_type=product&#038;p=33149\/"},"modified":"2023-03-30T11:46:08","modified_gmt":"2023-03-30T09:46:08","slug":"la-casita","status":"publish","type":"product","link":"https:\/\/bice.org\/fr\/produit\/la-casita\/","title":{"rendered":"Vers la mise en \u0153uvre de la r\u00e9silience"},"content":{"rendered":"<p style=\"text-align: justify;\">par\u00a0 \u00a0<strong>Stefan Vanistendael<\/strong><br \/>\nDirecteur Recherche &amp; D\u00e9veloppement du BICE<\/p>\n<p style=\"text-align: justify;\">Le BICE s\u2019int\u00e9resse depuis les ann\u00e9es 90 au th\u00e8me de la r\u00e9silience, avec une question pratique constante\u00a0: comment passer de l\u2019observation de la r\u00e9silience, de l\u2019inspiration qui en r\u00e9sulte \u00e0 un soutien concret \u00e0 sa construction\u00a0? Le pr\u00e9sent cahier explore, de fa\u00e7on accessible et illustr\u00e9e, les diff\u00e9rents enjeux que pose l\u2019approche r\u00e9silience et propose un outil simple, la <em>casita<\/em>, comme une solution possible pour y r\u00e9pondre.<\/p>\n<p style=\"text-align: justify;\">\u00a0<strong>Format 15,5 x 23 cm, 92 pages<\/strong><\/p>\n<p style=\"text-align: justify;\">\n","protected":false},"excerpt":{"rendered":"<p>La casita, un outil simple pour un d\u00e9fi complexe.<\/p>\n","protected":false},"featured_media":33186,"comment_status":"closed","ping_status":"closed","template":"","meta":{"_acf_changed":false,"jetpack_publicize_message":"","jetpack_publicize_feature_enabled":true,"jetpack_social_post_already_shared":false,"jetpack_social_options":{"image_generator_settings":{"template":"highway","default_image_id":0,"font":"","enabled":false},"version":2}},"product_brand":[],"product_cat":[436],"product_tag":[518],"class_list":{"0":"post-33149","1":"product","2":"type-product","3":"status-publish","4":"has-post-thumbnail","6":"product_cat-publications-editoriales","7":"product_tag-nouveaute","9":"first","10":"instock","11":"shipping-taxable","12":"purchasable","13":"product-type-simple"},"acf":[],"yoast_head":"<!-- This site is optimized with the Yoast SEO plugin v27.2 - https:\/\/yoast.com\/product\/yoast-seo-wordpress\/ -->\n<title>La Casita - Publications \u00e9ditoriales du BICE - Boutique en ligne<\/title>\n<meta name=\"description\" content=\"Cartes de v\u0153ux, jouets, cr\u00e8ches du monde, publications du BICE\u2026 faites un cadeau solidaire et soutenez nos projets pour l&#039;enfance : nouvelle publication La Casita.\" \/>\n<meta name=\"robots\" content=\"index, follow, max-snippet:-1, max-image-preview:large, max-video-preview:-1\" \/>\n<link rel=\"canonical\" href=\"https:\/\/bice.org\/fr\/wp-json\/wp\/v2\/product\/33149\" \/>\n<meta property=\"og:locale\" content=\"fr_FR\" \/>\n<meta property=\"og:type\" content=\"article\" \/>\n<meta property=\"og:title\" content=\"La Casita - Publications \u00e9ditoriales du BICE - Boutique en ligne\" \/>\n<meta property=\"og:description\" content=\"Cartes de v\u0153ux, jouets, cr\u00e8ches du monde, publications du BICE\u2026 faites un cadeau solidaire et soutenez nos projets pour l&#039;enfance : nouvelle publication La Casita.\" \/>\n<meta property=\"og:url\" content=\"https:\/\/bice.org\/fr\/produit\/la-casita\/\" \/>\n<meta property=\"og:site_name\" content=\"BICE - ONG de protection des droits de l&#039;enfant\" \/>\n<meta property=\"article:modified_time\" content=\"2023-03-30T09:46:08+00:00\" \/>\n<meta property=\"og:image\" content=\"https:\/\/i0.wp.com\/bice.org\/app\/uploads\/2018\/06\/La-Casita-2.jpg?fit=260%2C367&ssl=1\" \/>\n\t<meta property=\"og:image:width\" content=\"260\" \/>\n\t<meta property=\"og:image:height\" content=\"367\" \/>\n\t<meta property=\"og:image:type\" content=\"image\/jpeg\" \/>\n<meta name=\"twitter:card\" content=\"summary_large_image\" \/>\n<meta name=\"twitter:label1\" content=\"Dur\u00e9e de lecture estim\u00e9e\" \/>\n\t<meta name=\"twitter:data1\" content=\"1 minute\" \/>\n<!-- \/ Yoast SEO plugin. -->","yoast_head_json":{"title":"La Casita - Publications \u00e9ditoriales du BICE - Boutique en ligne","description":"Cartes de v\u0153ux, jouets, cr\u00e8ches du monde, publications du BICE\u2026 faites un cadeau solidaire et soutenez nos projets pour l'enfance : nouvelle publication La Casita.","robots":{"index":"index","follow":"follow","max-snippet":"max-snippet:-1","max-image-preview":"max-image-preview:large","max-video-preview":"max-video-preview:-1"},"canonical":"https:\/\/bice.org\/fr\/wp-json\/wp\/v2\/product\/33149","og_locale":"fr_FR","og_type":"article","og_title":"La Casita - Publications \u00e9ditoriales du BICE - Boutique en ligne","og_description":"Cartes de v\u0153ux, jouets, cr\u00e8ches du monde, publications du BICE\u2026 faites un cadeau solidaire et soutenez nos projets pour l'enfance : nouvelle publication La Casita.","og_url":"https:\/\/bice.org\/fr\/produit\/la-casita\/","og_site_name":"BICE - ONG de protection des droits de l&#039;enfant","article_modified_time":"2023-03-30T09:46:08+00:00","og_image":[{"width":260,"height":367,"url":"https:\/\/i0.wp.com\/bice.org\/app\/uploads\/2018\/06\/La-Casita-2.jpg?fit=260%2C367&ssl=1","type":"image\/jpeg"}],"twitter_card":"summary_large_image","twitter_misc":{"Dur\u00e9e de lecture estim\u00e9e":"1 minute"},"schema":{"@context":"https:\/\/schema.org","@graph":[{"@type":"WebPage","@id":"https:\/\/bice.org\/fr\/produit\/la-casita\/","url":"https:\/\/bice.org\/fr\/produit\/la-casita\/","name":"La Casita - Publications \u00e9ditoriales du BICE - Boutique en ligne","isPartOf":{"@id":"https:\/\/bice.org\/fr\/#website"},"primaryImageOfPage":{"@id":"https:\/\/bice.org\/fr\/produit\/la-casita\/#primaryimage"},"image":{"@id":"https:\/\/bice.org\/fr\/produit\/la-casita\/#primaryimage"},"thumbnailUrl":"https:\/\/i0.wp.com\/bice.org\/app\/uploads\/2018\/06\/La-Casita-2.jpg?fit=260%2C367&ssl=1","datePublished":"2014-06-21T12:35:12+00:00","dateModified":"2023-03-30T09:46:08+00:00","description":"Cartes de v\u0153ux, jouets, cr\u00e8ches du monde, publications du BICE\u2026 faites un cadeau solidaire et soutenez nos projets pour l'enfance : nouvelle publication La Casita.","breadcrumb":{"@id":"https:\/\/bice.org\/fr\/produit\/la-casita\/#breadcrumb"},"inLanguage":"fr-FR","potentialAction":[{"@type":"ReadAction","target":["https:\/\/bice.org\/fr\/produit\/la-casita\/"]}]},{"@type":"ImageObject","inLanguage":"fr-FR","@id":"https:\/\/bice.org\/fr\/produit\/la-casita\/#primaryimage","url":"https:\/\/i0.wp.com\/bice.org\/app\/uploads\/2018\/06\/La-Casita-2.jpg?fit=260%2C367&ssl=1","contentUrl":"https:\/\/i0.wp.com\/bice.org\/app\/uploads\/2018\/06\/La-Casita-2.jpg?fit=260%2C367&ssl=1","width":260,"height":367},{"@type":"BreadcrumbList","@id":"https:\/\/bice.org\/fr\/produit\/la-casita\/#breadcrumb","itemListElement":[{"@type":"ListItem","position":1,"name":"Accueil","item":"https:\/\/bice.org\/fr\/"},{"@type":"ListItem","position":2,"name":"Publications \u00e9ditoriales","item":"https:\/\/bice.org\/fr\/categorie-produit\/publications-editoriales\/"},{"@type":"ListItem","position":3,"name":"Vers la mise en \u0153uvre de la r\u00e9silience"}]},{"@type":"WebSite","@id":"https:\/\/bice.org\/fr\/#website","url":"https:\/\/bice.org\/fr\/","name":"BICE - ONG de protection des droits de l&#039;enfant","description":"Notre mission : D\u00e9fendre les droits et la dignit\u00e9 des enfants partout dans le monde","publisher":{"@id":"https:\/\/bice.org\/fr\/#organization"},"potentialAction":[{"@type":"SearchAction","target":{"@type":"EntryPoint","urlTemplate":"https:\/\/bice.org\/fr\/?s={search_term_string}"},"query-input":{"@type":"PropertyValueSpecification","valueRequired":true,"valueName":"search_term_string"}}],"inLanguage":"fr-FR"},{"@type":"Organization","@id":"https:\/\/bice.org\/fr\/#organization","name":"BICE","url":"https:\/\/bice.org\/fr\/","logo":{"@type":"ImageObject","inLanguage":"fr-FR","@id":"https:\/\/bice.org\/fr\/#\/schema\/logo\/image\/","url":"https:\/\/bice.org\/app\/uploads\/2022\/06\/favicon.ico","contentUrl":"https:\/\/bice.org\/app\/uploads\/2022\/06\/favicon.ico","width":64,"height":64,"caption":"BICE"},"image":{"@id":"https:\/\/bice.org\/fr\/#\/schema\/logo\/image\/"}}]}},"jetpack_publicize_connections":[],"jetpack_sharing_enabled":true,"_links":{"self":[{"href":"https:\/\/bice.org\/fr\/wp-json\/wp\/v2\/product\/33149","targetHints":{"allow":["GET"]}}],"collection":[{"href":"https:\/\/bice.org\/fr\/wp-json\/wp\/v2\/product"}],"about":[{"href":"https:\/\/bice.org\/fr\/wp-json\/wp\/v2\/types\/product"}],"replies":[{"embeddable":true,"href":"https:\/\/bice.org\/fr\/wp-json\/wp\/v2\/comments?post=33149"}],"wp:featuredmedia":[{"embeddable":true,"href":"https:\/\/bice.org\/fr\/wp-json\/wp\/v2\/media\/33186"}],"wp:attachment":[{"href":"https:\/\/bice.org\/fr\/wp-json\/wp\/v2\/media?parent=33149"}],"wp:term":[{"taxonomy":"product_brand","embeddable":true,"href":"https:\/\/bice.org\/fr\/wp-json\/wp\/v2\/product_brand?post=33149"},{"taxonomy":"product_cat","embeddable":true,"href":"https:\/\/bice.org\/fr\/wp-json\/wp\/v2\/product_cat?post=33149"},{"taxonomy":"product_tag","embeddable":true,"href":"https:\/\/bice.org\/fr\/wp-json\/wp\/v2\/product_tag?post=33149"}],"curies":[{"name":"wp","href":"https:\/\/api.w.org\/{rel}","templated":true}]}}